{"id":704336,"date":"2025-08-27T15:34:24","date_gmt":"2025-08-27T12:34:24","guid":{"rendered":"https:\/\/roveyayinevi.com.tr\/index.php\/urun\/manzara-i-umumiye\/"},"modified":"2026-04-16T02:13:24","modified_gmt":"2026-04-15T23:13:24","slug":"manzara-i-umumiye","status":"publish","type":"product","link":"https:\/\/roveyayinevi.com.tr\/index.php\/urun\/manzara-i-umumiye\/","title":{"rendered":"Manzara-i Umumiye"},"content":{"rendered":"<p>Akademisyen, gazeteci ve roman yazar\u0131 C\u00fcneyt \u00dclsever, 1999\u2019dan ba\u015flayarak 2015 Haziran\u0131\u2019ndaki genel se\u00e7im sonu\u00e7lar\u0131na uzan\u0131yor ve T\u00fcrkiye\u2019nin nabz\u0131n\u0131 tutuyor. AKP\u2019nin iktidar y\u0131llar\u0131 K\u00fcrt meselesinden d\u0131\u015f politikaya, Balyoz ve Ergenekon davalar\u0131ndan medya ve ayd\u0131n sorununa, laiklikten muhafazakar\u0131\u011fa dek a\u00e7\u0131lan yelpazede analiz ediliyor. Yazar\u0131n 1990\u2019l\u0131 y\u0131llar\u0131n sonlar\u0131ndan itibaren dile getirdi\u011fi \u00e7o\u011fu \u00f6ng\u00f6r\u00fcn\u00fcn dikkat \u00e7ekici bi\u00e7imde do\u011fruland\u0131\u011f\u0131 sosyo-politik ko\u015fullar\u0131n kitab\u0131 Manzara-i Umumiye. \u00dclsever, T\u00fcrkiye gibi \u00e7ok hareketli bir toplumda g\u00fcn\u00fc yakalaman\u0131n, g\u00f6z\u00fcn\u00fc gelece\u011fe dikmenin ve arada bir durup geriye bakman\u0131n \u00f6rneklerini sergiliyor. \ufffcTan\u0131t\u0131m Metni<\/p>\n","protected":false},"excerpt":{"rendered":"<p>Akademisyen, gazeteci ve roman yazar\u0131 C\u00fcneyt \u00dclsever, 1999\u2019dan ba\u015flayarak 2015 Haziran\u0131\u2019ndaki genel se\u00e7im sonu\u00e7lar\u0131na uzan\u0131yor ve T\u00fcrkiye\u2019nin nabz\u0131n\u0131 tutuyor. AKP\u2019nin iktidar y\u0131llar\u0131 K\u00fcrt meselesinden d\u0131\u015f politikaya,<span class=\"excerpt-hellip\"> [\u2026]<\/span><\/p>\n","protected":false},"featured_media":0,"template":"","meta":{"_monsterinsights_skip_tracking":false,"_monsterinsights_sitenote_active":false,"_monsterinsights_sitenote_note":"","_monsterinsights_sitenote_category":0},"product_brand":[],"product_cat":[12337,14543],"product_tag":[],"class_list":{"0":"post-704336","1":"product","2":"type-product","3":"status-publish","5":"product_cat-politika-siyaset","6":"product_cat-turkiye-siyaseti-ve-politikasi","7":"pa_tur-kitap","8":"pa_yayinevi-kirmizi-kedi-yayinevi","9":"pa_yazar-cuneyt-ulsever","11":"first","12":"instock","13":"sale","14":"shipping-taxable","15":"purchasable","16":"product-type-simple"},"_links":{"self":[{"href":"https:\/\/roveyayinevi.com.tr\/index.php\/wp-json\/wp\/v2\/product\/704336","targetHints":{"allow":["GET"]}}],"collection":[{"href":"https:\/\/roveyayinevi.com.tr\/index.php\/wp-json\/wp\/v2\/product"}],"about":[{"href":"https:\/\/roveyayinevi.com.tr\/index.php\/wp-json\/wp\/v2\/types\/product"}],"wp:attachment":[{"href":"https:\/\/roveyayinevi.com.tr\/index.php\/wp-json\/wp\/v2\/media?parent=704336"}],"wp:term":[{"taxonomy":"product_brand","embeddable":true,"href":"https:\/\/roveyayinevi.com.tr\/index.php\/wp-json\/wp\/v2\/product_brand?post=704336"},{"taxonomy":"product_cat","embeddable":true,"href":"https:\/\/roveyayinevi.com.tr\/index.php\/wp-json\/wp\/v2\/product_cat?post=704336"},{"taxonomy":"product_tag","embeddable":true,"href":"https:\/\/roveyayinevi.com.tr\/index.php\/wp-json\/wp\/v2\/product_tag?post=704336"}],"curies":[{"name":"wp","href":"https:\/\/api.w.org\/{rel}","templated":true}]}}