{"id":704335,"date":"2025-08-27T15:34:24","date_gmt":"2025-08-27T12:34:24","guid":{"rendered":"https:\/\/roveyayinevi.com.tr\/index.php\/urun\/cocuk-neyi-neden-yapar\/"},"modified":"2026-04-16T02:13:24","modified_gmt":"2026-04-15T23:13:24","slug":"cocuk-neyi-neden-yapar","status":"publish","type":"product","link":"https:\/\/roveyayinevi.com.tr\/index.php\/urun\/cocuk-neyi-neden-yapar\/","title":{"rendered":"\u00c7ocuk Neyi Neden Yapar"},"content":{"rendered":"<p>Her anne baban\u0131n can\u0131n\u0131 s\u0131kan sorunlard\u0131r; \u00e7ocu\u011funun bir t\u00fcrl\u00fc tuvalet al\u0131\u015fkanl\u0131\u011f\u0131 kazanamamas\u0131, yemek yememesi, karde\u015fiyle kavga etmesi, inat\u00e7\u0131l\u0131\u011f\u0131, internet d\u00fc\u015fk\u00fcnl\u00fc\u011f\u00fc ve dahas\u0131&#8230;Bir k\u0131s\u0131m anne baba, bu davran\u0131\u015flar\u0131n ne anlama geldi\u011fini bildikleri i\u00e7in \u00e7ocuklar\u0131n\u0131 incitmeden sorunlar\u0131 \u00e7\u00f6zerken, bir k\u0131s\u0131m anne baba ise sorunlar\u0131n \u00e7\u00f6z\u00fcm\u00fcnde \u00e7aresiz kalarak \u00e7ocuklar\u0131 ile bir \u00e7at\u0131\u015fmaya girerler. Bu \u00e7at\u0131\u015fmalarda, hem kendilerini hem de \u00e7ocuklar\u0131n\u0131 y\u0131prat\u0131rlar.Pedagog Dr. Adem G\u00fcne\u015f \u00c7ocuk Neyi Neden Yapar? \u0130simli kitab\u0131, bir &#8216;\u00e7ocuk davran\u0131\u015flar\u0131 anlama rehberi&#8217; olarak haz\u0131rlad\u0131. \u00c7ocuk davran\u0131\u015flar\u0131n\u0131n nedenlerini ve \u00e7\u00f6z\u00fcm \u00f6nerilerini yal\u0131n bir dille, ebeveynlerle payla\u015ft\u0131. Konu bitiminde verilen soru-cevaplarla da anne babaya; o davran\u0131\u015f\u0131n nas\u0131l ortaya \u00e7\u0131kt\u0131\u011f\u0131n\u0131, \u00e7ocu\u011fun bu davran\u0131\u015f\u0131 ni\u00e7in sergilemi\u015f oldu\u011funu ve anne baban\u0131n nas\u0131l bir yol izlemesi gerekti\u011fini anlatt\u0131.O\u011flum neden yalan s\u00f6yl\u00fcyor olabilir?O\u011flum, ge\u00e7en g\u00fcn okulda arkada\u015f\u0131n\u0131n kalemini alm\u0131\u015f. Bana, &#8220;\u00d6\u011fretmenim verdi bu kalemi&#8221; dedi. Arkada\u015f\u0131n\u0131n annesiyle konu\u015funca, ger\u00e7ekleri \u00f6\u011frendim. O\u011flum neden yalan s\u00f6yl\u00fcyor?Kendisini bask\u0131 alt\u0131nda hisseden \u00e7ocuk, yalan s\u00f6yler.\u00c7ocu\u011fa ihtiyac\u0131 oldu\u011fu halde kalem al\u0131nm\u0131yor, okulda da \u00f6\u011fretmen illa o kalemin getirilmesini istiyorsa, anne-baba da \u00e7ocu\u011fa, &#8220;\u015eimdi al\u0131r\u0131z, yar\u0131n al\u0131r\u0131z&#8221; diye uygulamada gecikmeye sebep oluyorsa, \u00e7ocuk da kalemi olmas\u0131 ad\u0131na kendince bir \u00e7\u00f6z\u00fcm bulmu\u015f olabilir.Arkada\u015f\u0131n\u0131n kalemini alarak ihtiyac\u0131n\u0131 gidermeye \u00e7al\u0131\u015fan \u00e7ocu\u011fa, anne evde sorsa, &#8220;Bu kalem kimin?&#8221; diye, bu \u00e7ocu\u011fun annesine &#8220;Arkada\u015f\u0131mdan bu kalemi izinsiz ald\u0131m&#8221; diyebilmesi i\u00e7in, annesi taraf\u0131ndan ne duygusal, ne de psikolojik bask\u0131 alt\u0131nda tutuluyor olmas\u0131 laz\u0131m.E\u011fer \u00e7ocuk annesinden gelecek bir \u015fiddet veya tepkiyle kar\u015f\u0131la\u015faca\u011f\u0131n\u0131 tahmin ederse, o takdirde kendisini koruyabilmek i\u00e7in yalan s\u00f6yleyecektir. B\u00f6ylesi bir durum varsa sizden korkuyor demektir. \u0130zinsiz ald\u0131\u011f\u0131n\u0131 s\u00f6yledi\u011fi zaman verece\u011finiz tepkiden \u00e7ekiniyor demektir. O takdirde, \u00e7ocu\u011fun yalan s\u00f6ylememesi i\u00e7in \u00fcst\u00fcnde bask\u0131 olmamas\u0131 laz\u0131m. \u00c7ocuk bug\u00fcn kalem i\u00e7in yalan s\u00f6ylemeye ba\u015flarsa, yar\u0131n daha k\u00f6t\u00fc \u015feyler i\u00e7in de yalan s\u00f6yleyebilir.Pedagog Dr. G\u00fcne\u015f, \u00c7ocuk Neyi Neden Yapar? Kitab\u0131nda temel pedagojik bilgilerle birlikte, k\u0131sa ve \u00f6z olarak olumsuz \u00e7ocuk davran\u0131\u015flar\u0131n\u0131n nedenlerini ve \u00e7\u00f6z\u00fcm \u00f6nerilerini sunuyor. Yal\u0131n bir dille ele al\u0131nan bu konular\u0131n tamam\u0131, b\u00fct\u00fcn anne-babalar\u0131n sorunlar\u0131 aras\u0131nda belki de&#8230;Ve Pedagog Dr. \u00c2dem G\u00fcne\u015f, sat\u0131rlar\u0131 aras\u0131nda \u00e7ocuk davran\u0131\u015flar\u0131n\u0131n alt\u0131nda yatan nedene \u015f\u00f6yle bir a\u00e7\u0131klama getiriyor:&#8221;\u00c7ocuk kendini oldu\u011fu gibi kabul eden bir ebeveyn yan\u0131nda de\u011filse, i\u00e7inde ya\u015fad\u0131klar\u0131n\u0131 d\u0131\u015fa vuram\u0131yorsa veya kendini d\u0131\u015fa vurdu\u011fu kadarl\u0131k k\u0131sm\u0131yla dahi ciddiye al\u0131nm\u0131yorsa, b\u00f6ylesi bir \u00e7ocuk, d\u00fcd\u00fckl\u00fc tencerenin \u0131s\u0131nmas\u0131 ve patlamaya haz\u0131rlanmas\u0131 gibi bir durumdad\u0131r.&#8221;\u00c7ocuk e\u011fitimine dair &#8216;s\u0131k\u00e7a sorulan sorulara&#8217; cevap vermeye \u00e7al\u0131\u015fan kitap, ebeveynlerin ba\u015fucu kitab\u0131 olmay\u0131 hak ediyor. Kitap tam manas\u0131yla, pratik bir bilgi kayna\u011f\u0131&#8230;<\/p>\n","protected":false},"excerpt":{"rendered":"<p>Her anne baban\u0131n can\u0131n\u0131 s\u0131kan sorunlard\u0131r; \u00e7ocu\u011funun bir t\u00fcrl\u00fc tuvalet al\u0131\u015fkanl\u0131\u011f\u0131 kazanamamas\u0131, yemek yememesi, karde\u015fiyle kavga etmesi, inat\u00e7\u0131l\u0131\u011f\u0131, internet d\u00fc\u015fk\u00fcnl\u00fc\u011f\u00fc ve dahas\u0131&#8230;Bir k\u0131s\u0131m anne baba, bu<span class=\"excerpt-hellip\"> [\u2026]<\/span><\/p>\n","protected":false},"featured_media":0,"template":"","meta":{"_monsterinsights_skip_tracking":false,"_monsterinsights_sitenote_active":false,"_monsterinsights_sitenote_note":"","_monsterinsights_sitenote_category":0},"product_brand":[],"product_cat":[12831,12324],"product_tag":[],"class_list":{"0":"post-704335","1":"product","2":"type-product","3":"status-publish","5":"product_cat-aile-ve-cocuk","6":"product_cat-sosyoloji","7":"pa_cilt-ciltsiz","8":"pa_tur-kitap","9":"pa_yayinevi-nesil-yayinlari","10":"pa_yazar-adem-gunes","12":"first","13":"instock","14":"sale","15":"shipping-taxable","16":"purchasable","17":"product-type-simple"},"_links":{"self":[{"href":"https:\/\/roveyayinevi.com.tr\/index.php\/wp-json\/wp\/v2\/product\/704335","targetHints":{"allow":["GET"]}}],"collection":[{"href":"https:\/\/roveyayinevi.com.tr\/index.php\/wp-json\/wp\/v2\/product"}],"about":[{"href":"https:\/\/roveyayinevi.com.tr\/index.php\/wp-json\/wp\/v2\/types\/product"}],"wp:attachment":[{"href":"https:\/\/roveyayinevi.com.tr\/index.php\/wp-json\/wp\/v2\/media?parent=704335"}],"wp:term":[{"taxonomy":"product_brand","embeddable":true,"href":"https:\/\/roveyayinevi.com.tr\/index.php\/wp-json\/wp\/v2\/product_brand?post=704335"},{"taxonomy":"product_cat","embeddable":true,"href":"https:\/\/roveyayinevi.com.tr\/index.php\/wp-json\/wp\/v2\/product_cat?post=704335"},{"taxonomy":"product_tag","embeddable":true,"href":"https:\/\/roveyayinevi.com.tr\/index.php\/wp-json\/wp\/v2\/product_tag?post=704335"}],"curies":[{"name":"wp","href":"https:\/\/api.w.org\/{rel}","templated":true}]}}