{"id":704333,"date":"2025-08-27T15:34:23","date_gmt":"2025-08-27T12:34:23","guid":{"rendered":"https:\/\/roveyayinevi.com.tr\/index.php\/urun\/rintintin-2-baba\/"},"modified":"2025-10-22T03:37:31","modified_gmt":"2025-10-22T00:37:31","slug":"rintintin-2-baba","status":"publish","type":"product","link":"https:\/\/roveyayinevi.com.tr\/index.php\/urun\/rintintin-2-baba\/","title":{"rendered":"Rintintin 2 &#8211; Baba"},"content":{"rendered":"<p>\u2018\u2018G\u00f6lgesinden daha \u015fap\u015fal k\u00f6pek\u2019\u2019 Rintintin\u2019in maceralar\u0131 ikinci alb\u00fcm Baba ile devam ediyor. Yanl\u0131\u015f anla\u015f\u0131lmalar\u0131n ve kendine \u00f6zg\u00fc sakarl\u0131klar\u0131n sonucu olarak bir su\u00e7 \u00f6rg\u00fct\u00fc liderine d\u00f6n\u00fc\u015fen Rintinin yine her zamanki gibi komik ve e\u011flenceli. <\/p>\n","protected":false},"excerpt":{"rendered":"<p>\u2018\u2018G\u00f6lgesinden daha \u015fap\u015fal k\u00f6pek\u2019\u2019 Rintintin\u2019in maceralar\u0131 ikinci alb\u00fcm Baba ile devam ediyor. Yanl\u0131\u015f anla\u015f\u0131lmalar\u0131n ve kendine \u00f6zg\u00fc sakarl\u0131klar\u0131n sonucu olarak bir su\u00e7 \u00f6rg\u00fct\u00fc liderine d\u00f6n\u00fc\u015fen Rintinin<span class=\"excerpt-hellip\"> [\u2026]<\/span><\/p>\n","protected":false},"featured_media":0,"template":"","meta":{"_monsterinsights_skip_tracking":false,"_monsterinsights_sitenote_active":false,"_monsterinsights_sitenote_note":"","_monsterinsights_sitenote_category":0},"product_brand":[],"product_cat":[12689,12274],"product_tag":[],"class_list":{"0":"post-704333","1":"product","2":"type-product","3":"status-publish","5":"product_cat-cizgi-roman-cocuk-ve-genclik-kitaplari","6":"product_cat-cocuk-ve-genclik-kitaplari","7":"pa_cilt-ciltsiz","8":"pa_tur-kitap","9":"pa_yayinevi-yapi-kredi-yayinlari","10":"pa_yazar-j-leturgie","12":"first","13":"instock","14":"sale","15":"shipping-taxable","16":"purchasable","17":"product-type-simple"},"_links":{"self":[{"href":"https:\/\/roveyayinevi.com.tr\/index.php\/wp-json\/wp\/v2\/product\/704333","targetHints":{"allow":["GET"]}}],"collection":[{"href":"https:\/\/roveyayinevi.com.tr\/index.php\/wp-json\/wp\/v2\/product"}],"about":[{"href":"https:\/\/roveyayinevi.com.tr\/index.php\/wp-json\/wp\/v2\/types\/product"}],"wp:attachment":[{"href":"https:\/\/roveyayinevi.com.tr\/index.php\/wp-json\/wp\/v2\/media?parent=704333"}],"wp:term":[{"taxonomy":"product_brand","embeddable":true,"href":"https:\/\/roveyayinevi.com.tr\/index.php\/wp-json\/wp\/v2\/product_brand?post=704333"},{"taxonomy":"product_cat","embeddable":true,"href":"https:\/\/roveyayinevi.com.tr\/index.php\/wp-json\/wp\/v2\/product_cat?post=704333"},{"taxonomy":"product_tag","embeddable":true,"href":"https:\/\/roveyayinevi.com.tr\/index.php\/wp-json\/wp\/v2\/product_tag?post=704333"}],"curies":[{"name":"wp","href":"https:\/\/api.w.org\/{rel}","templated":true}]}}