{"id":704330,"date":"2025-08-27T15:34:22","date_gmt":"2025-08-27T12:34:22","guid":{"rendered":"https:\/\/roveyayinevi.com.tr\/index.php\/urun\/doviz-kurundan-yurt-ici-fiyatlara-gecis-etkisi-turkiye-uygulamasi\/"},"modified":"2026-04-16T02:13:24","modified_gmt":"2026-04-15T23:13:24","slug":"doviz-kurundan-yurt-ici-fiyatlara-gecis-etkisi-turkiye-uygulamasi","status":"publish","type":"product","link":"https:\/\/roveyayinevi.com.tr\/index.php\/urun\/doviz-kurundan-yurt-ici-fiyatlara-gecis-etkisi-turkiye-uygulamasi\/","title":{"rendered":"D\u00f6viz Kurundan Yurt \u0130\u00e7i Fiyatlara Ge\u00e7i\u015f Etkisi: T\u00fcrkiye Uygulamas\u0131"},"content":{"rendered":"<p>D\u00f6viz kurundan fiyatlara ge\u00e7i\u015f etkisinin teorik temelleriT\u00fcrkiyede 2003-2013 y\u0131llar\u0131 aras\u0131 d\u00f6viz kurundan yurti\u00e7i fiyatlara ge\u00e7i\u015f etkisin tahmini <\/p>\n","protected":false},"excerpt":{"rendered":"<p>D\u00f6viz kurundan fiyatlara ge\u00e7i\u015f etkisinin teorik temelleriT\u00fcrkiyede 2003-2013 y\u0131llar\u0131 aras\u0131 d\u00f6viz kurundan yurti\u00e7i fiyatlara ge\u00e7i\u015f etkisin tahmini<\/p>\n","protected":false},"featured_media":0,"template":"","meta":{"_monsterinsights_skip_tracking":false,"_monsterinsights_sitenote_active":false,"_monsterinsights_sitenote_note":"","_monsterinsights_sitenote_category":0},"product_brand":[],"product_cat":[12573,12566],"product_tag":[],"class_list":{"0":"post-704330","1":"product","2":"type-product","3":"status-publish","5":"product_cat-akademik-kitaplar","6":"product_cat-egitim","7":"pa_cilt-ciltsiz","8":"pa_tur-kitap","9":"pa_yayinevi-gazi-kitabevi","10":"pa_yazar-hakan-acet","12":"first","13":"instock","14":"sale","15":"shipping-taxable","16":"purchasable","17":"product-type-simple"},"_links":{"self":[{"href":"https:\/\/roveyayinevi.com.tr\/index.php\/wp-json\/wp\/v2\/product\/704330","targetHints":{"allow":["GET"]}}],"collection":[{"href":"https:\/\/roveyayinevi.com.tr\/index.php\/wp-json\/wp\/v2\/product"}],"about":[{"href":"https:\/\/roveyayinevi.com.tr\/index.php\/wp-json\/wp\/v2\/types\/product"}],"wp:attachment":[{"href":"https:\/\/roveyayinevi.com.tr\/index.php\/wp-json\/wp\/v2\/media?parent=704330"}],"wp:term":[{"taxonomy":"product_brand","embeddable":true,"href":"https:\/\/roveyayinevi.com.tr\/index.php\/wp-json\/wp\/v2\/product_brand?post=704330"},{"taxonomy":"product_cat","embeddable":true,"href":"https:\/\/roveyayinevi.com.tr\/index.php\/wp-json\/wp\/v2\/product_cat?post=704330"},{"taxonomy":"product_tag","embeddable":true,"href":"https:\/\/roveyayinevi.com.tr\/index.php\/wp-json\/wp\/v2\/product_tag?post=704330"}],"curies":[{"name":"wp","href":"https:\/\/api.w.org\/{rel}","templated":true}]}}