{"id":704326,"date":"2025-08-27T15:34:20","date_gmt":"2025-08-27T12:34:20","guid":{"rendered":"https:\/\/roveyayinevi.com.tr\/index.php\/urun\/olmeden-az-once\/"},"modified":"2026-04-16T02:13:24","modified_gmt":"2026-04-15T23:13:24","slug":"olmeden-az-once","status":"publish","type":"product","link":"https:\/\/roveyayinevi.com.tr\/index.php\/urun\/olmeden-az-once\/","title":{"rendered":"\u00d6lmeden Az \u00d6nce"},"content":{"rendered":"<p>H\u00fclya Okur\u2019un sorular\u0131yla a\u00e7t\u0131\u011f\u0131 yapraklar, birer kaynak oldu\u011fu gibi aram\u0131zdan ayr\u0131lanlarla bizi yine biraraya getirdi\u011fi i\u00e7in ocakba\u015f\u0131 s\u00f6yle\u015fisi ya\u015fat\u0131yor. <\/p>\n","protected":false},"excerpt":{"rendered":"<p>H\u00fclya Okur\u2019un sorular\u0131yla a\u00e7t\u0131\u011f\u0131 yapraklar, birer kaynak oldu\u011fu gibi aram\u0131zdan ayr\u0131lanlarla bizi yine biraraya getirdi\u011fi i\u00e7in ocakba\u015f\u0131 s\u00f6yle\u015fisi ya\u015fat\u0131yor.<\/p>\n","protected":false},"featured_media":0,"template":"","meta":{"_monsterinsights_skip_tracking":false,"_monsterinsights_sitenote_active":false,"_monsterinsights_sitenote_note":"","_monsterinsights_sitenote_category":0},"product_brand":[],"product_cat":[12291,30969],"product_tag":[],"class_list":{"0":"post-704326","1":"product","2":"type-product","3":"status-publish","5":"product_cat-edebiyat","6":"product_cat-soylesi-edebiyat","7":"pa_tur-kitap","8":"pa_yayinevi-bilgi-yayinevi","9":"pa_yazar-hulya-okur","11":"first","12":"instock","13":"sale","14":"shipping-taxable","15":"purchasable","16":"product-type-simple"},"_links":{"self":[{"href":"https:\/\/roveyayinevi.com.tr\/index.php\/wp-json\/wp\/v2\/product\/704326","targetHints":{"allow":["GET"]}}],"collection":[{"href":"https:\/\/roveyayinevi.com.tr\/index.php\/wp-json\/wp\/v2\/product"}],"about":[{"href":"https:\/\/roveyayinevi.com.tr\/index.php\/wp-json\/wp\/v2\/types\/product"}],"wp:attachment":[{"href":"https:\/\/roveyayinevi.com.tr\/index.php\/wp-json\/wp\/v2\/media?parent=704326"}],"wp:term":[{"taxonomy":"product_brand","embeddable":true,"href":"https:\/\/roveyayinevi.com.tr\/index.php\/wp-json\/wp\/v2\/product_brand?post=704326"},{"taxonomy":"product_cat","embeddable":true,"href":"https:\/\/roveyayinevi.com.tr\/index.php\/wp-json\/wp\/v2\/product_cat?post=704326"},{"taxonomy":"product_tag","embeddable":true,"href":"https:\/\/roveyayinevi.com.tr\/index.php\/wp-json\/wp\/v2\/product_tag?post=704326"}],"curies":[{"name":"wp","href":"https:\/\/api.w.org\/{rel}","templated":true}]}}