{"id":704325,"date":"2025-08-27T15:34:20","date_gmt":"2025-08-27T12:34:20","guid":{"rendered":"https:\/\/roveyayinevi.com.tr\/index.php\/urun\/21-yuzyilda-siniflar-ve-sinif-mucadelesi\/"},"modified":"2026-04-16T02:13:24","modified_gmt":"2026-04-15T23:13:24","slug":"21-yuzyilda-siniflar-ve-sinif-mucadelesi","status":"publish","type":"product","link":"https:\/\/roveyayinevi.com.tr\/index.php\/urun\/21-yuzyilda-siniflar-ve-sinif-mucadelesi\/","title":{"rendered":"21. Y\u00fczy\u0131lda S\u0131n\u0131flar ve S\u0131n\u0131f M\u00fccadelesi"},"content":{"rendered":"<p>T\u00fcrk\u00e7e yay\u0131n\u0131n\u0131 Yordam Kitap&#8217;\u0131n \u00fcstlendi\u011fi, y\u0131lda bir say\u0131 yay\u0131nlanan uluslararas\u0131 dergi Socialist Register, d\u00f6nemin en g\u00fcncel konular\u0131n\u0131 de\u011ferlendirmek \u00fczere d\u00fcnyan\u0131n \u00f6nde gelen radikal d\u00fc\u015f\u00fcn\u00fcrlerini bir araya getiriyor. Ba\u011f\u0131ms\u0131z, sorgulay\u0131c\u0131 ve derinlemesine analizler Socialist Register&#8217;\u0131n hep alametifarikas\u0131 olagelmi\u015ftir. Derginin 50. y\u0131l\u0131n\u0131n kutland\u0131\u011f\u0131 &#8220;21. Y\u00fczy\u0131lda S\u0131n\u0131flar ve S\u0131n\u0131f M\u00fccadelesi&#8221; konulu bu say\u0131 da bir istisna de\u011fil. Katk\u0131da bulunan yazarlar, k\u00fcresel ekonomik krizin ve bu krizin do\u011furdu\u011fu \u00e7e\u015fitli direni\u015f bi\u00e7imlerinin \u0131\u015f\u0131\u011f\u0131nda s\u0131n\u0131fla ilgili \u00e7e\u015fitli varsay\u0131mlar\u0131 inceliyorlar. Hem kapitalist s\u0131n\u0131flar\u0131n, ekonomik \u00e7alkant\u0131 kar\u015f\u0131s\u0131nda nas\u0131l tepkiler g\u00f6sterip yeniden \u00f6rg\u00fctlendiklerini hem de 21. y\u00fczy\u0131lda i\u015f\u00e7i s\u0131n\u0131f\u0131n\u0131n yap\u0131s\u0131 ile bile\u015fiminin nas\u0131l de\u011fi\u015fti\u011fini ele al\u0131yorlar. G\u00fcn\u00fcm\u00fcz\u00fcn de\u011fi\u015fen s\u0131n\u0131f ve s\u0131n\u0131f m\u00fccadelesi ger\u00e7eklerini anlamak isteyen herkes, Socialist Register&#8217;\u0131n bu say\u0131s\u0131n\u0131 kesinlikle okumal\u0131d\u0131r.&#8221;Socialist Register, 1964&#8217;ten bug\u00fcne d\u00fc\u015f\u00fcnsel a\u00e7\u0131dan d\u00fcnya solunun kutupy\u0131ld\u0131z\u0131 olagelmi\u015ftir.&#8221; Mike Davis&#8221;Yak\u0131ndan takip etti\u011fim Socialist Register&#8217;\u0131n ziyadesiyle ilham verici, \u00e7o\u011fu kez paha bi\u00e7ilmez oldu\u011funu d\u00fc\u015f\u00fcn\u00fcyorum.&#8221; Noam Chomsky&#8221;Kabul edilemez buldu\u011fumuz bu toplumun alternatifsiz oldu\u011fu d\u00fc\u015f\u00fcncesine boyun e\u011fmeyi reddedenler mutlaka okumal\u0131.&#8221; Daniel Singer&#8221;Sosyalizm daima demokrasi, insan haklar\u0131 ve enternasyonalizmle ilgili olagelmi\u015ftir. &#8230; Socialist Register&#8217;a damgas\u0131n\u0131 vuran da i\u015fte bu inan\u00e7t\u0131r.&#8221; Tony Benn<\/p>\n","protected":false},"excerpt":{"rendered":"<p>T\u00fcrk\u00e7e yay\u0131n\u0131n\u0131 Yordam Kitap&#8217;\u0131n \u00fcstlendi\u011fi, y\u0131lda bir say\u0131 yay\u0131nlanan uluslararas\u0131 dergi Socialist Register, d\u00f6nemin en g\u00fcncel konular\u0131n\u0131 de\u011ferlendirmek \u00fczere d\u00fcnyan\u0131n \u00f6nde gelen radikal d\u00fc\u015f\u00fcn\u00fcrlerini bir araya<span class=\"excerpt-hellip\"> [\u2026]<\/span><\/p>\n","protected":false},"featured_media":0,"template":"","meta":{"_monsterinsights_skip_tracking":false,"_monsterinsights_sitenote_active":false,"_monsterinsights_sitenote_note":"","_monsterinsights_sitenote_category":0},"product_brand":[],"product_cat":[12337,14706],"product_tag":[],"class_list":{"0":"post-704325","1":"product","2":"type-product","3":"status-publish","5":"product_cat-politika-siyaset","6":"product_cat-siyaset-bilimi","7":"pa_cilt-ciltsiz","8":"pa_tur-kitap","9":"pa_yayinevi-yordam-kitap","10":"pa_yazar-kolektif","12":"first","13":"instock","14":"sale","15":"shipping-taxable","16":"purchasable","17":"product-type-simple"},"_links":{"self":[{"href":"https:\/\/roveyayinevi.com.tr\/index.php\/wp-json\/wp\/v2\/product\/704325","targetHints":{"allow":["GET"]}}],"collection":[{"href":"https:\/\/roveyayinevi.com.tr\/index.php\/wp-json\/wp\/v2\/product"}],"about":[{"href":"https:\/\/roveyayinevi.com.tr\/index.php\/wp-json\/wp\/v2\/types\/product"}],"wp:attachment":[{"href":"https:\/\/roveyayinevi.com.tr\/index.php\/wp-json\/wp\/v2\/media?parent=704325"}],"wp:term":[{"taxonomy":"product_brand","embeddable":true,"href":"https:\/\/roveyayinevi.com.tr\/index.php\/wp-json\/wp\/v2\/product_brand?post=704325"},{"taxonomy":"product_cat","embeddable":true,"href":"https:\/\/roveyayinevi.com.tr\/index.php\/wp-json\/wp\/v2\/product_cat?post=704325"},{"taxonomy":"product_tag","embeddable":true,"href":"https:\/\/roveyayinevi.com.tr\/index.php\/wp-json\/wp\/v2\/product_tag?post=704325"}],"curies":[{"name":"wp","href":"https:\/\/api.w.org\/{rel}","templated":true}]}}