{"id":704324,"date":"2025-08-27T15:34:20","date_gmt":"2025-08-27T12:34:20","guid":{"rendered":"https:\/\/roveyayinevi.com.tr\/index.php\/urun\/ortacag-cilt-3-satolar-tuccarlar-sairler-ciltli\/"},"modified":"2026-04-16T02:13:24","modified_gmt":"2026-04-15T23:13:24","slug":"ortacag-cilt-3-satolar-tuccarlar-sairler-ciltli","status":"publish","type":"product","link":"https:\/\/roveyayinevi.com.tr\/index.php\/urun\/ortacag-cilt-3-satolar-tuccarlar-sairler-ciltli\/","title":{"rendered":"Orta\u00e7a\u011f Cilt -3 \u015eatolar, T\u00fcccarlar, \u015eairler (Ciltli)"},"content":{"rendered":"<p>Ge\u00e7 Orta\u00e7a\u011f olarak tan\u0131mlanan, 1200-1400 aras\u0131ndaki d\u00f6nemde Ha\u00e7l\u0131 Seferlerinin ideolojisini temel alan yeni bir geni\u015fleme s\u00fcrecinde Bat\u0131, Do\u011fuyu fethetmeye koyulur. \u015eehirler b\u00fcy\u00fcr; mimarl\u0131k, sanat ve edebiyat yo\u011fun bir yenilenme ve a\u00e7\u0131l\u0131m arzusunu ifade eder. Ancak ba\u015flardaki geni\u015fleme d\u00fcrt\u00fcs\u00fcn\u00fc Y\u00fcz Y\u0131l Sava\u015flar\u0131, veba ve \u00e7ift\u00e7i isyanlar\u0131n\u0131n kanl\u0131 bir \u015fekilde bast\u0131r\u0131lmas\u0131 gibi zorlu d\u00f6nemler izler. Buna ra\u011fmen Avrupa&#8217;da 15. y\u00fczy\u0131lda ya\u015fanacak olan yeniden do\u011fu\u015fun ilk tohumlar\u0131 bu d\u00f6nemde at\u0131l\u0131r.<\/p>\n","protected":false},"excerpt":{"rendered":"<p>Ge\u00e7 Orta\u00e7a\u011f olarak tan\u0131mlanan, 1200-1400 aras\u0131ndaki d\u00f6nemde Ha\u00e7l\u0131 Seferlerinin ideolojisini temel alan yeni bir geni\u015fleme s\u00fcrecinde Bat\u0131, Do\u011fuyu fethetmeye koyulur. \u015eehirler b\u00fcy\u00fcr; mimarl\u0131k, sanat ve edebiyat<span class=\"excerpt-hellip\"> [\u2026]<\/span><\/p>\n","protected":false},"featured_media":0,"template":"","meta":{"_monsterinsights_skip_tracking":false,"_monsterinsights_sitenote_active":false,"_monsterinsights_sitenote_note":"","_monsterinsights_sitenote_category":0},"product_brand":[],"product_cat":[12312,12304],"product_tag":[],"class_list":{"0":"post-704324","1":"product","2":"type-product","3":"status-publish","5":"product_cat-diger","6":"product_cat-tarih","7":"pa_cilt-ciltli","8":"pa_tur-kitap","9":"pa_yayinevi-alfa-yayinlari","10":"pa_yazar-umberto-eco","12":"first","13":"instock","14":"sale","15":"shipping-taxable","16":"purchasable","17":"product-type-simple"},"_links":{"self":[{"href":"https:\/\/roveyayinevi.com.tr\/index.php\/wp-json\/wp\/v2\/product\/704324","targetHints":{"allow":["GET"]}}],"collection":[{"href":"https:\/\/roveyayinevi.com.tr\/index.php\/wp-json\/wp\/v2\/product"}],"about":[{"href":"https:\/\/roveyayinevi.com.tr\/index.php\/wp-json\/wp\/v2\/types\/product"}],"wp:attachment":[{"href":"https:\/\/roveyayinevi.com.tr\/index.php\/wp-json\/wp\/v2\/media?parent=704324"}],"wp:term":[{"taxonomy":"product_brand","embeddable":true,"href":"https:\/\/roveyayinevi.com.tr\/index.php\/wp-json\/wp\/v2\/product_brand?post=704324"},{"taxonomy":"product_cat","embeddable":true,"href":"https:\/\/roveyayinevi.com.tr\/index.php\/wp-json\/wp\/v2\/product_cat?post=704324"},{"taxonomy":"product_tag","embeddable":true,"href":"https:\/\/roveyayinevi.com.tr\/index.php\/wp-json\/wp\/v2\/product_tag?post=704324"}],"curies":[{"name":"wp","href":"https:\/\/api.w.org\/{rel}","templated":true}]}}