{"id":704323,"date":"2025-08-27T15:34:19","date_gmt":"2025-08-27T12:34:19","guid":{"rendered":"https:\/\/roveyayinevi.com.tr\/index.php\/urun\/dus-hirsizinin-ciragi\/"},"modified":"2026-04-16T02:13:24","modified_gmt":"2026-04-15T23:13:24","slug":"dus-hirsizinin-ciragi","status":"publish","type":"product","link":"https:\/\/roveyayinevi.com.tr\/index.php\/urun\/dus-hirsizinin-ciragi\/","title":{"rendered":"D\u00fc\u015f H\u0131rs\u0131z\u0131n\u0131n \u00c7\u0131ra\u011f\u0131"},"content":{"rendered":"<p>R\u00fcyalar\u0131n yap\u0131ld\u0131\u011f\u0131 maddeden yap\u0131lmay\u0131z biz ve uykuyla \u00e7evrilidir k\u00fc\u00e7\u00fcc\u00fck hayat\u0131m\u0131z\u2026William Shakespeare Uyand\u0131\u011f\u0131m\u0131zda yar\u0131m yamalak hat\u0131rlasak da y\u00fcz\u00fcm\u00fcz\u00fc g\u00fcld\u00fcren, \u015fa\u015f\u0131rtan, heyecanland\u0131ran d\u00fc\u015flerimizi yitirsek, hayat ne kadar tats\u0131z olurdu de\u011fil mi?Tozlu \u015fehrin sakinlerinin, yak\u0131n zamana kadar s\u0131kl\u0131kla g\u00f6rd\u00fckleri g\u00fczelim d\u00fc\u015flerinin yerinde yeller esiyordu art\u0131k. D\u00fc\u015flerini \u00e7ald\u0131rd\u0131klar\u0131ndan \u00f6ylesine emindiler ki! Sonunda d\u00fc\u015flerini k\u00f6t\u00fc niyetli birine kapt\u0131rd\u0131klar\u0131 konusunda anla\u015ft\u0131lar ve solu\u011fu amans\u0131z dedektifler F\u0131nd\u0131kk\u0131ran ve Atom\u2019un b\u00fcrosunda ald\u0131lar. Ald\u0131lar almas\u0131na ya, F\u0131nd\u0131kk\u0131ran\u2019\u0131 bir d\u00fc\u015f h\u0131rs\u0131z\u0131n\u0131n varl\u0131\u011f\u0131na inand\u0131rmak kolay olmayacakt\u0131.Tozlu \u015fehre bu tuhaf olay\u0131n ya\u015fand\u0131\u011f\u0131 g\u00fcnlerde ayak basan Kiraz ise k\u0131sa s\u00fcrede, bu \u015fehirdeki tek tuhafl\u0131\u011f\u0131n kaybolan d\u00fc\u015fler olmad\u0131\u011f\u0131n\u0131 fark edecekti. \u0130nsanlar\u0131n oldu\u011fu kadar, d\u00fckk\u00e2nlar\u0131n isimleri de bir acayipti bu \u015fehirde: Mmmm Pastanesi, Derde\u00e7are, \u00c7etinceviz, Bayan L\u00fcle, Bay Tela\u015f, Doktor Kuzukulak\u2026 Ve tabii ki, olaylar\u0131n ak\u0131\u015f\u0131 ve \u00e7\u00f6z\u00fcmleni\u015fi de \u00f6yle olacakt\u0131\u2026  <\/p>\n","protected":false},"excerpt":{"rendered":"<p>R\u00fcyalar\u0131n yap\u0131ld\u0131\u011f\u0131 maddeden yap\u0131lmay\u0131z biz ve uykuyla \u00e7evrilidir k\u00fc\u00e7\u00fcc\u00fck hayat\u0131m\u0131z\u2026William Shakespeare Uyand\u0131\u011f\u0131m\u0131zda yar\u0131m yamalak hat\u0131rlasak da y\u00fcz\u00fcm\u00fcz\u00fc g\u00fcld\u00fcren, \u015fa\u015f\u0131rtan, heyecanland\u0131ran d\u00fc\u015flerimizi yitirsek, hayat ne kadar tats\u0131z<span class=\"excerpt-hellip\"> [\u2026]<\/span><\/p>\n","protected":false},"featured_media":0,"template":"","meta":{"_monsterinsights_skip_tracking":false,"_monsterinsights_sitenote_active":false,"_monsterinsights_sitenote_note":"","_monsterinsights_sitenote_category":0},"product_brand":[],"product_cat":[12275,12274],"product_tag":[],"class_list":{"0":"post-704323","1":"product","2":"type-product","3":"status-publish","5":"product_cat-6-12-yas-kitaplari","6":"product_cat-cocuk-ve-genclik-kitaplari","7":"pa_cilt-ciltsiz","8":"pa_tur-kitap","9":"pa_yayinevi-elma-cocuk","10":"pa_yazar-ahmet-onel","12":"first","13":"instock","14":"sale","15":"shipping-taxable","16":"purchasable","17":"product-type-simple"},"_links":{"self":[{"href":"https:\/\/roveyayinevi.com.tr\/index.php\/wp-json\/wp\/v2\/product\/704323","targetHints":{"allow":["GET"]}}],"collection":[{"href":"https:\/\/roveyayinevi.com.tr\/index.php\/wp-json\/wp\/v2\/product"}],"about":[{"href":"https:\/\/roveyayinevi.com.tr\/index.php\/wp-json\/wp\/v2\/types\/product"}],"wp:attachment":[{"href":"https:\/\/roveyayinevi.com.tr\/index.php\/wp-json\/wp\/v2\/media?parent=704323"}],"wp:term":[{"taxonomy":"product_brand","embeddable":true,"href":"https:\/\/roveyayinevi.com.tr\/index.php\/wp-json\/wp\/v2\/product_brand?post=704323"},{"taxonomy":"product_cat","embeddable":true,"href":"https:\/\/roveyayinevi.com.tr\/index.php\/wp-json\/wp\/v2\/product_cat?post=704323"},{"taxonomy":"product_tag","embeddable":true,"href":"https:\/\/roveyayinevi.com.tr\/index.php\/wp-json\/wp\/v2\/product_tag?post=704323"}],"curies":[{"name":"wp","href":"https:\/\/api.w.org\/{rel}","templated":true}]}}