{"id":704319,"date":"2025-08-27T15:34:18","date_gmt":"2025-08-27T12:34:18","guid":{"rendered":"https:\/\/roveyayinevi.com.tr\/index.php\/urun\/komunun-asi-kadinlari\/"},"modified":"2026-04-16T02:13:24","modified_gmt":"2026-04-15T23:13:24","slug":"komunun-asi-kadinlari","status":"publish","type":"product","link":"https:\/\/roveyayinevi.com.tr\/index.php\/urun\/komunun-asi-kadinlari\/","title":{"rendered":"Kom\u00fcn\u2019\u00fcn Asi Kad\u0131nlar\u0131"},"content":{"rendered":"<p>Gay L. Gullickson, canl\u0131 bir dille yaz\u0131lm\u0131\u015f ve resimlerle zenginle\u015ftirilmi\u015f bu kitapta, Paris Kom\u00fcn\u00fc olarak bilinen ba\u015fkald\u0131r\u0131n\u0131n bir par\u00e7as\u0131 olan kad\u0131nlar\u0131n nas\u0131l temsil edildi\u011fini inceliyor. Bu isyanla ve onun Frans\u0131z ordusunca kanl\u0131 bi\u00e7imde bast\u0131r\u0131lmas\u0131 ile ilgili hararetli tart\u0131\u015fmalar bug\u00fcn de modern tarih\u00e7iler aras\u0131nda devam ediyor. \u00d6zellikle kad\u0131nlar\u0131n Paris Kom\u00fcn\u00fc\u2019nde oynad\u0131\u011f\u0131 rol hakk\u0131nda birbirinden \u00e7ok farkl\u0131 yakla\u015f\u0131mlar sergilenmektedir. \ufffcTan\u0131t\u0131m Metni<\/p>\n","protected":false},"excerpt":{"rendered":"<p>Gay L. Gullickson, canl\u0131 bir dille yaz\u0131lm\u0131\u015f ve resimlerle zenginle\u015ftirilmi\u015f bu kitapta, Paris Kom\u00fcn\u00fc olarak bilinen ba\u015fkald\u0131r\u0131n\u0131n bir par\u00e7as\u0131 olan kad\u0131nlar\u0131n nas\u0131l temsil edildi\u011fini inceliyor. Bu<span class=\"excerpt-hellip\"> [\u2026]<\/span><\/p>\n","protected":false},"featured_media":0,"template":"","meta":{"_monsterinsights_skip_tracking":false,"_monsterinsights_sitenote_active":false,"_monsterinsights_sitenote_note":"","_monsterinsights_sitenote_category":0},"product_brand":[],"product_cat":[14741,13488],"product_tag":[],"class_list":{"0":"post-704319","1":"product","2":"type-product","3":"status-publish","5":"product_cat-kadin-sorunlari-feminizm","6":"product_cat-toplum-ve-insan","7":"pa_cilt-ciltsiz","8":"pa_tur-kitap","9":"pa_yayinevi-yordam-kitap","10":"pa_yazar-gay-l-gulickson","12":"first","13":"instock","14":"sale","15":"shipping-taxable","16":"purchasable","17":"product-type-simple"},"_links":{"self":[{"href":"https:\/\/roveyayinevi.com.tr\/index.php\/wp-json\/wp\/v2\/product\/704319","targetHints":{"allow":["GET"]}}],"collection":[{"href":"https:\/\/roveyayinevi.com.tr\/index.php\/wp-json\/wp\/v2\/product"}],"about":[{"href":"https:\/\/roveyayinevi.com.tr\/index.php\/wp-json\/wp\/v2\/types\/product"}],"wp:attachment":[{"href":"https:\/\/roveyayinevi.com.tr\/index.php\/wp-json\/wp\/v2\/media?parent=704319"}],"wp:term":[{"taxonomy":"product_brand","embeddable":true,"href":"https:\/\/roveyayinevi.com.tr\/index.php\/wp-json\/wp\/v2\/product_brand?post=704319"},{"taxonomy":"product_cat","embeddable":true,"href":"https:\/\/roveyayinevi.com.tr\/index.php\/wp-json\/wp\/v2\/product_cat?post=704319"},{"taxonomy":"product_tag","embeddable":true,"href":"https:\/\/roveyayinevi.com.tr\/index.php\/wp-json\/wp\/v2\/product_tag?post=704319"}],"curies":[{"name":"wp","href":"https:\/\/api.w.org\/{rel}","templated":true}]}}