{"id":704318,"date":"2025-08-27T15:34:17","date_gmt":"2025-08-27T12:34:17","guid":{"rendered":"https:\/\/roveyayinevi.com.tr\/index.php\/urun\/daragacindan-notlar\/"},"modified":"2026-04-16T02:13:24","modified_gmt":"2026-04-15T23:13:24","slug":"daragacindan-notlar","status":"publish","type":"product","link":"https:\/\/roveyayinevi.com.tr\/index.php\/urun\/daragacindan-notlar\/","title":{"rendered":"Dara\u011fac\u0131ndan Notlar"},"content":{"rendered":"<p>Dara\u011fac\u0131ndan Notlar, Gestapo zindan\u0131n\u0131n karanl\u0131k bir h\u00fccresinde, dayan\u0131lmaz ko\u015fullar alt\u0131nda inatla kaleme al\u0131nm\u0131\u015f bir direni\u015f g\u00fcncesi. \u00c7ekoslovakya Kom\u00fcnist Partisi&#8217;nin \u00f6nderlerinden Fucik, 24 Nisan 1942&#8217;de, Gestapo&#8217;nun d\u00fczenledi\u011fi bir bask\u0131nda tutukland\u0131. Pankrac Hapishanesi&#8217;nde ge\u00e7irdi\u011fi i\u015fkence dolu g\u00fcnlerden sonra Berlin&#8217;e g\u00f6t\u00fcr\u00fclerek, 25 A\u011fustos 1943&#8217;te bir Nazi mahkemesi taraf\u0131ndan \u00f6l\u00fcm cezas\u0131na \u00e7arpt\u0131r\u0131ld\u0131. 8 Eyl\u00fcl 1943&#8217;te as\u0131larak idam edildi. \ufffcTan\u0131t\u0131m Metni<\/p>\n","protected":false},"excerpt":{"rendered":"<p>Dara\u011fac\u0131ndan Notlar, Gestapo zindan\u0131n\u0131n karanl\u0131k bir h\u00fccresinde, dayan\u0131lmaz ko\u015fullar alt\u0131nda inatla kaleme al\u0131nm\u0131\u015f bir direni\u015f g\u00fcncesi. \u00c7ekoslovakya Kom\u00fcnist Partisi&#8217;nin \u00f6nderlerinden Fucik, 24 Nisan 1942&#8217;de, Gestapo&#8217;nun d\u00fczenledi\u011fi<span class=\"excerpt-hellip\"> [\u2026]<\/span><\/p>\n","protected":false},"featured_media":0,"template":"","meta":{"_monsterinsights_skip_tracking":false,"_monsterinsights_sitenote_active":false,"_monsterinsights_sitenote_note":"","_monsterinsights_sitenote_category":0},"product_brand":[],"product_cat":[13701,12291],"product_tag":[],"class_list":{"0":"post-704318","1":"product","2":"type-product","3":"status-publish","5":"product_cat-ani-mektup-gunluk","6":"product_cat-edebiyat","7":"pa_cilt-ciltsiz","8":"pa_tur-kitap","9":"pa_yayinevi-yordam-kitap","10":"pa_yazar-julius-fucik","12":"first","13":"instock","14":"sale","15":"shipping-taxable","16":"purchasable","17":"product-type-simple"},"_links":{"self":[{"href":"https:\/\/roveyayinevi.com.tr\/index.php\/wp-json\/wp\/v2\/product\/704318","targetHints":{"allow":["GET"]}}],"collection":[{"href":"https:\/\/roveyayinevi.com.tr\/index.php\/wp-json\/wp\/v2\/product"}],"about":[{"href":"https:\/\/roveyayinevi.com.tr\/index.php\/wp-json\/wp\/v2\/types\/product"}],"wp:attachment":[{"href":"https:\/\/roveyayinevi.com.tr\/index.php\/wp-json\/wp\/v2\/media?parent=704318"}],"wp:term":[{"taxonomy":"product_brand","embeddable":true,"href":"https:\/\/roveyayinevi.com.tr\/index.php\/wp-json\/wp\/v2\/product_brand?post=704318"},{"taxonomy":"product_cat","embeddable":true,"href":"https:\/\/roveyayinevi.com.tr\/index.php\/wp-json\/wp\/v2\/product_cat?post=704318"},{"taxonomy":"product_tag","embeddable":true,"href":"https:\/\/roveyayinevi.com.tr\/index.php\/wp-json\/wp\/v2\/product_tag?post=704318"}],"curies":[{"name":"wp","href":"https:\/\/api.w.org\/{rel}","templated":true}]}}