{"id":704315,"date":"2025-08-27T15:34:16","date_gmt":"2025-08-27T12:34:16","guid":{"rendered":"https:\/\/roveyayinevi.com.tr\/index.php\/urun\/dr-jekyll-ile-bay-hyde\/"},"modified":"2026-04-12T02:15:50","modified_gmt":"2026-04-11T23:15:50","slug":"dr-jekyll-ile-bay-hyde","status":"publish","type":"product","link":"https:\/\/roveyayinevi.com.tr\/index.php\/urun\/dr-jekyll-ile-bay-hyde\/","title":{"rendered":"Dr. Jekyll \u0130le Bay Hyde"},"content":{"rendered":"<p>Stevenson yinelenen k\u00e2buslar\u0131nda \u00e7ifte ya\u015fam s\u00fcr\u00fcyor; g\u00fcnd\u00fczleri sayg\u0131n bir doktor olarak \u00e7al\u0131\u015f\u0131rken geceleri sokaklarda geziniyordu. Dr. Jekyll ile Bay Hyde i\u015fte bu k\u00e2buslardan do\u011fdu. 1886\u2019da yay\u0131mland\u0131\u011f\u0131nda \u0130ngiltere ve Amerika\u2019y\u0131 kas\u0131p kavuran yap\u0131t, \u00e7ok say\u0131da tiyatro ve sinema uyarlamas\u0131yla bir pop\u00fcler k\u00fclt\u00fcr efsanesine d\u00f6n\u00fc\u015ferek g\u00fcn\u00fcm\u00fcze kadar geldi. Victoria d\u00f6neminin de\u011ferlerine uygun olsa da, olay \u00f6rg\u00fcs\u00fc g\u00fcn\u00fcm\u00fcz\u00fcn toplumsal ve psikolojik kayg\u0131lar\u0131na denk d\u00fc\u015fecek bi\u00e7imde yeniden i\u015flenebilmesine elveriyordu. Bir yandan da, bunca \u015fan \u015f\u00f6hretin g\u00f6lgesinde kalan edebi derinli\u011fi ve \u00e7okkatmanl\u0131l\u0131\u011f\u0131yla farkl\u0131 d\u00fczeylerde okunabilecek bir metin olarak varl\u0131\u011f\u0131n\u0131 s\u00fcrd\u00fcrd\u00fc. Ruhla bedenin arzular\u0131 aras\u0131ndaki ezeli \u00e7at\u0131\u015fmadan s\u00f6z ederken Victoria toplumunun ikiy\u00fczl\u00fcl\u00fc\u011f\u00fcn\u00fc yeren ve psikoloji alan\u0131nda Freud\u2019un kuramlar\u0131n\u0131 haberleyen geli\u015fmelerle kan ba\u011f\u0131 bulunan, \u00e7a\u011f\u0131n\u0131n \u00f6tesinde bir ba\u015fyap\u0131t olarak&#8230; \ufffc<\/p>\n","protected":false},"excerpt":{"rendered":"<p>Stevenson yinelenen k\u00e2buslar\u0131nda \u00e7ifte ya\u015fam s\u00fcr\u00fcyor; g\u00fcnd\u00fczleri sayg\u0131n bir doktor olarak \u00e7al\u0131\u015f\u0131rken geceleri sokaklarda geziniyordu. Dr. Jekyll ile Bay Hyde i\u015fte bu k\u00e2buslardan do\u011fdu. 1886\u2019da yay\u0131mland\u0131\u011f\u0131nda<span class=\"excerpt-hellip\"> [\u2026]<\/span><\/p>\n","protected":false},"featured_media":0,"template":"","meta":{"_monsterinsights_skip_tracking":false,"_monsterinsights_sitenote_active":false,"_monsterinsights_sitenote_note":"","_monsterinsights_sitenote_category":0},"product_brand":[],"product_cat":[12291,12711],"product_tag":[],"class_list":{"0":"post-704315","1":"product","2":"type-product","3":"status-publish","5":"product_cat-edebiyat","6":"product_cat-roman-oyku","7":"pa_cilt-ciltsiz","8":"pa_tur-kitap","9":"pa_yayinevi-is-bankasi-kultur-yayinlari","10":"pa_yazar-robert-louis-stevenson","12":"first","13":"instock","14":"sale","15":"shipping-taxable","16":"purchasable","17":"product-type-simple"},"_links":{"self":[{"href":"https:\/\/roveyayinevi.com.tr\/index.php\/wp-json\/wp\/v2\/product\/704315","targetHints":{"allow":["GET"]}}],"collection":[{"href":"https:\/\/roveyayinevi.com.tr\/index.php\/wp-json\/wp\/v2\/product"}],"about":[{"href":"https:\/\/roveyayinevi.com.tr\/index.php\/wp-json\/wp\/v2\/types\/product"}],"wp:attachment":[{"href":"https:\/\/roveyayinevi.com.tr\/index.php\/wp-json\/wp\/v2\/media?parent=704315"}],"wp:term":[{"taxonomy":"product_brand","embeddable":true,"href":"https:\/\/roveyayinevi.com.tr\/index.php\/wp-json\/wp\/v2\/product_brand?post=704315"},{"taxonomy":"product_cat","embeddable":true,"href":"https:\/\/roveyayinevi.com.tr\/index.php\/wp-json\/wp\/v2\/product_cat?post=704315"},{"taxonomy":"product_tag","embeddable":true,"href":"https:\/\/roveyayinevi.com.tr\/index.php\/wp-json\/wp\/v2\/product_tag?post=704315"}],"curies":[{"name":"wp","href":"https:\/\/api.w.org\/{rel}","templated":true}]}}