{"id":704314,"date":"2025-08-27T15:34:15","date_gmt":"2025-08-27T12:34:15","guid":{"rendered":"https:\/\/roveyayinevi.com.tr\/index.php\/urun\/lorenzaccio\/"},"modified":"2026-04-16T02:13:24","modified_gmt":"2026-04-15T23:13:24","slug":"lorenzaccio","status":"publish","type":"product","link":"https:\/\/roveyayinevi.com.tr\/index.php\/urun\/lorenzaccio\/","title":{"rendered":"Lorenzaccio"},"content":{"rendered":"<p>Alfred de Musset (1810-1857): 19.y\u00fczy\u0131l Frans\u0131z edebiyat\u0131n\u0131n en \u00f6nemli isimlerindendir. 1829 y\u0131l\u0131nda yay\u0131mlanan Contes d&#8217;Espagne et d&#8217;Italie isimli \u015fiir kitab\u0131yla \u00fcne kavu\u015ftu. Victor Hugo, Charles Nodier gibi Romantik yazarlar\u0131n \u00e7evresinin m\u00fcdavimi oldu. Temmuz Monar\u015fisi d\u00f6neminde Frans\u0131z \u0130\u00e7i\u015fleri Bakanl\u0131\u011f\u0131\u2019n\u0131n k\u00fct\u00fcphanesinde k\u00fct\u00fcphanecilik yapt\u0131, 1845 y\u0131l\u0131nda L\u00e9gion d\u2019honneur\u2019e lay\u0131k g\u00f6r\u00fcld\u00fc. 1852 y\u0131l\u0131nda Acad\u00e9mie fran\u00e7aise\u2019e \u00fcye olarak se\u00e7ildi. Alfred de Musset \u015fiirin yan\u0131nda roman, \u00f6yk\u00fc ve oyun t\u00fcr\u00fcnde \u00e7ok say\u0131da eser verdi. \u0130lk oyunu La Nuit v\u00e9nitienne (1830) sahnede ba\u015far\u0131s\u0131z olunca oyunlar\u0131n\u0131n sahnelenmesine 1847 y\u0131l\u0131na dek izin vermedi. \u0130lk kez 1896 y\u0131l\u0131nda sahnelenen Lorenzaccio, politik, psikolojik boyutlar\u0131, karma\u015f\u0131k dramaturjisiyle son derece zengin, romantik ba\u015fki\u015fisi Lorenzo\u2019nun erdem ve sefahat aras\u0131nda s\u0131k\u0131\u015fm\u0131\u015f, \u00e7eli\u015fkilerle dolu ya\u015fam\u0131n\u0131n ele al\u0131n\u0131\u015f\u0131 bak\u0131m\u0131ndan da son derece moderndir. Alfred de Musset\u2019nin \u201cbir g\u00fcn ya Shakespeare ya da Schiller olma\u201d dile\u011finin ger\u00e7ekle\u015fti\u011fini g\u00f6steren bir kan\u0131tt\u0131r Lorenzaccio, Frans\u0131z edebiyat\u0131n\u0131n Hamlet\u2019idir. <\/p>\n","protected":false},"excerpt":{"rendered":"<p>Alfred de Musset (1810-1857): 19.y\u00fczy\u0131l Frans\u0131z edebiyat\u0131n\u0131n en \u00f6nemli isimlerindendir. 1829 y\u0131l\u0131nda yay\u0131mlanan Contes d&#8217;Espagne et d&#8217;Italie isimli \u015fiir kitab\u0131yla \u00fcne kavu\u015ftu. Victor Hugo, Charles Nodier<span class=\"excerpt-hellip\"> [\u2026]<\/span><\/p>\n","protected":false},"featured_media":0,"template":"","meta":{"_monsterinsights_skip_tracking":false,"_monsterinsights_sitenote_active":false,"_monsterinsights_sitenote_note":"","_monsterinsights_sitenote_category":0},"product_brand":[],"product_cat":[12291,14272],"product_tag":[],"class_list":{"0":"post-704314","1":"product","2":"type-product","3":"status-publish","5":"product_cat-edebiyat","6":"product_cat-tiyatro","7":"pa_cilt-ciltsiz","8":"pa_tur-kitap","9":"pa_yayinevi-is-bankasi-kultur-yayinlari","10":"pa_yazar-alfred-de-musset","12":"first","13":"instock","14":"sale","15":"shipping-taxable","16":"purchasable","17":"product-type-simple"},"_links":{"self":[{"href":"https:\/\/roveyayinevi.com.tr\/index.php\/wp-json\/wp\/v2\/product\/704314","targetHints":{"allow":["GET"]}}],"collection":[{"href":"https:\/\/roveyayinevi.com.tr\/index.php\/wp-json\/wp\/v2\/product"}],"about":[{"href":"https:\/\/roveyayinevi.com.tr\/index.php\/wp-json\/wp\/v2\/types\/product"}],"wp:attachment":[{"href":"https:\/\/roveyayinevi.com.tr\/index.php\/wp-json\/wp\/v2\/media?parent=704314"}],"wp:term":[{"taxonomy":"product_brand","embeddable":true,"href":"https:\/\/roveyayinevi.com.tr\/index.php\/wp-json\/wp\/v2\/product_brand?post=704314"},{"taxonomy":"product_cat","embeddable":true,"href":"https:\/\/roveyayinevi.com.tr\/index.php\/wp-json\/wp\/v2\/product_cat?post=704314"},{"taxonomy":"product_tag","embeddable":true,"href":"https:\/\/roveyayinevi.com.tr\/index.php\/wp-json\/wp\/v2\/product_tag?post=704314"}],"curies":[{"name":"wp","href":"https:\/\/api.w.org\/{rel}","templated":true}]}}