{"id":704312,"date":"2025-08-27T15:34:15","date_gmt":"2025-08-27T12:34:15","guid":{"rendered":"https:\/\/roveyayinevi.com.tr\/index.php\/urun\/estetik-anlayis\/"},"modified":"2026-04-16T02:13:24","modified_gmt":"2026-04-15T23:13:24","slug":"estetik-anlayis","status":"publish","type":"product","link":"https:\/\/roveyayinevi.com.tr\/index.php\/urun\/estetik-anlayis\/","title":{"rendered":"Estetik Anlay\u0131\u015f"},"content":{"rendered":"<p>Sanat\u0131n, g\u00fczel-\u00e7irkin kar\u015f\u0131tl\u0131\u011f\u0131n\u0131 a\u015f\u0131p, d\u00fcnyaya ve insana y\u00f6neldi\u011fi, bir de\u011ferler \u00e7oklu\u011funu ger\u00e7ekle\u015ftiren bir eylem olarak g\u00f6r\u00fcld\u00fc\u011f\u00fc \u00e7a\u011fda, \u00f6zne merkezli psikolojik yakla\u015f\u0131m\u0131n estetik bilimi i\u00e7in yetersiz kalaca\u011f\u0131 a\u00e7\u0131kt\u0131r. Etik alandaki fenomenolojik \u00e7al\u0131\u015fmalar, iyi- k\u00f6t\u00fc de\u011fer yarg\u0131lar\u0131 kar\u015f\u0131tl\u0131\u011f\u0131n\u0131 a\u015farak de\u011ferler \u00e7oklu\u011funa dayanan, i\u00e7erikli de\u011fer eti\u011finin kurulmas\u0131n\u0131 sa\u011flam\u0131\u015ft\u0131. Bunun gibi estetik alandaki fenomenolojik ara\u015ft\u0131rmalarla da de\u011ferlere dayanan bir estetik kurulmal\u0131yd\u0131. Estetik, temelini sanat yap\u0131t\u0131n\u0131n kendisinde, sanat nesnesinde bulan de\u011ferlerin bir bilimi olacakt\u0131r. \u0130\u015fte bu kitap, estetik bilimin ayr\u0131 bir bilim dal\u0131 olarak kurulma \u00e7abalar\u0131n\u0131n ba\u015flad\u0131\u011f\u0131 19. y\u00fczy\u0131l\u0131n ikinci yar\u0131s\u0131ndan ba\u015flayarak, esteti\u011fe ve sanat g\u00f6r\u00fc\u015flerine yerle\u015fmi\u015f olan t\u00fcrl\u00fc sanat d\u0131\u015f\u0131 tutumlar\u0131 g\u00f6stermek ve sanat nesnesine y\u00f6nelik bir de\u011ferler esteti\u011fine giden yollar\u0131 a\u00e7mak istiyor. \ufffcTan\u0131t\u0131m Metni<\/p>\n","protected":false},"excerpt":{"rendered":"<p>Sanat\u0131n, g\u00fczel-\u00e7irkin kar\u015f\u0131tl\u0131\u011f\u0131n\u0131 a\u015f\u0131p, d\u00fcnyaya ve insana y\u00f6neldi\u011fi, bir de\u011ferler \u00e7oklu\u011funu ger\u00e7ekle\u015ftiren bir eylem olarak g\u00f6r\u00fcld\u00fc\u011f\u00fc \u00e7a\u011fda, \u00f6zne merkezli psikolojik yakla\u015f\u0131m\u0131n estetik bilimi i\u00e7in yetersiz kalaca\u011f\u0131<span class=\"excerpt-hellip\"> [\u2026]<\/span><\/p>\n","protected":false},"featured_media":0,"template":"","meta":{"_monsterinsights_skip_tracking":false,"_monsterinsights_sitenote_active":false,"_monsterinsights_sitenote_note":"","_monsterinsights_sitenote_category":0},"product_brand":[],"product_cat":[12389,12388],"product_tag":[],"class_list":{"0":"post-704312","1":"product","2":"type-product","3":"status-publish","5":"product_cat-diger-felsefe","6":"product_cat-felsefe","7":"pa_cilt-ciltsiz","8":"pa_tur-kitap","9":"pa_yayinevi-dogu-bati-yayinlari","10":"pa_yazar-moritz-geiger","12":"first","13":"instock","14":"sale","15":"shipping-taxable","16":"purchasable","17":"product-type-simple"},"_links":{"self":[{"href":"https:\/\/roveyayinevi.com.tr\/index.php\/wp-json\/wp\/v2\/product\/704312","targetHints":{"allow":["GET"]}}],"collection":[{"href":"https:\/\/roveyayinevi.com.tr\/index.php\/wp-json\/wp\/v2\/product"}],"about":[{"href":"https:\/\/roveyayinevi.com.tr\/index.php\/wp-json\/wp\/v2\/types\/product"}],"wp:attachment":[{"href":"https:\/\/roveyayinevi.com.tr\/index.php\/wp-json\/wp\/v2\/media?parent=704312"}],"wp:term":[{"taxonomy":"product_brand","embeddable":true,"href":"https:\/\/roveyayinevi.com.tr\/index.php\/wp-json\/wp\/v2\/product_brand?post=704312"},{"taxonomy":"product_cat","embeddable":true,"href":"https:\/\/roveyayinevi.com.tr\/index.php\/wp-json\/wp\/v2\/product_cat?post=704312"},{"taxonomy":"product_tag","embeddable":true,"href":"https:\/\/roveyayinevi.com.tr\/index.php\/wp-json\/wp\/v2\/product_tag?post=704312"}],"curies":[{"name":"wp","href":"https:\/\/api.w.org\/{rel}","templated":true}]}}