{"id":704311,"date":"2025-08-27T15:34:14","date_gmt":"2025-08-27T12:34:14","guid":{"rendered":"https:\/\/roveyayinevi.com.tr\/index.php\/urun\/degerler-egitimi-cevre-bilinci\/"},"modified":"2026-04-16T02:13:24","modified_gmt":"2026-04-15T23:13:24","slug":"degerler-egitimi-cevre-bilinci","status":"publish","type":"product","link":"https:\/\/roveyayinevi.com.tr\/index.php\/urun\/degerler-egitimi-cevre-bilinci\/","title":{"rendered":"De\u011ferler E\u011fitimi &#8211; \u00c7evre Bilinci"},"content":{"rendered":"<p>D\u00fcnyan\u0131n daha ya\u015fanabilir bir yer olmas\u0131 ve gelecek ku\u015faklara aktarabilmesi i\u00e7in \u00e7ocu\u011funuzun \u00e7evre bilinci edinmesine yard\u0131mc\u0131 olun. S\u00fcrd\u00fcr\u00fclebilir bir hayat\u0131n \u00e7evre bilinci kazand\u0131r\u0131lmas\u0131ndan ge\u00e7ti\u011fini unutmay\u0131n. \ufffcTan\u0131t\u0131m Metni<\/p>\n","protected":false},"excerpt":{"rendered":"<p>D\u00fcnyan\u0131n daha ya\u015fanabilir bir yer olmas\u0131 ve gelecek ku\u015faklara aktarabilmesi i\u00e7in \u00e7ocu\u011funuzun \u00e7evre bilinci edinmesine yard\u0131mc\u0131 olun. S\u00fcrd\u00fcr\u00fclebilir bir hayat\u0131n \u00e7evre bilinci kazand\u0131r\u0131lmas\u0131ndan ge\u00e7ti\u011fini unutmay\u0131n. \ufffcTan\u0131t\u0131m<span class=\"excerpt-hellip\"> [\u2026]<\/span><\/p>\n","protected":false},"featured_media":0,"template":"","meta":{"_monsterinsights_skip_tracking":false,"_monsterinsights_sitenote_active":false,"_monsterinsights_sitenote_note":"","_monsterinsights_sitenote_category":0},"product_brand":[],"product_cat":[12274,12631],"product_tag":[],"class_list":{"0":"post-704311","1":"product","2":"type-product","3":"status-publish","5":"product_cat-cocuk-ve-genclik-kitaplari","6":"product_cat-diger-cocuk-ve-genclik-kitaplari","7":"pa_cilt-ciltsiz","8":"pa_tur-kitap","9":"pa_yayinevi-altin-kitaplar","10":"pa_yazar-kolektif","12":"first","13":"instock","14":"sale","15":"shipping-taxable","16":"purchasable","17":"product-type-simple"},"_links":{"self":[{"href":"https:\/\/roveyayinevi.com.tr\/index.php\/wp-json\/wp\/v2\/product\/704311","targetHints":{"allow":["GET"]}}],"collection":[{"href":"https:\/\/roveyayinevi.com.tr\/index.php\/wp-json\/wp\/v2\/product"}],"about":[{"href":"https:\/\/roveyayinevi.com.tr\/index.php\/wp-json\/wp\/v2\/types\/product"}],"wp:attachment":[{"href":"https:\/\/roveyayinevi.com.tr\/index.php\/wp-json\/wp\/v2\/media?parent=704311"}],"wp:term":[{"taxonomy":"product_brand","embeddable":true,"href":"https:\/\/roveyayinevi.com.tr\/index.php\/wp-json\/wp\/v2\/product_brand?post=704311"},{"taxonomy":"product_cat","embeddable":true,"href":"https:\/\/roveyayinevi.com.tr\/index.php\/wp-json\/wp\/v2\/product_cat?post=704311"},{"taxonomy":"product_tag","embeddable":true,"href":"https:\/\/roveyayinevi.com.tr\/index.php\/wp-json\/wp\/v2\/product_tag?post=704311"}],"curies":[{"name":"wp","href":"https:\/\/api.w.org\/{rel}","templated":true}]}}