{"id":704310,"date":"2025-08-27T15:34:14","date_gmt":"2025-08-27T12:34:14","guid":{"rendered":"https:\/\/roveyayinevi.com.tr\/index.php\/urun\/degerler-egitimi-guvenli-yasam\/"},"modified":"2026-04-16T02:13:24","modified_gmt":"2026-04-15T23:13:24","slug":"degerler-egitimi-guvenli-yasam","status":"publish","type":"product","link":"https:\/\/roveyayinevi.com.tr\/index.php\/urun\/degerler-egitimi-guvenli-yasam\/","title":{"rendered":"De\u011ferler E\u011fitimi &#8211; G\u00fcvenli Ya\u015fam"},"content":{"rendered":"<p>Oyun \u00e7a\u011f\u0131ndaki \u00e7ocu\u011funuzun evde ya da d\u0131\u015far\u0131da daha g\u00fcvenli bir ya\u015fam s\u00fcrd\u00fcrebilmesi i\u00e7in g\u00fcvenlik kurallar\u0131na uygun davranmas\u0131 olduk\u00e7a \u00f6nemlidir. Onun. bu konunun ya\u015famsal bir \u00f6nemi oldu\u011funu anlamas\u0131na yard\u0131mc\u0131 olun. \ufffcTan\u0131t\u0131m Metni<\/p>\n","protected":false},"excerpt":{"rendered":"<p>Oyun \u00e7a\u011f\u0131ndaki \u00e7ocu\u011funuzun evde ya da d\u0131\u015far\u0131da daha g\u00fcvenli bir ya\u015fam s\u00fcrd\u00fcrebilmesi i\u00e7in g\u00fcvenlik kurallar\u0131na uygun davranmas\u0131 olduk\u00e7a \u00f6nemlidir. Onun. bu konunun ya\u015famsal bir \u00f6nemi oldu\u011funu<span class=\"excerpt-hellip\"> [\u2026]<\/span><\/p>\n","protected":false},"featured_media":0,"template":"","meta":{"_monsterinsights_skip_tracking":false,"_monsterinsights_sitenote_active":false,"_monsterinsights_sitenote_note":"","_monsterinsights_sitenote_category":0},"product_brand":[],"product_cat":[12554,12274],"product_tag":[],"class_list":{"0":"post-704310","1":"product","2":"type-product","3":"status-publish","5":"product_cat-cikartmali-kitaplar","6":"product_cat-cocuk-ve-genclik-kitaplari","7":"pa_cilt-ciltsiz","8":"pa_tur-kitap","9":"pa_yayinevi-altin-kitaplar","10":"pa_yazar-kolektif","12":"first","13":"instock","14":"sale","15":"shipping-taxable","16":"purchasable","17":"product-type-simple"},"_links":{"self":[{"href":"https:\/\/roveyayinevi.com.tr\/index.php\/wp-json\/wp\/v2\/product\/704310","targetHints":{"allow":["GET"]}}],"collection":[{"href":"https:\/\/roveyayinevi.com.tr\/index.php\/wp-json\/wp\/v2\/product"}],"about":[{"href":"https:\/\/roveyayinevi.com.tr\/index.php\/wp-json\/wp\/v2\/types\/product"}],"wp:attachment":[{"href":"https:\/\/roveyayinevi.com.tr\/index.php\/wp-json\/wp\/v2\/media?parent=704310"}],"wp:term":[{"taxonomy":"product_brand","embeddable":true,"href":"https:\/\/roveyayinevi.com.tr\/index.php\/wp-json\/wp\/v2\/product_brand?post=704310"},{"taxonomy":"product_cat","embeddable":true,"href":"https:\/\/roveyayinevi.com.tr\/index.php\/wp-json\/wp\/v2\/product_cat?post=704310"},{"taxonomy":"product_tag","embeddable":true,"href":"https:\/\/roveyayinevi.com.tr\/index.php\/wp-json\/wp\/v2\/product_tag?post=704310"}],"curies":[{"name":"wp","href":"https:\/\/api.w.org\/{rel}","templated":true}]}}