{"id":704309,"date":"2025-08-27T15:34:13","date_gmt":"2025-08-27T12:34:13","guid":{"rendered":"https:\/\/roveyayinevi.com.tr\/index.php\/urun\/degerler-egitimi-saglikli-yasam\/"},"modified":"2026-04-16T02:13:24","modified_gmt":"2026-04-15T23:13:24","slug":"degerler-egitimi-saglikli-yasam","status":"publish","type":"product","link":"https:\/\/roveyayinevi.com.tr\/index.php\/urun\/degerler-egitimi-saglikli-yasam\/","title":{"rendered":"De\u011ferler E\u011fitimi &#8211; Sa\u011fl\u0131kl\u0131 Ya\u015fam"},"content":{"rendered":"<p>B\u00fcy\u00fcmekte olan \u00e7ocu\u011funuzun d\u00fcnyay\u0131 aanlama ve kendini tan\u0131ma a\u015famas\u0131nda en \u00f6nemli konu sa\u011fl\u0131kl\u0131 al\u0131\u015fkanl\u0131klar edinmemesi ve sa\u011fl\u0131kl\u0131 al\u0131\u015fkanl\u0131lar ya\u015fam\u0131n\u0131 olumlu y\u00f6nde nas\u0131\u015f etkiledi\u011fini g\u00f6rmesi i\u00e7in ona yard\u0131mc\u0131 olun. \ufffcTan\u0131t\u0131m Metni<\/p>\n","protected":false},"excerpt":{"rendered":"<p>B\u00fcy\u00fcmekte olan \u00e7ocu\u011funuzun d\u00fcnyay\u0131 aanlama ve kendini tan\u0131ma a\u015famas\u0131nda en \u00f6nemli konu sa\u011fl\u0131kl\u0131 al\u0131\u015fkanl\u0131klar edinmemesi ve sa\u011fl\u0131kl\u0131 al\u0131\u015fkanl\u0131lar ya\u015fam\u0131n\u0131 olumlu y\u00f6nde nas\u0131\u015f etkiledi\u011fini g\u00f6rmesi i\u00e7in ona<span class=\"excerpt-hellip\"> [\u2026]<\/span><\/p>\n","protected":false},"featured_media":0,"template":"","meta":{"_monsterinsights_skip_tracking":false,"_monsterinsights_sitenote_active":false,"_monsterinsights_sitenote_note":"","_monsterinsights_sitenote_category":0},"product_brand":[],"product_cat":[12554,12274],"product_tag":[],"class_list":{"0":"post-704309","1":"product","2":"type-product","3":"status-publish","5":"product_cat-cikartmali-kitaplar","6":"product_cat-cocuk-ve-genclik-kitaplari","7":"pa_cilt-ciltsiz","8":"pa_tur-kitap","9":"pa_yayinevi-altin-kitaplar","10":"pa_yazar-kolektif","12":"first","13":"instock","14":"sale","15":"shipping-taxable","16":"purchasable","17":"product-type-simple"},"_links":{"self":[{"href":"https:\/\/roveyayinevi.com.tr\/index.php\/wp-json\/wp\/v2\/product\/704309","targetHints":{"allow":["GET"]}}],"collection":[{"href":"https:\/\/roveyayinevi.com.tr\/index.php\/wp-json\/wp\/v2\/product"}],"about":[{"href":"https:\/\/roveyayinevi.com.tr\/index.php\/wp-json\/wp\/v2\/types\/product"}],"wp:attachment":[{"href":"https:\/\/roveyayinevi.com.tr\/index.php\/wp-json\/wp\/v2\/media?parent=704309"}],"wp:term":[{"taxonomy":"product_brand","embeddable":true,"href":"https:\/\/roveyayinevi.com.tr\/index.php\/wp-json\/wp\/v2\/product_brand?post=704309"},{"taxonomy":"product_cat","embeddable":true,"href":"https:\/\/roveyayinevi.com.tr\/index.php\/wp-json\/wp\/v2\/product_cat?post=704309"},{"taxonomy":"product_tag","embeddable":true,"href":"https:\/\/roveyayinevi.com.tr\/index.php\/wp-json\/wp\/v2\/product_tag?post=704309"}],"curies":[{"name":"wp","href":"https:\/\/api.w.org\/{rel}","templated":true}]}}