{"id":704306,"date":"2025-08-27T15:34:12","date_gmt":"2025-08-27T12:34:12","guid":{"rendered":"https:\/\/roveyayinevi.com.tr\/index.php\/urun\/muzik-teknolojisine-giris\/"},"modified":"2026-04-16T02:13:24","modified_gmt":"2026-04-15T23:13:24","slug":"muzik-teknolojisine-giris","status":"publish","type":"product","link":"https:\/\/roveyayinevi.com.tr\/index.php\/urun\/muzik-teknolojisine-giris\/","title":{"rendered":"M\u00fczik Teknolojisine Giri\u015f"},"content":{"rendered":"<p>M\u00fczi\u011fin ya\u015fant\u0131m\u0131zda \u00e7ok \u00f6nemli bir yeri vard\u0131r. Sinemada, tiyatroda, konserde, CD\u2019de, radyoda, sokakta, evde ve bir\u00e7ok yerdedir m\u00fczik. Ancak m\u00fczi\u011fi dinlemek ya da dinleyiciye ula\u015ft\u0131rmak i\u00e7in \u201cm\u00fczik teknolojisi\u201d gerekir. M\u00fczik teknolojisi, m\u00fczi\u011fi kaydetmek, yay\u0131nlamak ya da kitlelere ula\u015ft\u0131rmak i\u00e7in gereken b\u00fct\u00fcn bilgileri i\u00e7erir. Geni\u015f kapsaml\u0131 ve \u00e7ok disiplinli bir konudur. \ufffcTan\u0131t\u0131m Metni<\/p>\n","protected":false},"excerpt":{"rendered":"<p>M\u00fczi\u011fin ya\u015fant\u0131m\u0131zda \u00e7ok \u00f6nemli bir yeri vard\u0131r. Sinemada, tiyatroda, konserde, CD\u2019de, radyoda, sokakta, evde ve bir\u00e7ok yerdedir m\u00fczik. Ancak m\u00fczi\u011fi dinlemek ya da dinleyiciye ula\u015ft\u0131rmak i\u00e7in<span class=\"excerpt-hellip\"> [\u2026]<\/span><\/p>\n","protected":false},"featured_media":0,"template":"","meta":{"_monsterinsights_skip_tracking":false,"_monsterinsights_sitenote_active":false,"_monsterinsights_sitenote_note":"","_monsterinsights_sitenote_category":0},"product_brand":[],"product_cat":[14591,14556],"product_tag":[],"class_list":{"0":"post-704306","1":"product","2":"type-product","3":"status-publish","5":"product_cat-genel-kavramlar-kuram-ve-tarihce","6":"product_cat-muzik","7":"pa_cilt-ciltsiz","8":"pa_tur-kitap","9":"pa_yayinevi-muzik-egitimi-yayinlari","10":"pa_yazar-abdurrahman-tarikci","12":"first","13":"instock","14":"sale","15":"shipping-taxable","16":"purchasable","17":"product-type-simple"},"_links":{"self":[{"href":"https:\/\/roveyayinevi.com.tr\/index.php\/wp-json\/wp\/v2\/product\/704306","targetHints":{"allow":["GET"]}}],"collection":[{"href":"https:\/\/roveyayinevi.com.tr\/index.php\/wp-json\/wp\/v2\/product"}],"about":[{"href":"https:\/\/roveyayinevi.com.tr\/index.php\/wp-json\/wp\/v2\/types\/product"}],"wp:attachment":[{"href":"https:\/\/roveyayinevi.com.tr\/index.php\/wp-json\/wp\/v2\/media?parent=704306"}],"wp:term":[{"taxonomy":"product_brand","embeddable":true,"href":"https:\/\/roveyayinevi.com.tr\/index.php\/wp-json\/wp\/v2\/product_brand?post=704306"},{"taxonomy":"product_cat","embeddable":true,"href":"https:\/\/roveyayinevi.com.tr\/index.php\/wp-json\/wp\/v2\/product_cat?post=704306"},{"taxonomy":"product_tag","embeddable":true,"href":"https:\/\/roveyayinevi.com.tr\/index.php\/wp-json\/wp\/v2\/product_tag?post=704306"}],"curies":[{"name":"wp","href":"https:\/\/api.w.org\/{rel}","templated":true}]}}