{"id":704304,"date":"2025-08-27T15:34:11","date_gmt":"2025-08-27T12:34:11","guid":{"rendered":"https:\/\/roveyayinevi.com.tr\/index.php\/urun\/anadolu-orkideleri\/"},"modified":"2026-04-16T02:13:24","modified_gmt":"2026-04-15T23:13:24","slug":"anadolu-orkideleri","status":"publish","type":"product","link":"https:\/\/roveyayinevi.com.tr\/index.php\/urun\/anadolu-orkideleri\/","title":{"rendered":"Anadolu Orkideleri"},"content":{"rendered":"<p>&#8220;Dikkat! iyisi mi onlara uzun s\u00fcre bakmay\u0131n, zira orkideler ba\u011f\u0131ml\u0131l\u0131k yarat\u0131r ve ya\u015fam boyu s\u00fcrecek bir tutkuyu ate\u015fler. Hele \u00fcreme y\u00f6ntemleri! Hayrete d\u00fc\u015feceksiniz&#8230;&#8221; Foto\u011fraf\u00e7\u0131 Faruk Akba\u015f, Anadolu gezileri s\u0131ras\u0131nda \u00e7ekti\u011fi orkide foto\u011fraflar\u0131ndan olu\u015fan alb\u00fcm kitab\u0131n\u0131 akt\u00fcel yaz\u0131lar ve derlemelerle okuyucuya sunuyor&#8230; &#8220;Beware! You\u2019d better not look at them for a long time, because orhicds may turn you into an addict and ingnite a life-long passion in you. Especially their methods of proliferation! You\u2019ll be amazed.&#8221; Well-known Turkish photographer Faruk Akba\u015f presents this album-book which consists of his actual articles, reviews and photographs that have been taken during his Anatolian trips. <\/p>\n","protected":false},"excerpt":{"rendered":"<p>&#8220;Dikkat! iyisi mi onlara uzun s\u00fcre bakmay\u0131n, zira orkideler ba\u011f\u0131ml\u0131l\u0131k yarat\u0131r ve ya\u015fam boyu s\u00fcrecek bir tutkuyu ate\u015fler. Hele \u00fcreme y\u00f6ntemleri! Hayrete d\u00fc\u015feceksiniz&#8230;&#8221; Foto\u011fraf\u00e7\u0131 Faruk Akba\u015f,<span class=\"excerpt-hellip\"> [\u2026]<\/span><\/p>\n","protected":false},"featured_media":0,"template":"","meta":{"_monsterinsights_skip_tracking":false,"_monsterinsights_sitenote_active":false,"_monsterinsights_sitenote_note":"","_monsterinsights_sitenote_category":0},"product_brand":[],"product_cat":[12409,12408],"product_tag":[],"class_list":{"0":"post-704304","1":"product","2":"type-product","3":"status-publish","5":"product_cat-fotograf-sinema-tiyatro","6":"product_cat-sanat","7":"pa_cilt-ciltsiz","8":"pa_tur-kitap","9":"pa_yayinevi-say-yayinlari","10":"pa_yazar-faruk-akbas","12":"first","13":"instock","14":"sale","15":"shipping-taxable","16":"purchasable","17":"product-type-simple"},"_links":{"self":[{"href":"https:\/\/roveyayinevi.com.tr\/index.php\/wp-json\/wp\/v2\/product\/704304","targetHints":{"allow":["GET"]}}],"collection":[{"href":"https:\/\/roveyayinevi.com.tr\/index.php\/wp-json\/wp\/v2\/product"}],"about":[{"href":"https:\/\/roveyayinevi.com.tr\/index.php\/wp-json\/wp\/v2\/types\/product"}],"wp:attachment":[{"href":"https:\/\/roveyayinevi.com.tr\/index.php\/wp-json\/wp\/v2\/media?parent=704304"}],"wp:term":[{"taxonomy":"product_brand","embeddable":true,"href":"https:\/\/roveyayinevi.com.tr\/index.php\/wp-json\/wp\/v2\/product_brand?post=704304"},{"taxonomy":"product_cat","embeddable":true,"href":"https:\/\/roveyayinevi.com.tr\/index.php\/wp-json\/wp\/v2\/product_cat?post=704304"},{"taxonomy":"product_tag","embeddable":true,"href":"https:\/\/roveyayinevi.com.tr\/index.php\/wp-json\/wp\/v2\/product_tag?post=704304"}],"curies":[{"name":"wp","href":"https:\/\/api.w.org\/{rel}","templated":true}]}}