{"id":704303,"date":"2025-08-27T15:34:11","date_gmt":"2025-08-27T12:34:11","guid":{"rendered":"https:\/\/roveyayinevi.com.tr\/index.php\/urun\/erdemler-serisi-2-calismayi-seviyorum-caliskanlik\/"},"modified":"2026-04-16T02:13:24","modified_gmt":"2026-04-15T23:13:24","slug":"erdemler-serisi-2-calismayi-seviyorum-caliskanlik","status":"publish","type":"product","link":"https:\/\/roveyayinevi.com.tr\/index.php\/urun\/erdemler-serisi-2-calismayi-seviyorum-caliskanlik\/","title":{"rendered":"Erdemler Serisi 2 &#8211; \u00c7al\u0131\u015fmay\u0131 Seviyorum &#8211; \u00c7al\u0131\u015fkanl\u0131k"},"content":{"rendered":"<p>\u00c7al\u0131\u015fmay\u0131 Seviyorum kitab\u0131yla \u00e7ocuklar sorumluluk bilincini kavrayacaklar ve planl\u0131 \u00e7al\u0131\u015fman\u0131n \u00f6nemini \u00f6\u011frenecekler. <\/p>\n","protected":false},"excerpt":{"rendered":"<p>\u00c7al\u0131\u015fmay\u0131 Seviyorum kitab\u0131yla \u00e7ocuklar sorumluluk bilincini kavrayacaklar ve planl\u0131 \u00e7al\u0131\u015fman\u0131n \u00f6nemini \u00f6\u011frenecekler.<\/p>\n","protected":false},"featured_media":0,"template":"","meta":{"_monsterinsights_skip_tracking":false,"_monsterinsights_sitenote_active":false,"_monsterinsights_sitenote_note":"","_monsterinsights_sitenote_category":0},"product_brand":[],"product_cat":[12274,12284],"product_tag":[],"class_list":{"0":"post-704303","1":"product","2":"type-product","3":"status-publish","5":"product_cat-cocuk-ve-genclik-kitaplari","6":"product_cat-hikayeler","7":"pa_tur-kitap","8":"pa_yayinevi-timas-cocuk","9":"pa_yazar-necla-saydam","11":"first","12":"instock","13":"sale","14":"shipping-taxable","15":"purchasable","16":"product-type-simple"},"_links":{"self":[{"href":"https:\/\/roveyayinevi.com.tr\/index.php\/wp-json\/wp\/v2\/product\/704303","targetHints":{"allow":["GET"]}}],"collection":[{"href":"https:\/\/roveyayinevi.com.tr\/index.php\/wp-json\/wp\/v2\/product"}],"about":[{"href":"https:\/\/roveyayinevi.com.tr\/index.php\/wp-json\/wp\/v2\/types\/product"}],"wp:attachment":[{"href":"https:\/\/roveyayinevi.com.tr\/index.php\/wp-json\/wp\/v2\/media?parent=704303"}],"wp:term":[{"taxonomy":"product_brand","embeddable":true,"href":"https:\/\/roveyayinevi.com.tr\/index.php\/wp-json\/wp\/v2\/product_brand?post=704303"},{"taxonomy":"product_cat","embeddable":true,"href":"https:\/\/roveyayinevi.com.tr\/index.php\/wp-json\/wp\/v2\/product_cat?post=704303"},{"taxonomy":"product_tag","embeddable":true,"href":"https:\/\/roveyayinevi.com.tr\/index.php\/wp-json\/wp\/v2\/product_tag?post=704303"}],"curies":[{"name":"wp","href":"https:\/\/api.w.org\/{rel}","templated":true}]}}