{"id":704299,"date":"2025-08-27T15:34:09","date_gmt":"2025-08-27T12:34:09","guid":{"rendered":"https:\/\/roveyayinevi.com.tr\/index.php\/urun\/ozgurluk-2\/"},"modified":"2026-04-16T02:13:23","modified_gmt":"2026-04-15T23:13:23","slug":"ozgurluk-2","status":"publish","type":"product","link":"https:\/\/roveyayinevi.com.tr\/index.php\/urun\/ozgurluk-2\/","title":{"rendered":"\u00d6zg\u00fcrl\u00fck"},"content":{"rendered":"<p>\u00d6zg\u00fcrl\u00fck \u00fczerine yap\u0131lan \u00e7o\u011fu akademik tart\u0131\u015fma \u00f6zg\u00fcrl\u00fc\u011fe ya felsefi bir kavram ya da politik ideolojinin bir \u00f6\u011fretisi olarak yakla\u015f\u0131r. Oysa bu kitapta \u00f6zg\u00fcrl\u00fck bir fikir ya da \u00f6nerme olarak de\u011fil toplumsal bir ili\u015fki olarak analiz ediliyor. B\u00f6yle g\u00f6r\u00fcld\u00fc\u011f\u00fcnde \u00f6zg\u00fcrl\u00fck, g\u00f6receli do\u011fas\u0131n\u0131 a\u00e7\u0131\u011fa \u00e7\u0131kar\u0131r: Tarih boyunca, \u00f6zg\u00fcrl\u00fck ya \u00fcst\u00fcn ya da zay\u0131f g\u00fc\u00e7ler kar\u015f\u0131s\u0131nda deneyimlenen bir ayr\u0131cal\u0131kt\u0131r. \ufffcTan\u0131t\u0131m Metni<\/p>\n","protected":false},"excerpt":{"rendered":"<p>\u00d6zg\u00fcrl\u00fck \u00fczerine yap\u0131lan \u00e7o\u011fu akademik tart\u0131\u015fma \u00f6zg\u00fcrl\u00fc\u011fe ya felsefi bir kavram ya da politik ideolojinin bir \u00f6\u011fretisi olarak yakla\u015f\u0131r. Oysa bu kitapta \u00f6zg\u00fcrl\u00fck bir fikir ya<span class=\"excerpt-hellip\"> [\u2026]<\/span><\/p>\n","protected":false},"featured_media":0,"template":"","meta":{"_monsterinsights_skip_tracking":false,"_monsterinsights_sitenote_active":false,"_monsterinsights_sitenote_note":"","_monsterinsights_sitenote_category":0},"product_brand":[],"product_cat":[12312,12304],"product_tag":[],"class_list":{"0":"post-704299","1":"product","2":"type-product","3":"status-publish","5":"product_cat-diger","6":"product_cat-tarih","7":"pa_cilt-ciltsiz","8":"pa_tur-kitap","9":"pa_yayinevi-ayrinti-yayinlari","10":"pa_yazar-zygmunt-bauman","12":"first","13":"instock","14":"sale","15":"shipping-taxable","16":"purchasable","17":"product-type-simple"},"_links":{"self":[{"href":"https:\/\/roveyayinevi.com.tr\/index.php\/wp-json\/wp\/v2\/product\/704299","targetHints":{"allow":["GET"]}}],"collection":[{"href":"https:\/\/roveyayinevi.com.tr\/index.php\/wp-json\/wp\/v2\/product"}],"about":[{"href":"https:\/\/roveyayinevi.com.tr\/index.php\/wp-json\/wp\/v2\/types\/product"}],"wp:attachment":[{"href":"https:\/\/roveyayinevi.com.tr\/index.php\/wp-json\/wp\/v2\/media?parent=704299"}],"wp:term":[{"taxonomy":"product_brand","embeddable":true,"href":"https:\/\/roveyayinevi.com.tr\/index.php\/wp-json\/wp\/v2\/product_brand?post=704299"},{"taxonomy":"product_cat","embeddable":true,"href":"https:\/\/roveyayinevi.com.tr\/index.php\/wp-json\/wp\/v2\/product_cat?post=704299"},{"taxonomy":"product_tag","embeddable":true,"href":"https:\/\/roveyayinevi.com.tr\/index.php\/wp-json\/wp\/v2\/product_tag?post=704299"}],"curies":[{"name":"wp","href":"https:\/\/api.w.org\/{rel}","templated":true}]}}