{"id":704298,"date":"2025-08-27T15:34:09","date_gmt":"2025-08-27T12:34:09","guid":{"rendered":"https:\/\/roveyayinevi.com.tr\/index.php\/urun\/miletli-filozoflar-thales-anaksimandros-ve-anaksimenes\/"},"modified":"2026-04-16T02:13:23","modified_gmt":"2026-04-15T23:13:23","slug":"miletli-filozoflar-thales-anaksimandros-ve-anaksimenes","status":"publish","type":"product","link":"https:\/\/roveyayinevi.com.tr\/index.php\/urun\/miletli-filozoflar-thales-anaksimandros-ve-anaksimenes\/","title":{"rendered":"Miletli Filozoflar: Thales, Anaksimandros ve Anaksimenes"},"content":{"rendered":"<p>\u201cAnadolu\u2019da do\u011fup b\u00fcy\u00fcm\u00fc\u015f olmak, bu topraklarda ya\u015famak, \u00e7o\u011fumuzun fark\u0131nda olmad\u0131\u011f\u0131 bir ayr\u0131cal\u0131kt\u0131r. \u00c7\u00fcnk\u00fc bu topraklarda dokuz on uygarl\u0131k Urartu, Hitit, Frigya, Lidya, Troia, \u0130onya, Roma, Bizans, Sel\u00e7uklu, Osmanl\u0131 uygarl\u0131klar\u0131 ye\u015fermi\u015f ve birbirini etkilemi\u015ftir\u2026.&#8221;Anadolu&#8217;da do\u011fup b\u00fcy\u00fcm\u00fc\u015f olmak, bu topraklarda ya\u015famak, \u00e7o\u011fumuzun fark\u0131nda olmad\u0131\u011f\u0131 bir ayr\u0131cal\u0131kt\u0131r. \u00c7\u00fcnk\u00fc bu topraklarda dokuz-on uygarl\u0131k -Urartu, Hitit, Frigya, Lidya, Troia, \u0130onya, Roma, Bizans, Sel\u00e7uklu, Osmanl\u0131 uygarl\u0131klar\u0131? ye\u015fermi\u015f ve birbirini etkilemi\u015ftir\u2026. Bu dokuz-on uygarl\u0131\u011f\u0131n ye\u015ferdi\u011fi bu topraklar, ayn\u0131 zamanda felsefenin ve felsef\u00ee bilgiye dayanan bilgeli\u011fin de kayna\u011f\u0131n\u0131 buldu\u011fu topraklard\u0131r\u2026  Felsefeyi ba\u015flatanlar olsun olmas\u0131n, Miletos&#8217;lu \u00fc\u00e7 filozof\/bilim insan\u0131, elimizdeki kaynaklara bakarak konu\u015fursak, d\u00fc\u015f\u00fcnce tarihinde bir d\u00f6n\u00fcm noktas\u0131d\u0131rlar\u2026. &#8216;Anadolu&#8217;da Felsefeye Yolculuk&#8217; projesiyle, topraklar\u0131m\u0131zda ger\u00e7ekle\u015fen d\u00fc\u015f\u00fcnce ba\u015far\u0131lar\u0131na, kitaplar\u0131n d\u0131\u015f\u0131nda, ya\u015fad\u0131klar\u0131 yerlerde sahip \u00e7\u0131kmak istedik.&#8221;  -\u0130oanna Ku\u00e7uradi- Bu kitap UNESCO T\u00fcrkiye Milli Komisyonu, Felsefe \u0130htisas Komitesi&#8217;nin, T\u00fcrkiye Felsefe Kurumu ve Adnan Menderes \u00dcniversitesi Felsefe B\u00f6l\u00fcm\u00fc ile birlikte 8-9 Kas\u0131m 2013 tarihlerinde Ayd\u0131n&#8217;da ger\u00e7ekle\u015ftirdi\u011fi, felsefeci ve arkeologlar\u0131n kat\u0131ld\u0131\u011f\u0131 Anadolu&#8217;da Felsefeye Yolculuk III, &#8220;Miletli Filozoflar: Thales, Anaksimandros ve Anaksimenes&#8221; ba\u015fl\u0131kl\u0131 sempozyumun bildirilerini biraraya getirmektedir. <\/p>\n","protected":false},"excerpt":{"rendered":"<p>\u201cAnadolu\u2019da do\u011fup b\u00fcy\u00fcm\u00fc\u015f olmak, bu topraklarda ya\u015famak, \u00e7o\u011fumuzun fark\u0131nda olmad\u0131\u011f\u0131 bir ayr\u0131cal\u0131kt\u0131r. \u00c7\u00fcnk\u00fc bu topraklarda dokuz on uygarl\u0131k Urartu, Hitit, Frigya, Lidya, Troia, \u0130onya, Roma, Bizans,<span class=\"excerpt-hellip\"> [\u2026]<\/span><\/p>\n","protected":false},"featured_media":0,"template":"","meta":{"_monsterinsights_skip_tracking":false,"_monsterinsights_sitenote_active":false,"_monsterinsights_sitenote_note":"","_monsterinsights_sitenote_category":0},"product_brand":[],"product_cat":[12388,14717],"product_tag":[],"class_list":{"0":"post-704298","1":"product","2":"type-product","3":"status-publish","5":"product_cat-felsefe","6":"product_cat-felsefe-tarihi","7":"pa_cilt-ciltsiz","8":"pa_tur-kitap","9":"pa_yayinevi-turkiye-felsefe-kurumu","10":"pa_yazar-kolektif","12":"first","13":"instock","14":"sale","15":"shipping-taxable","16":"purchasable","17":"product-type-simple"},"_links":{"self":[{"href":"https:\/\/roveyayinevi.com.tr\/index.php\/wp-json\/wp\/v2\/product\/704298","targetHints":{"allow":["GET"]}}],"collection":[{"href":"https:\/\/roveyayinevi.com.tr\/index.php\/wp-json\/wp\/v2\/product"}],"about":[{"href":"https:\/\/roveyayinevi.com.tr\/index.php\/wp-json\/wp\/v2\/types\/product"}],"wp:attachment":[{"href":"https:\/\/roveyayinevi.com.tr\/index.php\/wp-json\/wp\/v2\/media?parent=704298"}],"wp:term":[{"taxonomy":"product_brand","embeddable":true,"href":"https:\/\/roveyayinevi.com.tr\/index.php\/wp-json\/wp\/v2\/product_brand?post=704298"},{"taxonomy":"product_cat","embeddable":true,"href":"https:\/\/roveyayinevi.com.tr\/index.php\/wp-json\/wp\/v2\/product_cat?post=704298"},{"taxonomy":"product_tag","embeddable":true,"href":"https:\/\/roveyayinevi.com.tr\/index.php\/wp-json\/wp\/v2\/product_tag?post=704298"}],"curies":[{"name":"wp","href":"https:\/\/api.w.org\/{rel}","templated":true}]}}