{"id":704297,"date":"2025-08-27T15:34:08","date_gmt":"2025-08-27T12:34:08","guid":{"rendered":"https:\/\/roveyayinevi.com.tr\/index.php\/urun\/fizi-k-ve-hayalet-elektron\/"},"modified":"2026-04-16T02:13:23","modified_gmt":"2026-04-15T23:13:23","slug":"fizi-k-ve-hayalet-elektron","status":"publish","type":"product","link":"https:\/\/roveyayinevi.com.tr\/index.php\/urun\/fizi-k-ve-hayalet-elektron\/","title":{"rendered":"Fizi K ve Hayalet Elektron"},"content":{"rendered":"<p>Ve birden, yol kenar\u0131nda, so\u011fuktan titrer gibi sallanan a\u011fa\u00e7lar\u0131n aras\u0131ndaki terk edilmi\u015f evin \u00f6n\u00fcnde, ola\u011fan d\u0131\u015f\u0131 bir \u015fekil belirdi: Hayalet Elektron! \ufffcTan\u0131t\u0131m Metni<\/p>\n","protected":false},"excerpt":{"rendered":"<p>Ve birden, yol kenar\u0131nda, so\u011fuktan titrer gibi sallanan a\u011fa\u00e7lar\u0131n aras\u0131ndaki terk edilmi\u015f evin \u00f6n\u00fcnde, ola\u011fan d\u0131\u015f\u0131 bir \u015fekil belirdi: Hayalet Elektron! \ufffcTan\u0131t\u0131m Metni<\/p>\n","protected":false},"featured_media":0,"template":"","meta":{"_monsterinsights_skip_tracking":false,"_monsterinsights_sitenote_active":false,"_monsterinsights_sitenote_note":"","_monsterinsights_sitenote_category":0},"product_brand":[],"product_cat":[12274,12631],"product_tag":[],"class_list":{"0":"post-704297","1":"product","2":"type-product","3":"status-publish","5":"product_cat-cocuk-ve-genclik-kitaplari","6":"product_cat-diger-cocuk-ve-genclik-kitaplari","7":"pa_tur-kitap","8":"pa_yayinevi-odtu-gelistirme-vakfi-yayincilik","9":"pa_yazar-virginie-rochetti","11":"first","12":"instock","13":"sale","14":"shipping-taxable","15":"purchasable","16":"product-type-simple"},"_links":{"self":[{"href":"https:\/\/roveyayinevi.com.tr\/index.php\/wp-json\/wp\/v2\/product\/704297","targetHints":{"allow":["GET"]}}],"collection":[{"href":"https:\/\/roveyayinevi.com.tr\/index.php\/wp-json\/wp\/v2\/product"}],"about":[{"href":"https:\/\/roveyayinevi.com.tr\/index.php\/wp-json\/wp\/v2\/types\/product"}],"wp:attachment":[{"href":"https:\/\/roveyayinevi.com.tr\/index.php\/wp-json\/wp\/v2\/media?parent=704297"}],"wp:term":[{"taxonomy":"product_brand","embeddable":true,"href":"https:\/\/roveyayinevi.com.tr\/index.php\/wp-json\/wp\/v2\/product_brand?post=704297"},{"taxonomy":"product_cat","embeddable":true,"href":"https:\/\/roveyayinevi.com.tr\/index.php\/wp-json\/wp\/v2\/product_cat?post=704297"},{"taxonomy":"product_tag","embeddable":true,"href":"https:\/\/roveyayinevi.com.tr\/index.php\/wp-json\/wp\/v2\/product_tag?post=704297"}],"curies":[{"name":"wp","href":"https:\/\/api.w.org\/{rel}","templated":true}]}}