{"id":704296,"date":"2025-08-27T15:34:08","date_gmt":"2025-08-27T12:34:08","guid":{"rendered":"https:\/\/roveyayinevi.com.tr\/index.php\/urun\/buralari-ruzgar-buralari-yagmur\/"},"modified":"2026-04-16T02:13:23","modified_gmt":"2026-04-15T23:13:23","slug":"buralari-ruzgar-buralari-yagmur","status":"publish","type":"product","link":"https:\/\/roveyayinevi.com.tr\/index.php\/urun\/buralari-ruzgar-buralari-yagmur\/","title":{"rendered":"Buralar\u0131 R\u00fczgar Buralar\u0131 Ya\u011fmur"},"content":{"rendered":"<p>\u201cDoksan\u0131nc\u0131 ya\u015f gu\u0308nu\u0308mde kar\u0131m bana ac\u0131 bir su\u0308rpriz yapt\u0131; \u00f6ldu\u0308!\u201dYa\u015f\u0131na g\u00f6re din\u00e7, kendini sevdirmeye \u00e7al\u0131\u015fmayan, kitap tutkunu gizemli bir anlat\u0131c\u0131n\u0131n bu cu\u0308mlesiyle ba\u015fl\u0131yor roman. Yabanc\u0131 kentler, s\u0131ra d\u0131\u015f\u0131 sohbetler ve \u00e7arp\u0131c\u0131 tasvirlerle \u00e7a\u011fda\u015f bir yaz\u0131m. Seru\u0308venli ve su\u0308rprizli bir hik\u00e2ye, ucu a\u00e7\u0131k, sars\u0131c\u0131 bir son. Tekrar okumak isteyece\u011finiz yeni bir Sel\u00e7uk Altun kitab\u0131. Sol Omzuna Gu\u0308ne\u015f\u2019i Asmadan Gelme\u2019nin devam\u0131\u2026\u201cYeryu\u0308zu\u0308 insan\u0131n k\u00e2\u011f\u0131d\u0131, hayatsa kalemidir. Yazabildi\u011fimiz kadar ya\u015far, k\u00e2\u011f\u0131d\u0131m\u0131z tu\u0308kendi\u011finde bitmez, ac\u0131 i\u00e7inde \u015fekil de\u011fi\u015ftiririz. Bir harf oluruz gotik. Ve Buralar\u0131 Ru\u0308zg\u00e2r Buralar\u0131 Ya\u011fmur\u2019da da oldu\u011fu gibi bir mektuba eklenir, kendi yazar\u0131m\u0131z\u0131 aramak i\u00e7in postaya veriliriz. \u00d6lmeden \u00f6nce de yazar\u0131n\u0131 bulabilir insan; bunun ko\u015fulu iyi bir okur olup kuvvetli bir yazara g\u00f6nderilmektir. Sel\u00e7uk Altun bu g\u00f6reve y\u0131llard\u0131r talip. Hem mektup olmaya hem de gelen mektuplar\u0131 okumaya.\u201d- Ku\u0308\u00e7u\u0308k \u0130skender <\/p>\n","protected":false},"excerpt":{"rendered":"<p>\u201cDoksan\u0131nc\u0131 ya\u015f gu\u0308nu\u0308mde kar\u0131m bana ac\u0131 bir su\u0308rpriz yapt\u0131; \u00f6ldu\u0308!\u201dYa\u015f\u0131na g\u00f6re din\u00e7, kendini sevdirmeye \u00e7al\u0131\u015fmayan, kitap tutkunu gizemli bir anlat\u0131c\u0131n\u0131n bu cu\u0308mlesiyle ba\u015fl\u0131yor roman. Yabanc\u0131 kentler,<span class=\"excerpt-hellip\"> [\u2026]<\/span><\/p>\n","protected":false},"featured_media":0,"template":"","meta":{"_monsterinsights_skip_tracking":false,"_monsterinsights_sitenote_active":false,"_monsterinsights_sitenote_note":"","_monsterinsights_sitenote_category":0},"product_brand":[],"product_cat":[12291,12292],"product_tag":[],"class_list":{"0":"post-704296","1":"product","2":"type-product","3":"status-publish","5":"product_cat-edebiyat","6":"product_cat-turk-edebiyati","7":"pa_cilt-ciltsiz","8":"pa_tur-kitap","9":"pa_yayinevi-is-bankasi-kultur-yayinlari","10":"pa_yazar-selcuk-altun","12":"first","13":"instock","14":"sale","15":"shipping-taxable","16":"purchasable","17":"product-type-simple"},"_links":{"self":[{"href":"https:\/\/roveyayinevi.com.tr\/index.php\/wp-json\/wp\/v2\/product\/704296","targetHints":{"allow":["GET"]}}],"collection":[{"href":"https:\/\/roveyayinevi.com.tr\/index.php\/wp-json\/wp\/v2\/product"}],"about":[{"href":"https:\/\/roveyayinevi.com.tr\/index.php\/wp-json\/wp\/v2\/types\/product"}],"wp:attachment":[{"href":"https:\/\/roveyayinevi.com.tr\/index.php\/wp-json\/wp\/v2\/media?parent=704296"}],"wp:term":[{"taxonomy":"product_brand","embeddable":true,"href":"https:\/\/roveyayinevi.com.tr\/index.php\/wp-json\/wp\/v2\/product_brand?post=704296"},{"taxonomy":"product_cat","embeddable":true,"href":"https:\/\/roveyayinevi.com.tr\/index.php\/wp-json\/wp\/v2\/product_cat?post=704296"},{"taxonomy":"product_tag","embeddable":true,"href":"https:\/\/roveyayinevi.com.tr\/index.php\/wp-json\/wp\/v2\/product_tag?post=704296"}],"curies":[{"name":"wp","href":"https:\/\/api.w.org\/{rel}","templated":true}]}}