{"id":704294,"date":"2025-08-27T15:34:07","date_gmt":"2025-08-27T12:34:07","guid":{"rendered":"https:\/\/roveyayinevi.com.tr\/index.php\/urun\/ekmegimi-kazanirken-3\/"},"modified":"2026-04-16T02:13:23","modified_gmt":"2026-04-15T23:13:23","slug":"ekmegimi-kazanirken-3","status":"publish","type":"product","link":"https:\/\/roveyayinevi.com.tr\/index.php\/urun\/ekmegimi-kazanirken-3\/","title":{"rendered":"Ekme\u011fimi Kazan\u0131rken"},"content":{"rendered":"<p>Gorki\u2019nin Rus tarihinin 19. y\u00fczy\u0131l sonundan 20. y\u00fczy\u0131l ba\u015flar\u0131na uzanan \u00e7ok \u00f6nemli bir d\u00f6nemine \u0131\u015f\u0131k tutan otobiyografik \u00fc\u00e7lemesi, asl\u0131nda kendini ve i\u00e7inde ya\u015fad\u0131\u011f\u0131 d\u00fcnyay\u0131 anlama ve anlamland\u0131rma \u00e7abas\u0131n\u0131n hik\u00e2yesidir. Bu \u00e7aba, Ekme\u011fimi Kazan\u0131rken\u2019de art\u0131k hayata at\u0131lan yeniyetmelik \u00e7a\u011f\u0131ndaki Gorki\u2019yi 19. Y\u00fczy\u0131l Rusya\u2019s\u0131n\u0131n kat\u0131 ger\u00e7ekli\u011fiyle y\u00fcz y\u00fcze getirir. <\/p>\n","protected":false},"excerpt":{"rendered":"<p>Gorki\u2019nin Rus tarihinin 19. y\u00fczy\u0131l sonundan 20. y\u00fczy\u0131l ba\u015flar\u0131na uzanan \u00e7ok \u00f6nemli bir d\u00f6nemine \u0131\u015f\u0131k tutan otobiyografik \u00fc\u00e7lemesi, asl\u0131nda kendini ve i\u00e7inde ya\u015fad\u0131\u011f\u0131 d\u00fcnyay\u0131 anlama ve<span class=\"excerpt-hellip\"> [\u2026]<\/span><\/p>\n","protected":false},"featured_media":0,"template":"","meta":{"_monsterinsights_skip_tracking":false,"_monsterinsights_sitenote_active":false,"_monsterinsights_sitenote_note":"","_monsterinsights_sitenote_category":0},"product_brand":[],"product_cat":[12291,13570],"product_tag":[],"class_list":{"0":"post-704294","1":"product","2":"type-product","3":"status-publish","5":"product_cat-edebiyat","6":"product_cat-rus-edebiyati","7":"pa_cilt-ciltsiz","8":"pa_tur-kitap","9":"pa_yayinevi-is-bankasi-kultur-yayinlari","10":"pa_yazar-maksim-gorki","12":"first","13":"instock","14":"sale","15":"shipping-taxable","16":"purchasable","17":"product-type-simple"},"_links":{"self":[{"href":"https:\/\/roveyayinevi.com.tr\/index.php\/wp-json\/wp\/v2\/product\/704294","targetHints":{"allow":["GET"]}}],"collection":[{"href":"https:\/\/roveyayinevi.com.tr\/index.php\/wp-json\/wp\/v2\/product"}],"about":[{"href":"https:\/\/roveyayinevi.com.tr\/index.php\/wp-json\/wp\/v2\/types\/product"}],"wp:attachment":[{"href":"https:\/\/roveyayinevi.com.tr\/index.php\/wp-json\/wp\/v2\/media?parent=704294"}],"wp:term":[{"taxonomy":"product_brand","embeddable":true,"href":"https:\/\/roveyayinevi.com.tr\/index.php\/wp-json\/wp\/v2\/product_brand?post=704294"},{"taxonomy":"product_cat","embeddable":true,"href":"https:\/\/roveyayinevi.com.tr\/index.php\/wp-json\/wp\/v2\/product_cat?post=704294"},{"taxonomy":"product_tag","embeddable":true,"href":"https:\/\/roveyayinevi.com.tr\/index.php\/wp-json\/wp\/v2\/product_tag?post=704294"}],"curies":[{"name":"wp","href":"https:\/\/api.w.org\/{rel}","templated":true}]}}