{"id":704283,"date":"2025-08-27T15:34:02","date_gmt":"2025-08-27T12:34:02","guid":{"rendered":"https:\/\/roveyayinevi.com.tr\/index.php\/urun\/ipek-yolu-mutfagi\/"},"modified":"2026-04-16T02:13:23","modified_gmt":"2026-04-15T23:13:23","slug":"ipek-yolu-mutfagi","status":"publish","type":"product","link":"https:\/\/roveyayinevi.com.tr\/index.php\/urun\/ipek-yolu-mutfagi\/","title":{"rendered":"\u0130pek Yolu Mutfa\u011f\u0131"},"content":{"rendered":"<p>Birbirinden s\u00fcrekli etkilenmi\u015f \u00fclke mutfaklar\u0131yla Ortado\u011fu etkileyici bir yemek k\u00fclt\u00fcr\u00fcne ev sahipli\u011fi yapar. Mezeler, \u00e7orbalar, f\u0131r\u0131n yemekleri, kebaplar, salatalar ve tatl\u0131lar\u0131n s\u00fcsledi\u011fi sofralar bu k\u00fclt\u00fcr\u00fcn merkezinde yer al\u0131r. \u0130ran do\u011fumlu \u0130ngiliz \u015fef Sabrina Ghayour\u2019a Observer Food Monthly 2014 y\u0131l\u0131 en iyi yemek kitab\u0131 \u00f6d\u00fcl\u00fcn\u00fc kazand\u0131ran \u0130pek Yolu Mutfa\u011f\u0131 bu zenginli\u011fi 100 \u00f6zg\u00fcn tarifle sunuyor.Tan\u0131d\u0131k tatlar\u0131n hemen yan\u0131 ba\u015f\u0131m\u0131zdaki muhte\u015fem lezzetlerle ola\u011fan\u00fcst\u00fc birlikteli\u011fi sizleri bekliyor&#8230;<\/p>\n","protected":false},"excerpt":{"rendered":"<p>Birbirinden s\u00fcrekli etkilenmi\u015f \u00fclke mutfaklar\u0131yla Ortado\u011fu etkileyici bir yemek k\u00fclt\u00fcr\u00fcne ev sahipli\u011fi yapar. Mezeler, \u00e7orbalar, f\u0131r\u0131n yemekleri, kebaplar, salatalar ve tatl\u0131lar\u0131n s\u00fcsledi\u011fi sofralar bu k\u00fclt\u00fcr\u00fcn merkezinde<span class=\"excerpt-hellip\"> [\u2026]<\/span><\/p>\n","protected":false},"featured_media":0,"template":"","meta":{"_monsterinsights_skip_tracking":false,"_monsterinsights_sitenote_active":false,"_monsterinsights_sitenote_note":"","_monsterinsights_sitenote_category":0},"product_brand":[],"product_cat":[22706,12457],"product_tag":[],"class_list":{"0":"post-704283","1":"product","2":"type-product","3":"status-publish","5":"product_cat-dunya-mutfagi","6":"product_cat-yemek-kitaplari","7":"pa_cilt-ciltli","8":"pa_tur-kitap","9":"pa_yayinevi-is-bankasi-kultur-yayinlari","10":"pa_yazar-sabrina-ghayour","12":"first","13":"instock","14":"sale","15":"shipping-taxable","16":"purchasable","17":"product-type-simple"},"_links":{"self":[{"href":"https:\/\/roveyayinevi.com.tr\/index.php\/wp-json\/wp\/v2\/product\/704283","targetHints":{"allow":["GET"]}}],"collection":[{"href":"https:\/\/roveyayinevi.com.tr\/index.php\/wp-json\/wp\/v2\/product"}],"about":[{"href":"https:\/\/roveyayinevi.com.tr\/index.php\/wp-json\/wp\/v2\/types\/product"}],"wp:attachment":[{"href":"https:\/\/roveyayinevi.com.tr\/index.php\/wp-json\/wp\/v2\/media?parent=704283"}],"wp:term":[{"taxonomy":"product_brand","embeddable":true,"href":"https:\/\/roveyayinevi.com.tr\/index.php\/wp-json\/wp\/v2\/product_brand?post=704283"},{"taxonomy":"product_cat","embeddable":true,"href":"https:\/\/roveyayinevi.com.tr\/index.php\/wp-json\/wp\/v2\/product_cat?post=704283"},{"taxonomy":"product_tag","embeddable":true,"href":"https:\/\/roveyayinevi.com.tr\/index.php\/wp-json\/wp\/v2\/product_tag?post=704283"}],"curies":[{"name":"wp","href":"https:\/\/api.w.org\/{rel}","templated":true}]}}