{"id":704282,"date":"2025-08-27T15:34:02","date_gmt":"2025-08-27T12:34:02","guid":{"rendered":"https:\/\/roveyayinevi.com.tr\/index.php\/urun\/kanuniyle-bir-gun\/"},"modified":"2026-04-16T02:13:23","modified_gmt":"2026-04-15T23:13:23","slug":"kanuniyle-bir-gun","status":"publish","type":"product","link":"https:\/\/roveyayinevi.com.tr\/index.php\/urun\/kanuniyle-bir-gun\/","title":{"rendered":"Kanuni\u2019yle Bir G\u00fcn"},"content":{"rendered":"<p>Sevgili ebeveynler, \u00e7ocuklar\u0131n\u0131z\u0131n hem tarihini \u00f6\u011frenip, hem de bunu \u00f6\u011frenirken ho\u015f\u00e7a vakit ge\u00e7irmesini mi istiyorsunuz? \u00c7ocu\u011funuz \u201c\u00dcnl\u00fclerle Bir G\u00fcn\u201d dizisinin \u201cKanuni\u2019yle Bir G\u00fcn\u201d isimli bu kitab\u0131yla, Osmanl\u0131\u2019n\u0131n en b\u00fcy\u00fck padi\u015fahlar\u0131ndan Kanuni Sultan S\u00fcleyman\u2019\u0131n d\u00fc\u015fmalar\u0131 taraf\u0131ndan bile neden Muhte\u015fem S\u00fcleyman diye an\u0131ld\u0131\u011f\u0131n\u0131 \u00f6\u011frenirken, b\u00fcy\u00fcklerine kar\u015f\u0131 sayg\u0131l\u0131 davranma konusunda bilin\u00e7 geli\u015ftirir, bilgiye ula\u015fmak i\u00e7in ara\u015ft\u0131rma yapman\u0131n gereklili\u011fini \u00f6nemser, kendi tarihini ara\u015ft\u0131rmaya istek duyar, sa\u011fl\u0131\u011f\u0131n, birlik beraberli\u011fin \u00f6nemini kavrar. \ufffc<\/p>\n","protected":false},"excerpt":{"rendered":"<p>Sevgili ebeveynler, \u00e7ocuklar\u0131n\u0131z\u0131n hem tarihini \u00f6\u011frenip, hem de bunu \u00f6\u011frenirken ho\u015f\u00e7a vakit ge\u00e7irmesini mi istiyorsunuz? \u00c7ocu\u011funuz \u201c\u00dcnl\u00fclerle Bir G\u00fcn\u201d dizisinin \u201cKanuni\u2019yle Bir G\u00fcn\u201d isimli bu kitab\u0131yla,<span class=\"excerpt-hellip\"> [\u2026]<\/span><\/p>\n","protected":false},"featured_media":0,"template":"","meta":{"_monsterinsights_skip_tracking":false,"_monsterinsights_sitenote_active":false,"_monsterinsights_sitenote_note":"","_monsterinsights_sitenote_category":0},"product_brand":[],"product_cat":[12913,12274],"product_tag":[],"class_list":{"0":"post-704282","1":"product","2":"type-product","3":"status-publish","5":"product_cat-3-6-yas-kitaplari","6":"product_cat-cocuk-ve-genclik-kitaplari","7":"pa_cilt-ciltsiz","8":"pa_tur-kitap","9":"pa_yayinevi-timas-cocuk","10":"pa_yazar-mustafa-orakci","12":"first","13":"instock","14":"sale","15":"shipping-taxable","16":"purchasable","17":"product-type-simple"},"_links":{"self":[{"href":"https:\/\/roveyayinevi.com.tr\/index.php\/wp-json\/wp\/v2\/product\/704282","targetHints":{"allow":["GET"]}}],"collection":[{"href":"https:\/\/roveyayinevi.com.tr\/index.php\/wp-json\/wp\/v2\/product"}],"about":[{"href":"https:\/\/roveyayinevi.com.tr\/index.php\/wp-json\/wp\/v2\/types\/product"}],"wp:attachment":[{"href":"https:\/\/roveyayinevi.com.tr\/index.php\/wp-json\/wp\/v2\/media?parent=704282"}],"wp:term":[{"taxonomy":"product_brand","embeddable":true,"href":"https:\/\/roveyayinevi.com.tr\/index.php\/wp-json\/wp\/v2\/product_brand?post=704282"},{"taxonomy":"product_cat","embeddable":true,"href":"https:\/\/roveyayinevi.com.tr\/index.php\/wp-json\/wp\/v2\/product_cat?post=704282"},{"taxonomy":"product_tag","embeddable":true,"href":"https:\/\/roveyayinevi.com.tr\/index.php\/wp-json\/wp\/v2\/product_tag?post=704282"}],"curies":[{"name":"wp","href":"https:\/\/api.w.org\/{rel}","templated":true}]}}