{"id":704280,"date":"2025-08-27T15:34:01","date_gmt":"2025-08-27T12:34:01","guid":{"rendered":"https:\/\/roveyayinevi.com.tr\/index.php\/urun\/kreutzer-sonat-2\/"},"modified":"2026-04-16T02:13:23","modified_gmt":"2026-04-15T23:13:23","slug":"kreutzer-sonat-2","status":"publish","type":"product","link":"https:\/\/roveyayinevi.com.tr\/index.php\/urun\/kreutzer-sonat-2\/","title":{"rendered":"Kreutzer Sonat"},"content":{"rendered":"<p>Romanlar\u0131nda inand\u0131r\u0131c\u0131 olabilen b\u00fcy\u00fck yazarlar hayata dair meseleler \u00fczerine yazd\u0131klar\u0131 konularda insanlar\u0131n hi\u00e7 de\u011fi\u015fmeyecek sorunlar\u0131n\u0131, kendilerine \u00f6zg\u00fc bir ustal\u0131kla hik\u00e2yele\u015ftirirler. Tolstoy\u2019un Kreutzer Sonat\u2019ta ele ald\u0131\u011f\u0131 konu da i\u015fte b\u00f6yle bir konu. Hayat\u0131n gizemi i\u00e7inde sakl\u0131 k\u0131skan\u00e7l\u0131k, mutluluk, korku, i\u011frenme, \u015f\u00fcphe, gaddarl\u0131k&#8230; gibi hisler, felsefenin \u2018bunlar de\u011fi\u015fken de\u011fer yarg\u0131lar\u0131, felsefenin konusu olmazlar\u2019 diyebilece\u011fi t\u00fcrden kavramsa Ula\u015ft\u0131r\u0131lamayacak konulard\u0131r. Din kitaplar\u0131 bu hisleri inananlara sunduklar\u0131 ahl\u00e2k sistemi i\u00e7inde cevaplarlar. Psikanaliz disiplini bu hislere sistemli bir a\u00e7\u0131klama getirme iddias\u0131nda olmu\u015ftur. Edebiyat\u0131n b\u00fcy\u00fck yazarlar\u0131 ise bize hayatta hep varolagelecek bu hislerin s\u0131rr\u0131n\u0131 daha da inand\u0131r\u0131c\u0131 bir \u015fekilde, hazz\u0131na da vararak anlat\u0131rlar. \ufffcTan\u0131t\u0131m Metni<\/p>\n","protected":false},"excerpt":{"rendered":"<p>Romanlar\u0131nda inand\u0131r\u0131c\u0131 olabilen b\u00fcy\u00fck yazarlar hayata dair meseleler \u00fczerine yazd\u0131klar\u0131 konularda insanlar\u0131n hi\u00e7 de\u011fi\u015fmeyecek sorunlar\u0131n\u0131, kendilerine \u00f6zg\u00fc bir ustal\u0131kla hik\u00e2yele\u015ftirirler. Tolstoy\u2019un Kreutzer Sonat\u2019ta ele ald\u0131\u011f\u0131 konu<span class=\"excerpt-hellip\"> [\u2026]<\/span><\/p>\n","protected":false},"featured_media":0,"template":"","meta":{"_monsterinsights_skip_tracking":false,"_monsterinsights_sitenote_active":false,"_monsterinsights_sitenote_note":"","_monsterinsights_sitenote_category":0},"product_brand":[],"product_cat":[12291,13570],"product_tag":[],"class_list":{"0":"post-704280","1":"product","2":"type-product","3":"status-publish","5":"product_cat-edebiyat","6":"product_cat-rus-edebiyati","7":"pa_cilt-ciltsiz","8":"pa_tur-kitap","9":"pa_yayinevi-dogu-bati-yayinlari","10":"pa_yazar-lev-nikolayevic-tolstoy","12":"first","13":"instock","14":"sale","15":"shipping-taxable","16":"purchasable","17":"product-type-simple"},"_links":{"self":[{"href":"https:\/\/roveyayinevi.com.tr\/index.php\/wp-json\/wp\/v2\/product\/704280","targetHints":{"allow":["GET"]}}],"collection":[{"href":"https:\/\/roveyayinevi.com.tr\/index.php\/wp-json\/wp\/v2\/product"}],"about":[{"href":"https:\/\/roveyayinevi.com.tr\/index.php\/wp-json\/wp\/v2\/types\/product"}],"wp:attachment":[{"href":"https:\/\/roveyayinevi.com.tr\/index.php\/wp-json\/wp\/v2\/media?parent=704280"}],"wp:term":[{"taxonomy":"product_brand","embeddable":true,"href":"https:\/\/roveyayinevi.com.tr\/index.php\/wp-json\/wp\/v2\/product_brand?post=704280"},{"taxonomy":"product_cat","embeddable":true,"href":"https:\/\/roveyayinevi.com.tr\/index.php\/wp-json\/wp\/v2\/product_cat?post=704280"},{"taxonomy":"product_tag","embeddable":true,"href":"https:\/\/roveyayinevi.com.tr\/index.php\/wp-json\/wp\/v2\/product_tag?post=704280"}],"curies":[{"name":"wp","href":"https:\/\/api.w.org\/{rel}","templated":true}]}}