{"id":704279,"date":"2025-08-27T15:34:01","date_gmt":"2025-08-27T12:34:01","guid":{"rendered":"https:\/\/roveyayinevi.com.tr\/index.php\/urun\/alacaginiz-olsun\/"},"modified":"2026-04-16T02:13:23","modified_gmt":"2026-04-15T23:13:23","slug":"alacaginiz-olsun","status":"publish","type":"product","link":"https:\/\/roveyayinevi.com.tr\/index.php\/urun\/alacaginiz-olsun\/","title":{"rendered":"Alaca\u011f\u0131n\u0131z Olsun"},"content":{"rendered":"<p>Her insan\u0131n bir \u00f6yk\u00fcs\u00fc vard\u0131r! Bu kitapta da Sedat \u00d6\u011fretmen&#8217;in ve onun \u00f6\u011frencilerinin \u00f6yk\u00fcleri yer al\u0131yor. Ama ba\u015ftan belirtelim; bu \u00f6\u011frenciler, b\u00fcy\u00fcklerin \u00f6vd\u00fc\u011f\u00fc tertipli, d\u00fczenli, \u00f6rnek \u00f6\u011frencilere pek benzemiyor. Onlar; yaramaz, esprili, \u015fakac\u0131 ve fazlas\u0131yla s\u00fcsl\u00fcler&#8230; <\/p>\n","protected":false},"excerpt":{"rendered":"<p>Her insan\u0131n bir \u00f6yk\u00fcs\u00fc vard\u0131r! Bu kitapta da Sedat \u00d6\u011fretmen&#8217;in ve onun \u00f6\u011frencilerinin \u00f6yk\u00fcleri yer al\u0131yor. Ama ba\u015ftan belirtelim; bu \u00f6\u011frenciler, b\u00fcy\u00fcklerin \u00f6vd\u00fc\u011f\u00fc tertipli, d\u00fczenli, \u00f6rnek<span class=\"excerpt-hellip\"> [\u2026]<\/span><\/p>\n","protected":false},"featured_media":0,"template":"","meta":{"_monsterinsights_skip_tracking":false,"_monsterinsights_sitenote_active":false,"_monsterinsights_sitenote_note":"","_monsterinsights_sitenote_category":0},"product_brand":[],"product_cat":[12274,12284],"product_tag":[],"class_list":{"0":"post-704279","1":"product","2":"type-product","3":"status-publish","5":"product_cat-cocuk-ve-genclik-kitaplari","6":"product_cat-hikayeler","7":"pa_cilt-ciltsiz","8":"pa_tur-kitap","9":"pa_yayinevi-altin-kitaplar-ozel-urun","10":"pa_yazar-dursun-ege-gocmen","12":"first","13":"instock","14":"sale","15":"shipping-taxable","16":"purchasable","17":"product-type-simple"},"_links":{"self":[{"href":"https:\/\/roveyayinevi.com.tr\/index.php\/wp-json\/wp\/v2\/product\/704279","targetHints":{"allow":["GET"]}}],"collection":[{"href":"https:\/\/roveyayinevi.com.tr\/index.php\/wp-json\/wp\/v2\/product"}],"about":[{"href":"https:\/\/roveyayinevi.com.tr\/index.php\/wp-json\/wp\/v2\/types\/product"}],"wp:attachment":[{"href":"https:\/\/roveyayinevi.com.tr\/index.php\/wp-json\/wp\/v2\/media?parent=704279"}],"wp:term":[{"taxonomy":"product_brand","embeddable":true,"href":"https:\/\/roveyayinevi.com.tr\/index.php\/wp-json\/wp\/v2\/product_brand?post=704279"},{"taxonomy":"product_cat","embeddable":true,"href":"https:\/\/roveyayinevi.com.tr\/index.php\/wp-json\/wp\/v2\/product_cat?post=704279"},{"taxonomy":"product_tag","embeddable":true,"href":"https:\/\/roveyayinevi.com.tr\/index.php\/wp-json\/wp\/v2\/product_tag?post=704279"}],"curies":[{"name":"wp","href":"https:\/\/api.w.org\/{rel}","templated":true}]}}