{"id":704278,"date":"2025-08-27T15:34:00","date_gmt":"2025-08-27T12:34:00","guid":{"rendered":"https:\/\/roveyayinevi.com.tr\/index.php\/urun\/turkculugun-tarihi\/"},"modified":"2026-04-16T02:13:23","modified_gmt":"2026-04-15T23:13:23","slug":"turkculugun-tarihi","status":"publish","type":"product","link":"https:\/\/roveyayinevi.com.tr\/index.php\/urun\/turkculugun-tarihi\/","title":{"rendered":"T\u00fcrk\u00e7\u00fcl\u00fc\u011f\u00fcn Tarihi"},"content":{"rendered":"<p>Yusuf Ak\u00e7ura, T\u00fcrk\u00e7\u00fcl\u00fc\u011f\u00fcn Tarihi ba\u015fl\u0131\u011f\u0131yla sundu\u011fumuz bu \u00e7al\u0131\u015fmas\u0131nda millet ve milliyet kavramlar\u0131n\u0131n hem T\u00fcrkler aras\u0131nda hem de Bat\u0131&#8217;daki tarih\u00ee seyrini siyas\u00ee ve toplumsal boyutlar\u0131yla ele almaktad\u0131r. Ak\u00e7ura eserine cevab\u0131 \u00e7etin bir soruyla ba\u015flar: T\u00fcrk Milliyeti fikri, T\u00fcrkler aras\u0131na ne zaman ve nerede girdi? Bu soruya lay\u0131k\u0131yla cevap verebilmek i\u00e7in de Yusuf Ak\u00e7ura T\u00fcrkler ve milliyet tabirlerinden ne anlad\u0131\u011f\u0131n\u0131 ayr\u0131nt\u0131l\u0131 bir \u015fekilde tart\u0131\u015fmaktad\u0131r. D\u00f6nemin \u00f6nemli yerli ve yabanc\u0131 etnografik, filolojik ve tarih\u00ee kaynaklar\u0131na m\u00fcracaat eden Ak\u00e7ura, millet \u015fuurun T\u00fcrkler aras\u0131nda nas\u0131l ortaya \u00e7\u0131kt\u0131\u011f\u0131n\u0131 ve bu \u015fuurun zamanla T\u00fcrk\u00e7\u00fcl\u00fck d\u00fc\u015f\u00fcncesine nas\u0131l d\u00f6n\u00fc\u015ft\u00fc\u011f\u00fcn\u00fc T\u00fcrk D\u00fcnyas\u0131&#8217;n\u0131n d\u00f6rt bir yan\u0131ndan g\u00f6sterdi\u011fi \u00f6rneklerle a\u00e7\u0131klamaktad\u0131r. Ak\u00e7ura; \u015einas\u00ee ve Ziy\u00e2 Pa\u015fa&#8217;dan Ahmet Cevdet Pa\u015fa&#8217;ya, \u0130smail Gasp\u0131ral\u0131&#8217;dan Ziy\u00e2 G\u00f6kalp&#8217;a kadar onlarca tarih\u00ee \u015fahsiyeti aralar\u0131nda kendisi de d\u00e2hil olmak \u00fczere T\u00fcrk\u00e7\u00fcl\u00fck d\u00fc\u015f\u00fcncesine katk\u0131lar\u0131 \u00e7er\u00e7evesinde ele alm\u0131\u015f ve hem eserleri hem de bu \u015fah\u0131slar etraf\u0131nda te\u015fekk\u00fcl etmi\u015f dergi, dernek ve di\u011fer toplumsal organizasyonlar\u0131 incelemi\u015ftir. <\/p>\n","protected":false},"excerpt":{"rendered":"<p>Yusuf Ak\u00e7ura, T\u00fcrk\u00e7\u00fcl\u00fc\u011f\u00fcn Tarihi ba\u015fl\u0131\u011f\u0131yla sundu\u011fumuz bu \u00e7al\u0131\u015fmas\u0131nda millet ve milliyet kavramlar\u0131n\u0131n hem T\u00fcrkler aras\u0131nda hem de Bat\u0131&#8217;daki tarih\u00ee seyrini siyas\u00ee ve toplumsal boyutlar\u0131yla ele almaktad\u0131r.<span class=\"excerpt-hellip\"> [\u2026]<\/span><\/p>\n","protected":false},"featured_media":0,"template":"","meta":{"_monsterinsights_skip_tracking":false,"_monsterinsights_sitenote_active":false,"_monsterinsights_sitenote_note":"","_monsterinsights_sitenote_category":0},"product_brand":[],"product_cat":[13590,12337],"product_tag":[],"class_list":{"0":"post-704278","1":"product","2":"type-product","3":"status-publish","5":"product_cat-arastirma-inceleme-politika-siyaset","6":"product_cat-politika-siyaset","7":"pa_cilt-ciltsiz","8":"pa_tur-kitap","9":"pa_yayinevi-otuken-nesriyat","10":"pa_yazar-yusuf-akcura","12":"first","13":"instock","14":"sale","15":"shipping-taxable","16":"purchasable","17":"product-type-simple"},"_links":{"self":[{"href":"https:\/\/roveyayinevi.com.tr\/index.php\/wp-json\/wp\/v2\/product\/704278","targetHints":{"allow":["GET"]}}],"collection":[{"href":"https:\/\/roveyayinevi.com.tr\/index.php\/wp-json\/wp\/v2\/product"}],"about":[{"href":"https:\/\/roveyayinevi.com.tr\/index.php\/wp-json\/wp\/v2\/types\/product"}],"wp:attachment":[{"href":"https:\/\/roveyayinevi.com.tr\/index.php\/wp-json\/wp\/v2\/media?parent=704278"}],"wp:term":[{"taxonomy":"product_brand","embeddable":true,"href":"https:\/\/roveyayinevi.com.tr\/index.php\/wp-json\/wp\/v2\/product_brand?post=704278"},{"taxonomy":"product_cat","embeddable":true,"href":"https:\/\/roveyayinevi.com.tr\/index.php\/wp-json\/wp\/v2\/product_cat?post=704278"},{"taxonomy":"product_tag","embeddable":true,"href":"https:\/\/roveyayinevi.com.tr\/index.php\/wp-json\/wp\/v2\/product_tag?post=704278"}],"curies":[{"name":"wp","href":"https:\/\/api.w.org\/{rel}","templated":true}]}}