{"id":704277,"date":"2025-08-27T15:34:00","date_gmt":"2025-08-27T12:34:00","guid":{"rendered":"https:\/\/roveyayinevi.com.tr\/index.php\/urun\/sosyal-medya-sanati\/"},"modified":"2026-04-16T02:13:23","modified_gmt":"2026-04-15T23:13:23","slug":"sosyal-medya-sanati","status":"publish","type":"product","link":"https:\/\/roveyayinevi.com.tr\/index.php\/urun\/sosyal-medya-sanati\/","title":{"rendered":"Sosyal Medya Sanat\u0131"},"content":{"rendered":"<p>\u0130sterseniz bir \u00fcr\u00fcn veya hizmet sunun, isterseniz bir marka olarak kendinizi konumland\u0131r\u0131n, sosyal medyan\u0131n ba\u015far\u0131y\u0131 belirleyen unsurlar\u0131n ba\u015f\u0131nda geldi\u011fi art\u0131k bir ger\u00e7ek. <\/p>\n","protected":false},"excerpt":{"rendered":"<p>\u0130sterseniz bir \u00fcr\u00fcn veya hizmet sunun, isterseniz bir marka olarak kendinizi konumland\u0131r\u0131n, sosyal medyan\u0131n ba\u015far\u0131y\u0131 belirleyen unsurlar\u0131n ba\u015f\u0131nda geldi\u011fi art\u0131k bir ger\u00e7ek.<\/p>\n","protected":false},"featured_media":0,"template":"","meta":{"_monsterinsights_skip_tracking":false,"_monsterinsights_sitenote_active":false,"_monsterinsights_sitenote_note":"","_monsterinsights_sitenote_category":0},"product_brand":[],"product_cat":[13043,17647],"product_tag":[],"class_list":{"0":"post-704277","1":"product","2":"type-product","3":"status-publish","5":"product_cat-ekonomi","6":"product_cat-is-dunyasi","7":"pa_tur-kitap","8":"pa_yayinevi-mediacat-kitaplari","9":"pa_yazar-guy-kawasaki","11":"first","12":"instock","13":"sale","14":"shipping-taxable","15":"purchasable","16":"product-type-simple"},"_links":{"self":[{"href":"https:\/\/roveyayinevi.com.tr\/index.php\/wp-json\/wp\/v2\/product\/704277","targetHints":{"allow":["GET"]}}],"collection":[{"href":"https:\/\/roveyayinevi.com.tr\/index.php\/wp-json\/wp\/v2\/product"}],"about":[{"href":"https:\/\/roveyayinevi.com.tr\/index.php\/wp-json\/wp\/v2\/types\/product"}],"wp:attachment":[{"href":"https:\/\/roveyayinevi.com.tr\/index.php\/wp-json\/wp\/v2\/media?parent=704277"}],"wp:term":[{"taxonomy":"product_brand","embeddable":true,"href":"https:\/\/roveyayinevi.com.tr\/index.php\/wp-json\/wp\/v2\/product_brand?post=704277"},{"taxonomy":"product_cat","embeddable":true,"href":"https:\/\/roveyayinevi.com.tr\/index.php\/wp-json\/wp\/v2\/product_cat?post=704277"},{"taxonomy":"product_tag","embeddable":true,"href":"https:\/\/roveyayinevi.com.tr\/index.php\/wp-json\/wp\/v2\/product_tag?post=704277"}],"curies":[{"name":"wp","href":"https:\/\/api.w.org\/{rel}","templated":true}]}}