{"id":704276,"date":"2025-08-27T15:33:59","date_gmt":"2025-08-27T12:33:59","guid":{"rendered":"https:\/\/roveyayinevi.com.tr\/index.php\/urun\/sirlar-kitabi-ciltli\/"},"modified":"2026-04-16T02:13:23","modified_gmt":"2026-04-15T23:13:23","slug":"sirlar-kitabi-ciltli","status":"publish","type":"product","link":"https:\/\/roveyayinevi.com.tr\/index.php\/urun\/sirlar-kitabi-ciltli\/","title":{"rendered":"S\u0131rlar Kitab\u0131  (Ciltli)"},"content":{"rendered":"<p>Meditasyon yapmadan hayat\u0131n s\u0131rr\u0131n\u0131 \u00e7\u00f6zemez, onu sadece y\u00fczeysel olarak ya\u015fayabilirsiniz.\u201d\u2014OSHOGeni\u015f kapsaml\u0131 ve kullan\u0131\u015fl\u0131 bir meditasyon rehberi olan S\u0131rlar Kitab\u0131 bizi, d\u00fc\u015f\u00fcncelerimizin, davran\u0131\u015flar\u0131m\u0131z\u0131n ve duyular\u0131m\u0131z\u0131n fark\u0131na vararak g\u00fcndelik ya\u015fam\u0131m\u0131z\u0131 deneyimlemeye davet ediyor. Osho kadim metinleri temel alarak 112 ayr\u0131 meditasyon tekni\u011fini tan\u0131t\u0131yor ve bu teknikleri i\u00e7inde bulundu\u011fumuz an\u0131n bilincine varmaya odaklanan g\u00fcn\u00fcm\u00fcz meditasyon anlay\u0131\u015f\u0131n\u0131n diline terc\u00fcme ediyor. Osho her bir tekni\u011fi ayr\u0131nt\u0131l\u0131 bi\u00e7imde tan\u0131ml\u0131yor ve b\u00f6ylece bize en uygun olan tekni\u011fi bulup g\u00fcndelik hayat\u0131m\u0131zla b\u00fct\u00fcnle\u015ftirme olana\u011f\u0131 tan\u0131yor. Meditasyonu dinsel ya da ruhani ba\u011flamdan \u00e7\u0131kararak meditasyonun alt\u0131nda yatan ne\u015fe ve fark\u0131ndal\u0131kla dolu yeni bir ya\u015fam biliminin esaslar\u0131n\u0131 ortaya koyuyor.Osho yirminci y\u00fczy\u0131l\u0131n en k\u0131\u015fk\u0131rt\u0131c\u0131 ve esin verici ruhani \u00f6\u011fretmenlerinden biridir. \u0130\u00e7 d\u00f6n\u00fc\u015f\u00fcm bilimine yapt\u0131\u011f\u0131 devrimci katk\u0131yla \u00fcn kazanm\u0131\u015ft\u0131r ve \u00f6\u011fretisinin etkisi artmaya devam etmekte, t\u00fcm d\u00fcnyada aray\u0131\u015f i\u00e7inde olan her bireye ula\u015fmaktad\u0131r.<\/p>\n","protected":false},"excerpt":{"rendered":"<p>Meditasyon yapmadan hayat\u0131n s\u0131rr\u0131n\u0131 \u00e7\u00f6zemez, onu sadece y\u00fczeysel olarak ya\u015fayabilirsiniz.\u201d\u2014OSHOGeni\u015f kapsaml\u0131 ve kullan\u0131\u015fl\u0131 bir meditasyon rehberi olan S\u0131rlar Kitab\u0131 bizi, d\u00fc\u015f\u00fcncelerimizin, davran\u0131\u015flar\u0131m\u0131z\u0131n ve duyular\u0131m\u0131z\u0131n fark\u0131na vararak<span class=\"excerpt-hellip\"> [\u2026]<\/span><\/p>\n","protected":false},"featured_media":0,"template":"","meta":{"_monsterinsights_skip_tracking":false,"_monsterinsights_sitenote_active":false,"_monsterinsights_sitenote_note":"","_monsterinsights_sitenote_category":0},"product_brand":[],"product_cat":[12364,12376],"product_tag":[],"class_list":{"0":"post-704276","1":"product","2":"type-product","3":"status-publish","5":"product_cat-genel-konular","6":"product_cat-kisisel-gelisim","7":"pa_cilt-ciltli","8":"pa_tur-kitap","9":"pa_yayinevi-omega","10":"pa_yazar-osho","12":"first","13":"instock","14":"sale","15":"shipping-taxable","16":"purchasable","17":"product-type-simple"},"_links":{"self":[{"href":"https:\/\/roveyayinevi.com.tr\/index.php\/wp-json\/wp\/v2\/product\/704276","targetHints":{"allow":["GET"]}}],"collection":[{"href":"https:\/\/roveyayinevi.com.tr\/index.php\/wp-json\/wp\/v2\/product"}],"about":[{"href":"https:\/\/roveyayinevi.com.tr\/index.php\/wp-json\/wp\/v2\/types\/product"}],"wp:attachment":[{"href":"https:\/\/roveyayinevi.com.tr\/index.php\/wp-json\/wp\/v2\/media?parent=704276"}],"wp:term":[{"taxonomy":"product_brand","embeddable":true,"href":"https:\/\/roveyayinevi.com.tr\/index.php\/wp-json\/wp\/v2\/product_brand?post=704276"},{"taxonomy":"product_cat","embeddable":true,"href":"https:\/\/roveyayinevi.com.tr\/index.php\/wp-json\/wp\/v2\/product_cat?post=704276"},{"taxonomy":"product_tag","embeddable":true,"href":"https:\/\/roveyayinevi.com.tr\/index.php\/wp-json\/wp\/v2\/product_tag?post=704276"}],"curies":[{"name":"wp","href":"https:\/\/api.w.org\/{rel}","templated":true}]}}