{"id":704268,"date":"2025-08-27T15:33:56","date_gmt":"2025-08-27T12:33:56","guid":{"rendered":"https:\/\/roveyayinevi.com.tr\/index.php\/urun\/can-avar-eski-kipirtili-kosk\/"},"modified":"2026-04-12T02:15:37","modified_gmt":"2026-04-11T23:15:37","slug":"can-avar-eski-kipirtili-kosk","status":"publish","type":"product","link":"https:\/\/roveyayinevi.com.tr\/index.php\/urun\/can-avar-eski-kipirtili-kosk\/","title":{"rendered":"Can Avar &#8211; Eski K\u0131p\u0131rt\u0131l\u0131 K\u00f6\u015fk"},"content":{"rendered":"<p>Bu yepyeni macerada Can ve tak\u0131m\u0131, \u00fcrk\u00fct\u00fcc\u00fc bir evin gizemlerini ke\u015ffediyor, tehlikeli bir g\u00f6reve at\u0131l\u0131yorlar! \ufffc<\/p>\n","protected":false},"excerpt":{"rendered":"<p>Bu yepyeni macerada Can ve tak\u0131m\u0131, \u00fcrk\u00fct\u00fcc\u00fc bir evin gizemlerini ke\u015ffediyor, tehlikeli bir g\u00f6reve at\u0131l\u0131yorlar! \ufffc<\/p>\n","protected":false},"featured_media":0,"template":"","meta":{"_monsterinsights_skip_tracking":false,"_monsterinsights_sitenote_active":false,"_monsterinsights_sitenote_note":"","_monsterinsights_sitenote_category":0},"product_brand":[],"product_cat":[12274,12284],"product_tag":[],"class_list":{"0":"post-704268","1":"product","2":"type-product","3":"status-publish","5":"product_cat-cocuk-ve-genclik-kitaplari","6":"product_cat-hikayeler","7":"pa_cilt-ciltsiz","8":"pa_tur-kitap","9":"pa_yayinevi-timas-cocuk","10":"pa_yazar-haktan-kaan-icel","12":"first","13":"instock","14":"sale","15":"shipping-taxable","16":"purchasable","17":"product-type-simple"},"_links":{"self":[{"href":"https:\/\/roveyayinevi.com.tr\/index.php\/wp-json\/wp\/v2\/product\/704268","targetHints":{"allow":["GET"]}}],"collection":[{"href":"https:\/\/roveyayinevi.com.tr\/index.php\/wp-json\/wp\/v2\/product"}],"about":[{"href":"https:\/\/roveyayinevi.com.tr\/index.php\/wp-json\/wp\/v2\/types\/product"}],"wp:attachment":[{"href":"https:\/\/roveyayinevi.com.tr\/index.php\/wp-json\/wp\/v2\/media?parent=704268"}],"wp:term":[{"taxonomy":"product_brand","embeddable":true,"href":"https:\/\/roveyayinevi.com.tr\/index.php\/wp-json\/wp\/v2\/product_brand?post=704268"},{"taxonomy":"product_cat","embeddable":true,"href":"https:\/\/roveyayinevi.com.tr\/index.php\/wp-json\/wp\/v2\/product_cat?post=704268"},{"taxonomy":"product_tag","embeddable":true,"href":"https:\/\/roveyayinevi.com.tr\/index.php\/wp-json\/wp\/v2\/product_tag?post=704268"}],"curies":[{"name":"wp","href":"https:\/\/api.w.org\/{rel}","templated":true}]}}