{"id":704266,"date":"2025-08-27T15:33:55","date_gmt":"2025-08-27T12:33:55","guid":{"rendered":"https:\/\/roveyayinevi.com.tr\/index.php\/urun\/degerler-egitimi-dogru-davranma\/"},"modified":"2026-04-16T02:13:23","modified_gmt":"2026-04-15T23:13:23","slug":"degerler-egitimi-dogru-davranma","status":"publish","type":"product","link":"https:\/\/roveyayinevi.com.tr\/index.php\/urun\/degerler-egitimi-dogru-davranma\/","title":{"rendered":"De\u011ferler E\u011fitimi &#8211; Do\u011fru Davranma"},"content":{"rendered":"<p>B\u00fcy\u00fcd\u00fck\u00e7e sosyalle\u015fen ve farkl\u0131 pek \u00e7ok al\u0131\u015fkanl\u0131k edinen \u00e7ocu\u011funuz do\u011fru davran\u0131\u015flara y\u00f6nelmesine yard\u0131mc\u0131 olun. B\u00f6ylece onun ya\u015fam\u0131n\u0131 olumlu y\u00f6nde etkileyecek ve gelece\u011fe sa\u011flam temeller \u00fczerinde ilerlemesini sa\u011flam\u0131\u015f olacaks\u0131n\u0131z. \ufffcTan\u0131t\u0131m Metni<\/p>\n","protected":false},"excerpt":{"rendered":"<p>B\u00fcy\u00fcd\u00fck\u00e7e sosyalle\u015fen ve farkl\u0131 pek \u00e7ok al\u0131\u015fkanl\u0131k edinen \u00e7ocu\u011funuz do\u011fru davran\u0131\u015flara y\u00f6nelmesine yard\u0131mc\u0131 olun. B\u00f6ylece onun ya\u015fam\u0131n\u0131 olumlu y\u00f6nde etkileyecek ve gelece\u011fe sa\u011flam temeller \u00fczerinde ilerlemesini<span class=\"excerpt-hellip\"> [\u2026]<\/span><\/p>\n","protected":false},"featured_media":0,"template":"","meta":{"_monsterinsights_skip_tracking":false,"_monsterinsights_sitenote_active":false,"_monsterinsights_sitenote_note":"","_monsterinsights_sitenote_category":0},"product_brand":[],"product_cat":[12274,12631],"product_tag":[],"class_list":{"0":"post-704266","1":"product","2":"type-product","3":"status-publish","5":"product_cat-cocuk-ve-genclik-kitaplari","6":"product_cat-diger-cocuk-ve-genclik-kitaplari","7":"pa_cilt-ciltsiz","8":"pa_tur-kitap","9":"pa_yayinevi-altin-kitaplar","10":"pa_yazar-kolektif","12":"first","13":"instock","14":"sale","15":"shipping-taxable","16":"purchasable","17":"product-type-simple"},"_links":{"self":[{"href":"https:\/\/roveyayinevi.com.tr\/index.php\/wp-json\/wp\/v2\/product\/704266","targetHints":{"allow":["GET"]}}],"collection":[{"href":"https:\/\/roveyayinevi.com.tr\/index.php\/wp-json\/wp\/v2\/product"}],"about":[{"href":"https:\/\/roveyayinevi.com.tr\/index.php\/wp-json\/wp\/v2\/types\/product"}],"wp:attachment":[{"href":"https:\/\/roveyayinevi.com.tr\/index.php\/wp-json\/wp\/v2\/media?parent=704266"}],"wp:term":[{"taxonomy":"product_brand","embeddable":true,"href":"https:\/\/roveyayinevi.com.tr\/index.php\/wp-json\/wp\/v2\/product_brand?post=704266"},{"taxonomy":"product_cat","embeddable":true,"href":"https:\/\/roveyayinevi.com.tr\/index.php\/wp-json\/wp\/v2\/product_cat?post=704266"},{"taxonomy":"product_tag","embeddable":true,"href":"https:\/\/roveyayinevi.com.tr\/index.php\/wp-json\/wp\/v2\/product_tag?post=704266"}],"curies":[{"name":"wp","href":"https:\/\/api.w.org\/{rel}","templated":true}]}}