{"id":704265,"date":"2025-08-27T15:33:55","date_gmt":"2025-08-27T12:33:55","guid":{"rendered":"https:\/\/roveyayinevi.com.tr\/index.php\/urun\/asik-geleneginden-protest-muzige-ali-asker\/"},"modified":"2026-04-16T02:13:23","modified_gmt":"2026-04-15T23:13:23","slug":"asik-geleneginden-protest-muzige-ali-asker","status":"publish","type":"product","link":"https:\/\/roveyayinevi.com.tr\/index.php\/urun\/asik-geleneginden-protest-muzige-ali-asker\/","title":{"rendered":"A\u015f\u0131k Gelene\u011finden Protest M\u00fczi\u011fe: Ali Asker"},"content":{"rendered":"<p>Ali Asker m\u00fczi\u011fin \u00f6nem ta\u015f\u0131d\u0131\u011f\u0131 bir co\u011frafyada, Dersim&#8217;de do\u011fmu\u015f ve b\u00fcy\u00fcm\u00fc\u015ft\u00fcr. 1938 Dersim katliam\u0131na y\u00f6nelik anlat\u0131lardan kula\u011f\u0131nda kalan, onun belirli bir maduniyet i\u00e7inden geldi\u011fini ve bu maduniyetin onun bilincinde yer edindi\u011fini ortaya koymaktad\u0131r. \u0130lk \u00f6nemli sahne deneyimi, d\u00f6nemin b\u00fcy\u00fck \u00e2\u015f\u0131klar\u0131ndan \u00c2\u015f\u0131k Mahzuni \u015eerif&#8217;in deste\u011fiyle ger\u00e7ekle\u015fmi\u015ftir. Daha sonra Mahzuni ile k\u0131sa bir Do\u011fu turnesine \u00e7\u0131karak usta-\u00e7\u0131rak ili\u015fkisi ile \u00e2\u015f\u0131kl\u0131k gelene\u011fine ad\u0131m\u0131n\u0131 atm\u0131\u015ft\u0131r. <\/p>\n","protected":false},"excerpt":{"rendered":"<p>Ali Asker m\u00fczi\u011fin \u00f6nem ta\u015f\u0131d\u0131\u011f\u0131 bir co\u011frafyada, Dersim&#8217;de do\u011fmu\u015f ve b\u00fcy\u00fcm\u00fc\u015ft\u00fcr. 1938 Dersim katliam\u0131na y\u00f6nelik anlat\u0131lardan kula\u011f\u0131nda kalan, onun belirli bir maduniyet i\u00e7inden geldi\u011fini ve bu<span class=\"excerpt-hellip\"> [\u2026]<\/span><\/p>\n","protected":false},"featured_media":0,"template":"","meta":{"_monsterinsights_skip_tracking":false,"_monsterinsights_sitenote_active":false,"_monsterinsights_sitenote_note":"","_monsterinsights_sitenote_category":0},"product_brand":[],"product_cat":[12782,12291],"product_tag":[],"class_list":{"0":"post-704265","1":"product","2":"type-product","3":"status-publish","5":"product_cat-alman-edebiyati","6":"product_cat-edebiyat","7":"pa_tur-kitap","8":"pa_yayinevi-kalkedon-yayincilik","9":"pa_yazar-selcuk-duran","11":"first","12":"instock","13":"sale","14":"shipping-taxable","15":"purchasable","16":"product-type-simple"},"_links":{"self":[{"href":"https:\/\/roveyayinevi.com.tr\/index.php\/wp-json\/wp\/v2\/product\/704265","targetHints":{"allow":["GET"]}}],"collection":[{"href":"https:\/\/roveyayinevi.com.tr\/index.php\/wp-json\/wp\/v2\/product"}],"about":[{"href":"https:\/\/roveyayinevi.com.tr\/index.php\/wp-json\/wp\/v2\/types\/product"}],"wp:attachment":[{"href":"https:\/\/roveyayinevi.com.tr\/index.php\/wp-json\/wp\/v2\/media?parent=704265"}],"wp:term":[{"taxonomy":"product_brand","embeddable":true,"href":"https:\/\/roveyayinevi.com.tr\/index.php\/wp-json\/wp\/v2\/product_brand?post=704265"},{"taxonomy":"product_cat","embeddable":true,"href":"https:\/\/roveyayinevi.com.tr\/index.php\/wp-json\/wp\/v2\/product_cat?post=704265"},{"taxonomy":"product_tag","embeddable":true,"href":"https:\/\/roveyayinevi.com.tr\/index.php\/wp-json\/wp\/v2\/product_tag?post=704265"}],"curies":[{"name":"wp","href":"https:\/\/api.w.org\/{rel}","templated":true}]}}