{"id":704264,"date":"2025-08-27T15:33:54","date_gmt":"2025-08-27T12:33:54","guid":{"rendered":"https:\/\/roveyayinevi.com.tr\/index.php\/urun\/iki-yil-okul-tatili-3\/"},"modified":"2026-04-16T02:13:22","modified_gmt":"2026-04-15T23:13:22","slug":"iki-yil-okul-tatili-3","status":"publish","type":"product","link":"https:\/\/roveyayinevi.com.tr\/index.php\/urun\/iki-yil-okul-tatili-3\/","title":{"rendered":"\u0130ki Y\u0131l Okul Tatili"},"content":{"rendered":"<p>\u0130ki Y\u0131l Okul Tatili, Jules Verne\u2019nin 1888 y\u0131l\u0131nda yay\u0131mlanm\u0131\u015f bir macera roman\u0131d\u0131r. 19. y\u00fczy\u0131l\u0131n pop\u00fcler ada romanlar\u0131ndan birisidir. Romanda bir grup \u00e7ocu\u011fun bir yanl\u0131\u015fl\u0131k sonucu Yeni Zelanda\u2019dan gemiyle a\u00e7\u0131larak yolunu kaybetmesi ve bir adaya d\u00fc\u015fmesi anlat\u0131l\u0131r. \u0130ki Y\u0131l Okul Tatili, Jules Verne\u2019in bir\u00e7ok ba\u015fka roman\u0131 gibi ilk defa Paris\u2019te yay\u0131nc\u0131 Hetzel\u2019in \u00e7\u0131kard\u0131\u011f\u0131 \u201cMagasin d\u2019\u00c9ducation et de           R\u00e9cr\u00e9ation\u201d adl\u0131 dergide yay\u0131mland\u0131. Ayn\u0131 y\u0131l, iki ciltlik kitap olarak da yay\u0131mlanan eserin T\u00fcrk\u00e7eye ilk \u00e7evirisi Ahmet \u0130hsan taraf\u0131ndan yap\u0131lm\u0131\u015f ve 1891\u2019de yay\u0131mlanm\u0131\u015ft\u0131r.<\/p>\n","protected":false},"excerpt":{"rendered":"<p>\u0130ki Y\u0131l Okul Tatili, Jules Verne\u2019nin 1888 y\u0131l\u0131nda yay\u0131mlanm\u0131\u015f bir macera roman\u0131d\u0131r. 19. y\u00fczy\u0131l\u0131n pop\u00fcler ada romanlar\u0131ndan birisidir. Romanda bir grup \u00e7ocu\u011fun bir yanl\u0131\u015fl\u0131k sonucu Yeni<span class=\"excerpt-hellip\"> [\u2026]<\/span><\/p>\n","protected":false},"featured_media":0,"template":"","meta":{"_monsterinsights_skip_tracking":false,"_monsterinsights_sitenote_active":false,"_monsterinsights_sitenote_note":"","_monsterinsights_sitenote_category":0},"product_brand":[],"product_cat":[12274,12467],"product_tag":[],"class_list":{"0":"post-704264","1":"product","2":"type-product","3":"status-publish","5":"product_cat-cocuk-ve-genclik-kitaplari","6":"product_cat-dunya-klasikleri","7":"pa_cilt-ciltsiz","8":"pa_tur-kitap","9":"pa_yayinevi-ozyurek-yayinlari","10":"pa_yazar-jules-verne","12":"first","13":"instock","14":"sale","15":"shipping-taxable","16":"purchasable","17":"product-type-simple"},"_links":{"self":[{"href":"https:\/\/roveyayinevi.com.tr\/index.php\/wp-json\/wp\/v2\/product\/704264","targetHints":{"allow":["GET"]}}],"collection":[{"href":"https:\/\/roveyayinevi.com.tr\/index.php\/wp-json\/wp\/v2\/product"}],"about":[{"href":"https:\/\/roveyayinevi.com.tr\/index.php\/wp-json\/wp\/v2\/types\/product"}],"wp:attachment":[{"href":"https:\/\/roveyayinevi.com.tr\/index.php\/wp-json\/wp\/v2\/media?parent=704264"}],"wp:term":[{"taxonomy":"product_brand","embeddable":true,"href":"https:\/\/roveyayinevi.com.tr\/index.php\/wp-json\/wp\/v2\/product_brand?post=704264"},{"taxonomy":"product_cat","embeddable":true,"href":"https:\/\/roveyayinevi.com.tr\/index.php\/wp-json\/wp\/v2\/product_cat?post=704264"},{"taxonomy":"product_tag","embeddable":true,"href":"https:\/\/roveyayinevi.com.tr\/index.php\/wp-json\/wp\/v2\/product_tag?post=704264"}],"curies":[{"name":"wp","href":"https:\/\/api.w.org\/{rel}","templated":true}]}}