{"id":704260,"date":"2025-08-27T15:33:52","date_gmt":"2025-08-27T12:33:52","guid":{"rendered":"https:\/\/roveyayinevi.com.tr\/index.php\/urun\/trabzonlu-delikanli\/"},"modified":"2026-04-16T02:13:22","modified_gmt":"2026-04-15T23:13:22","slug":"trabzonlu-delikanli","status":"publish","type":"product","link":"https:\/\/roveyayinevi.com.tr\/index.php\/urun\/trabzonlu-delikanli\/","title":{"rendered":"Trabzonlu Delikanl\u0131"},"content":{"rendered":"<p>Ya\u015far Mira\u00e7 (1953) \u0130lk \u015fiirleri 1960&#8217;l\u0131 y\u0131llar\u0131n sonunda Trabzon&#8217;daki yerel gazetelerde yay\u0131mlanan Ya\u015far Mira\u00e7 1979 y\u0131l\u0131nda okura ula\u015fan Trabzonlu Delikanl\u0131 adl\u0131 kitab\u0131yla \u015fiir d\u00fcnyas\u0131nda b\u00fcy\u00fck bir ilginin oda\u011f\u0131 olmu\u015ftu. Baz\u0131 ele\u015ftirmenler taraf\u0131ndan Yeni Halk \u015eiiri&#8217;nin \u00f6nc\u00fc kitab\u0131 olarak selamlanan Trabzonlu Delikanl\u0131 d\u00f6nemin \u00f6nde gelen \u00f6d\u00fcllerinden 1980 T\u00fcrk Dil Kurumu \u015eiir \u00d6d\u00fcl\u00fc&#8217;n\u00fcn sahibi oldu. Aradan ge\u00e7en k\u0131rk y\u0131la yak\u0131n zaman, \u015fairin  lacivert \u00fclke sinin bu ba\u015fyap\u0131t\u0131n\u0131 T\u00fcrk\u00e7e \u015fiir k\u00fct\u00fcphanemizin en \u00f6nemli kitaplar\u0131ndan biri olarak kayda ge\u00e7irmi\u015ftir. Bug\u00fcn Trabzonlu Delikanl\u0131, \u015fiir kitaplar\u0131n\u0131n on binlerce okura ula\u015ft\u0131\u011f\u0131 alt\u0131n \u00e7a\u011f\u0131n par\u0131lt\u0131l\u0131 bir an\u0131s\u0131 olarak de\u011fil, \u015fiire getirdi\u011fi bi\u00e7im \u00f6zellikleri ve istisnai lirizmiyle de hala \u00e7ok \u00f6nemli bir yerde durmaktad\u0131r. G\u00fcn\u00fcm\u00fcz \u015fiir okurunun \u00f6zlemini duydu\u011fu, yak\u0131n y\u0131llara kadar bu toplumu birbirine ba\u011flayan ve bug\u00fcn neredeyse yitirilmeye y\u00fcz tutmu\u015f k\u00fclt\u00fcrel dokunun iyicil, dayan\u0131\u015fmac\u0131, payla\u015f\u0131mc\u0131 \u00f6\u011felerini mucizevi bi\u00e7imde bir araya getiren imgesel bir fresk olarak okunabilir Trabzonlu Delikanl\u0131. Ne yaz\u0131k ki, gitgide daha fazla uzakla\u015ft\u0131\u011f\u0131m\u0131z a\u015fka, karde\u015fli\u011fe, dostlu\u011fa, yolda\u015fl\u0131\u011fa yak\u0131lm\u0131\u015f  lacivert  bir a\u011f\u0131t olarak da.T\u00fcrk\u00e7e \u015fiirin  imza kitaplar \u0131n\u0131 yay\u0131mlamaya Trabzonlu Delikanl\u0131 ile ba\u015fl\u0131yoruz. <\/p>\n","protected":false},"excerpt":{"rendered":"<p>Ya\u015far Mira\u00e7 (1953) \u0130lk \u015fiirleri 1960&#8217;l\u0131 y\u0131llar\u0131n sonunda Trabzon&#8217;daki yerel gazetelerde yay\u0131mlanan Ya\u015far Mira\u00e7 1979 y\u0131l\u0131nda okura ula\u015fan Trabzonlu Delikanl\u0131 adl\u0131 kitab\u0131yla \u015fiir d\u00fcnyas\u0131nda b\u00fcy\u00fck bir<span class=\"excerpt-hellip\"> [\u2026]<\/span><\/p>\n","protected":false},"featured_media":0,"template":"","meta":{"_monsterinsights_skip_tracking":false,"_monsterinsights_sitenote_active":false,"_monsterinsights_sitenote_note":"","_monsterinsights_sitenote_category":0},"product_brand":[],"product_cat":[12291,12509],"product_tag":[],"class_list":{"0":"post-704260","1":"product","2":"type-product","3":"status-publish","5":"product_cat-edebiyat","6":"product_cat-siir","7":"pa_cilt-ciltsiz","8":"pa_tur-kitap","9":"pa_yayinevi-ayrinti-yayinlari","10":"pa_yazar-yasar-mirac","12":"first","13":"instock","14":"sale","15":"shipping-taxable","16":"purchasable","17":"product-type-simple"},"_links":{"self":[{"href":"https:\/\/roveyayinevi.com.tr\/index.php\/wp-json\/wp\/v2\/product\/704260","targetHints":{"allow":["GET"]}}],"collection":[{"href":"https:\/\/roveyayinevi.com.tr\/index.php\/wp-json\/wp\/v2\/product"}],"about":[{"href":"https:\/\/roveyayinevi.com.tr\/index.php\/wp-json\/wp\/v2\/types\/product"}],"wp:attachment":[{"href":"https:\/\/roveyayinevi.com.tr\/index.php\/wp-json\/wp\/v2\/media?parent=704260"}],"wp:term":[{"taxonomy":"product_brand","embeddable":true,"href":"https:\/\/roveyayinevi.com.tr\/index.php\/wp-json\/wp\/v2\/product_brand?post=704260"},{"taxonomy":"product_cat","embeddable":true,"href":"https:\/\/roveyayinevi.com.tr\/index.php\/wp-json\/wp\/v2\/product_cat?post=704260"},{"taxonomy":"product_tag","embeddable":true,"href":"https:\/\/roveyayinevi.com.tr\/index.php\/wp-json\/wp\/v2\/product_tag?post=704260"}],"curies":[{"name":"wp","href":"https:\/\/api.w.org\/{rel}","templated":true}]}}