{"id":704259,"date":"2025-08-27T15:33:52","date_gmt":"2025-08-27T12:33:52","guid":{"rendered":"https:\/\/roveyayinevi.com.tr\/index.php\/urun\/kafesteki-kusun-sarkisi\/"},"modified":"2026-04-16T02:13:22","modified_gmt":"2026-04-15T23:13:22","slug":"kafesteki-kusun-sarkisi","status":"publish","type":"product","link":"https:\/\/roveyayinevi.com.tr\/index.php\/urun\/kafesteki-kusun-sarkisi\/","title":{"rendered":"Kafesteki Ku\u015fun \u015eark\u0131s\u0131"},"content":{"rendered":"<p>Maya Angelou (1928-2014) Siyah \u00f6zg\u00fcrl\u00fck hareketinin son g\u00fc\u00e7l\u00fc temsilcilerinden olan kad\u0131n \u015fair ve aktivist Maya Angelou, \u00e7a\u011fda\u015f Amerikan edebiyat\u0131 ve siyaset sahnesinin en tan\u0131nm\u0131\u015f isimlerindendir. Afrikal\u0131 k\u00f6klerine sahip \u00e7\u0131kan somut dil aray\u0131\u015flar\u0131 ve izlek b\u00fct\u00fcnl\u00fc\u011f\u00fc i\u00e7inde samimi, canl\u0131 bir \u00fcslubun takip\u00e7isi olmu\u015ftur. Blues \u015fiirinin do\u011fa\u00e7lamac\u0131 yal\u0131nl\u0131\u011f\u0131ndan beslenen Angelou \u015fiiri, keskin toplumsal \u00e7eli\u015fki ve \u00e7at\u0131\u015fk\u0131lar\u0131n bask\u0131s\u0131 alt\u0131ndaki \u015fehirli insan\u0131n g\u00f6r\u00fcn\u00fcr ve derindeki bireysel ac\u0131lar\u0131na ses veren a\u00e7\u0131k, duru, modern bir s\u00f6yleyi\u015fi temsil eder. Siyah halk\u0131n k\u00f6leli\u011fe ve \u0131rk\u00e7\u0131l\u0131\u011fa cevap olarak tarih sahnesine \u00e7\u0131kan \u00f6zg\u00fcrl\u00fck aray\u0131\u015f\u0131, onun tutkulu kad\u0131n bireyselli\u011finde yeni \u015fiirsel ifade olanaklar\u0131yla bulu\u015fmu\u015f, sorgulay\u0131c\u0131 bir tav\u0131r e\u015fli\u011finde yer yer dinsel s\u00f6ylemle b\u00fct\u00fcnle\u015fen \u015fiiri geni\u015f kitlelere mal olmu\u015ftur. Kafesteki Ku\u015fun \u015eark\u0131s\u0131 Maya Angelou\u2019un \u015fiir ser\u00fcvenini olabildi\u011fince geni\u015f hatta okura sunmay\u0131, bi\u00e7imsel ve ritmik tercihlerini g\u00f6r\u00fcn\u00fcr k\u0131lmay\u0131 ama\u00e7layan \u00f6zel bir se\u00e7ki. \u201cEn b\u00fcy\u00fck umudum a\u011flad\u0131\u011f\u0131m kadar g\u00fclebilmek, bir insana sevgimi verebilmek ve bana d\u00f6nen a\u015fk\u0131 kabul edecek cesareti kendimde bulmakt\u0131r,\u201d diyen \u015fairin \u015fiirleri, T\u00fcrk\u00e7e\u2019de ilk kez bir kitap b\u00fct\u00fcnl\u00fc\u011f\u00fc i\u00e7inde yay\u0131nlan\u0131yor. <\/p>\n","protected":false},"excerpt":{"rendered":"<p>Maya Angelou (1928-2014) Siyah \u00f6zg\u00fcrl\u00fck hareketinin son g\u00fc\u00e7l\u00fc temsilcilerinden olan kad\u0131n \u015fair ve aktivist Maya Angelou, \u00e7a\u011fda\u015f Amerikan edebiyat\u0131 ve siyaset sahnesinin en tan\u0131nm\u0131\u015f isimlerindendir. Afrikal\u0131<span class=\"excerpt-hellip\"> [\u2026]<\/span><\/p>\n","protected":false},"featured_media":0,"template":"","meta":{"_monsterinsights_skip_tracking":false,"_monsterinsights_sitenote_active":false,"_monsterinsights_sitenote_note":"","_monsterinsights_sitenote_category":0},"product_brand":[],"product_cat":[12291,12509],"product_tag":[],"class_list":{"0":"post-704259","1":"product","2":"type-product","3":"status-publish","5":"product_cat-edebiyat","6":"product_cat-siir","7":"pa_cilt-ciltsiz","8":"pa_tur-kitap","9":"pa_yayinevi-ayrinti-yayinlari","10":"pa_yazar-maya-angelou","12":"first","13":"instock","14":"sale","15":"shipping-taxable","16":"purchasable","17":"product-type-simple"},"_links":{"self":[{"href":"https:\/\/roveyayinevi.com.tr\/index.php\/wp-json\/wp\/v2\/product\/704259","targetHints":{"allow":["GET"]}}],"collection":[{"href":"https:\/\/roveyayinevi.com.tr\/index.php\/wp-json\/wp\/v2\/product"}],"about":[{"href":"https:\/\/roveyayinevi.com.tr\/index.php\/wp-json\/wp\/v2\/types\/product"}],"wp:attachment":[{"href":"https:\/\/roveyayinevi.com.tr\/index.php\/wp-json\/wp\/v2\/media?parent=704259"}],"wp:term":[{"taxonomy":"product_brand","embeddable":true,"href":"https:\/\/roveyayinevi.com.tr\/index.php\/wp-json\/wp\/v2\/product_brand?post=704259"},{"taxonomy":"product_cat","embeddable":true,"href":"https:\/\/roveyayinevi.com.tr\/index.php\/wp-json\/wp\/v2\/product_cat?post=704259"},{"taxonomy":"product_tag","embeddable":true,"href":"https:\/\/roveyayinevi.com.tr\/index.php\/wp-json\/wp\/v2\/product_tag?post=704259"}],"curies":[{"name":"wp","href":"https:\/\/api.w.org\/{rel}","templated":true}]}}