{"id":704257,"date":"2025-08-27T15:33:51","date_gmt":"2025-08-27T12:33:51","guid":{"rendered":"https:\/\/roveyayinevi.com.tr\/index.php\/urun\/eudemosa-etik\/"},"modified":"2026-04-16T02:13:22","modified_gmt":"2026-04-15T23:13:22","slug":"eudemosa-etik","status":"publish","type":"product","link":"https:\/\/roveyayinevi.com.tr\/index.php\/urun\/eudemosa-etik\/","title":{"rendered":"Eudemos&#8217;a Etik"},"content":{"rendered":"<p>Eudemos\u2019a Etik Aristoteles\u2019in etikle ilgili \u00e7al\u0131\u015fmalar\u0131ndan bir di\u011feridir. Kitap boyunca cevab\u0131 aranan soru, iyi ya\u015fam\u0131n ne\u2019de oldu\u011fu ile nas\u0131l elde edilece\u011fidir. Bu sorunun cevab\u0131, mutlulu\u011fun ne oldu\u011funun da cevab\u0131 olacakt\u0131r. Mutluluksa insana \u00f6zg\u00fc iyilerin en \u00f6nemlisi, en \u00fcst\u00fcn\u00fcd\u00fcr. Bunu elde etmek i\u00e7inse \u201cruhun ak\u0131ldan ba\u011f\u0131ms\u0131z yan\u0131na olabildi\u011fince az kulak vermelidir.\u201d<\/p>\n","protected":false},"excerpt":{"rendered":"<p>Eudemos\u2019a Etik Aristoteles\u2019in etikle ilgili \u00e7al\u0131\u015fmalar\u0131ndan bir di\u011feridir. Kitap boyunca cevab\u0131 aranan soru, iyi ya\u015fam\u0131n ne\u2019de oldu\u011fu ile nas\u0131l elde edilece\u011fidir. Bu sorunun cevab\u0131, mutlulu\u011fun ne<span class=\"excerpt-hellip\"> [\u2026]<\/span><\/p>\n","protected":false},"featured_media":0,"template":"","meta":{"_monsterinsights_skip_tracking":false,"_monsterinsights_sitenote_active":false,"_monsterinsights_sitenote_note":"","_monsterinsights_sitenote_category":0},"product_brand":[],"product_cat":[20351,12388],"product_tag":[],"class_list":{"0":"post-704257","1":"product","2":"type-product","3":"status-publish","5":"product_cat-dusunce","6":"product_cat-felsefe","7":"pa_cilt-ciltsiz","8":"pa_tur-kitap","9":"pa_yayinevi-bilgesu-yayincilik","10":"pa_yazar-aristoteles","12":"first","13":"instock","14":"sale","15":"shipping-taxable","16":"purchasable","17":"product-type-simple"},"_links":{"self":[{"href":"https:\/\/roveyayinevi.com.tr\/index.php\/wp-json\/wp\/v2\/product\/704257","targetHints":{"allow":["GET"]}}],"collection":[{"href":"https:\/\/roveyayinevi.com.tr\/index.php\/wp-json\/wp\/v2\/product"}],"about":[{"href":"https:\/\/roveyayinevi.com.tr\/index.php\/wp-json\/wp\/v2\/types\/product"}],"wp:attachment":[{"href":"https:\/\/roveyayinevi.com.tr\/index.php\/wp-json\/wp\/v2\/media?parent=704257"}],"wp:term":[{"taxonomy":"product_brand","embeddable":true,"href":"https:\/\/roveyayinevi.com.tr\/index.php\/wp-json\/wp\/v2\/product_brand?post=704257"},{"taxonomy":"product_cat","embeddable":true,"href":"https:\/\/roveyayinevi.com.tr\/index.php\/wp-json\/wp\/v2\/product_cat?post=704257"},{"taxonomy":"product_tag","embeddable":true,"href":"https:\/\/roveyayinevi.com.tr\/index.php\/wp-json\/wp\/v2\/product_tag?post=704257"}],"curies":[{"name":"wp","href":"https:\/\/api.w.org\/{rel}","templated":true}]}}