{"id":704255,"date":"2025-08-27T15:33:50","date_gmt":"2025-08-27T12:33:50","guid":{"rendered":"https:\/\/roveyayinevi.com.tr\/index.php\/urun\/babalar-ve-ogullar-7\/"},"modified":"2026-04-16T02:13:22","modified_gmt":"2026-04-15T23:13:22","slug":"babalar-ve-ogullar-7","status":"publish","type":"product","link":"https:\/\/roveyayinevi.com.tr\/index.php\/urun\/babalar-ve-ogullar-7\/","title":{"rendered":"Babalar ve O\u011fullar"},"content":{"rendered":"<p>Ivan Sergeyevi\u00e7 Turgenyev (1818-1883): Yap\u0131tlar\u0131yla 19. y\u00fczy\u0131l\u0131n Rus klasikleri aras\u0131nda Avrupa&#8217;da ve \u00fclkemizde tan\u0131nan yazarlardan biri olmu\u015ftur. \u0130lk A\u015fk ve \u0130lkbahar Selleri&#8217;nden Duman ve Ham Toprak&#8217;a pek \u00e7ok nitelikli \u00f6yk\u00fc ve roman yazm\u0131\u015f olmas\u0131na kar\u015f\u0131n, Turgenyev ad\u0131 g\u00fcn\u00fcm\u00fczde de, 1862&#8217;de yay\u0131mlanan ve nihilizmin simgesine d\u00f6n\u00fc\u015fen o\u011ful Bazarov tipini yaratt\u0131\u011f\u0131 Babalar ve O\u011fullar roman\u0131yla \u00f6zde\u015fle\u015fmi\u015f gibidir. Ergin Altay (1937): Yusuf Ziya Orta\u00e7&#8217;\u0131n Akbaba dergisinde yay\u0131mlanan ilk \u00f6yk\u00fc \u00e7evirisinden (Zo\u015f\u00e7enko) g\u00fcn\u00fcm\u00fcze, son elli y\u0131l\u0131n en \u00f6nemli Rus\u00e7a \u00e7evirmenlerindendir. Dostoyevski ve Tolstoy kadar, Gogol, Gon\u00e7arov ve \u00c7ehov da Altay&#8217;\u0131n yetkinlikle dilimize kazand\u0131rd\u0131\u011f\u0131 yazarlar aras\u0131ndad\u0131r. <\/p>\n","protected":false},"excerpt":{"rendered":"<p>Ivan Sergeyevi\u00e7 Turgenyev (1818-1883): Yap\u0131tlar\u0131yla 19. y\u00fczy\u0131l\u0131n Rus klasikleri aras\u0131nda Avrupa&#8217;da ve \u00fclkemizde tan\u0131nan yazarlardan biri olmu\u015ftur. \u0130lk A\u015fk ve \u0130lkbahar Selleri&#8217;nden Duman ve Ham Toprak&#8217;a<span class=\"excerpt-hellip\"> [\u2026]<\/span><\/p>\n","protected":false},"featured_media":0,"template":"","meta":{"_monsterinsights_skip_tracking":false,"_monsterinsights_sitenote_active":false,"_monsterinsights_sitenote_note":"","_monsterinsights_sitenote_category":0},"product_brand":[],"product_cat":[12291,13570],"product_tag":[],"class_list":{"0":"post-704255","1":"product","2":"type-product","3":"status-publish","5":"product_cat-edebiyat","6":"product_cat-rus-edebiyati","7":"pa_cilt-ciltsiz","8":"pa_tur-kitap","9":"pa_yayinevi-is-bankasi-kultur-yayinlari","10":"pa_yazar-ivan-sergeyevic-turgenyev","12":"first","13":"instock","14":"sale","15":"shipping-taxable","16":"purchasable","17":"product-type-simple"},"_links":{"self":[{"href":"https:\/\/roveyayinevi.com.tr\/index.php\/wp-json\/wp\/v2\/product\/704255","targetHints":{"allow":["GET"]}}],"collection":[{"href":"https:\/\/roveyayinevi.com.tr\/index.php\/wp-json\/wp\/v2\/product"}],"about":[{"href":"https:\/\/roveyayinevi.com.tr\/index.php\/wp-json\/wp\/v2\/types\/product"}],"wp:attachment":[{"href":"https:\/\/roveyayinevi.com.tr\/index.php\/wp-json\/wp\/v2\/media?parent=704255"}],"wp:term":[{"taxonomy":"product_brand","embeddable":true,"href":"https:\/\/roveyayinevi.com.tr\/index.php\/wp-json\/wp\/v2\/product_brand?post=704255"},{"taxonomy":"product_cat","embeddable":true,"href":"https:\/\/roveyayinevi.com.tr\/index.php\/wp-json\/wp\/v2\/product_cat?post=704255"},{"taxonomy":"product_tag","embeddable":true,"href":"https:\/\/roveyayinevi.com.tr\/index.php\/wp-json\/wp\/v2\/product_tag?post=704255"}],"curies":[{"name":"wp","href":"https:\/\/api.w.org\/{rel}","templated":true}]}}