{"id":704252,"date":"2025-08-27T15:33:48","date_gmt":"2025-08-27T12:33:48","guid":{"rendered":"https:\/\/roveyayinevi.com.tr\/index.php\/urun\/le-horla\/"},"modified":"2026-04-16T02:13:22","modified_gmt":"2026-04-15T23:13:22","slug":"le-horla","status":"publish","type":"product","link":"https:\/\/roveyayinevi.com.tr\/index.php\/urun\/le-horla\/","title":{"rendered":"Le Horla"},"content":{"rendered":"<p>19. y\u00fczy\u0131l Frans\u0131z edebiyat\u0131n\u0131n en g\u00fc\u00e7l\u00fc kalemlerinden olan Maupassant\u2019\u0131n hikayeleri, hayatla sanat aras\u0131ndaki s\u0131n\u0131rlar\u0131 ortadan kald\u0131ran cinsten. Hayat sanattan, sanat da hayattan kopuk de\u011fildir Maupassant\u2019\u0131n estetik d\u00fcnya g\u00f6r\u00fc\u015f\u00fcnde. Modern insan\u0131n \u201ci\u00e7 d\u00fcnyas\u0131n\u0131n\u201d detayl\u0131 bir bi\u00e7imde resmedildi\u011fi hik\u00e2yelerinde, doludizgin akan bir hayat sevincine paralel olarak, alttan alta i\u015fleyen melankolik, \u00fcrk\u00fct\u00fcc\u00fc ve karanl\u0131k duygular da var. Maupassant\u2019\u0131n hik\u00e2yelerinde d\u00f6nemin toplumsal kompozisyonunda yer alan neredeyse b\u00fct\u00fcn varolu\u015flar\u0131n portrelerini bulmak m\u00fcmk\u00fcn. Y\u00fcksek sosyetenin \u00e7\u0131tk\u0131r\u0131ld\u0131m han\u0131mefendilerinden ve beyefendilerinden s\u00f6z etti\u011fi kadar izbe sokaklarda dolanan fahi\u015felerden, yoksullardan da s\u00f6z eder Maupassant. Alkolikler, uyu\u015fturucu ba\u011f\u0131ml\u0131lar\u0131 ve deliler gibi toplumun \u00e7eperlerinde konumlanm\u0131\u015f bireylerin hik\u00e2yelerini anlatan Maupassant\u2019\u0131n, burjuva hayat\u0131na kar\u015f\u0131 \u201ca\u015fa\u011f\u0131dakiler\u201dden yana bir tav\u0131r ald\u0131\u011f\u0131n\u0131 s\u00f6ylemek olas\u0131: Deliler beni \u00e7eker. Bu insanlar, garip d\u00fc\u015flerin olu\u015fturdu\u011fu gizemli bir \u00fclkede, bunakl\u0131k denilen \u015feyin o i\u00e7ine girilmez bulutu i\u00e7inde ya\u015farlar. Yery\u00fcz\u00fcnde g\u00f6rd\u00fckleri, sevdikleri, yapt\u0131klar\u0131 her \u015fey, onlar i\u00e7in, e\u015fyalar\u0131n ve insan d\u00fc\u015f\u00fcncesini y\u00f6neten t\u00fcm yasalar\u0131n d\u0131\u015f\u0131nda, imgesel bir varolu\u015f i\u00e7inde yeniden ba\u015flar. Keskin zek\u00e2 yarat\u0131c\u0131 deha ile birle\u015fince; a\u015fk, entrika, kin, umut, korku gibi insani duygulara bamba\u015fka a\u00e7\u0131lardan \u0131\u015f\u0131klar d\u00fc\u015f\u00fcl\u00fcyor Maupassant\u2019\u0131n hik\u00e2yelerinde&#8230; <\/p>\n","protected":false},"excerpt":{"rendered":"<p>19. y\u00fczy\u0131l Frans\u0131z edebiyat\u0131n\u0131n en g\u00fc\u00e7l\u00fc kalemlerinden olan Maupassant\u2019\u0131n hikayeleri, hayatla sanat aras\u0131ndaki s\u0131n\u0131rlar\u0131 ortadan kald\u0131ran cinsten. Hayat sanattan, sanat da hayattan kopuk de\u011fildir Maupassant\u2019\u0131n estetik<span class=\"excerpt-hellip\"> [\u2026]<\/span><\/p>\n","protected":false},"featured_media":0,"template":"","meta":{"_monsterinsights_skip_tracking":false,"_monsterinsights_sitenote_active":false,"_monsterinsights_sitenote_note":"","_monsterinsights_sitenote_category":0},"product_brand":[],"product_cat":[12291,13376],"product_tag":[],"class_list":{"0":"post-704252","1":"product","2":"type-product","3":"status-publish","5":"product_cat-edebiyat","6":"product_cat-fransiz-edebiyati","7":"pa_cilt-ciltsiz","8":"pa_tur-kitap","9":"pa_yayinevi-ayrinti-yayinlari","10":"pa_yazar-guy-de-maupassant","12":"first","13":"instock","14":"sale","15":"shipping-taxable","16":"purchasable","17":"product-type-simple"},"_links":{"self":[{"href":"https:\/\/roveyayinevi.com.tr\/index.php\/wp-json\/wp\/v2\/product\/704252","targetHints":{"allow":["GET"]}}],"collection":[{"href":"https:\/\/roveyayinevi.com.tr\/index.php\/wp-json\/wp\/v2\/product"}],"about":[{"href":"https:\/\/roveyayinevi.com.tr\/index.php\/wp-json\/wp\/v2\/types\/product"}],"wp:attachment":[{"href":"https:\/\/roveyayinevi.com.tr\/index.php\/wp-json\/wp\/v2\/media?parent=704252"}],"wp:term":[{"taxonomy":"product_brand","embeddable":true,"href":"https:\/\/roveyayinevi.com.tr\/index.php\/wp-json\/wp\/v2\/product_brand?post=704252"},{"taxonomy":"product_cat","embeddable":true,"href":"https:\/\/roveyayinevi.com.tr\/index.php\/wp-json\/wp\/v2\/product_cat?post=704252"},{"taxonomy":"product_tag","embeddable":true,"href":"https:\/\/roveyayinevi.com.tr\/index.php\/wp-json\/wp\/v2\/product_tag?post=704252"}],"curies":[{"name":"wp","href":"https:\/\/api.w.org\/{rel}","templated":true}]}}