{"id":704250,"date":"2025-08-27T15:33:47","date_gmt":"2025-08-27T12:33:47","guid":{"rendered":"https:\/\/roveyayinevi.com.tr\/index.php\/urun\/guven-cilt-2\/"},"modified":"2026-04-16T02:13:22","modified_gmt":"2026-04-15T23:13:22","slug":"guven-cilt-2","status":"publish","type":"product","link":"https:\/\/roveyayinevi.com.tr\/index.php\/urun\/guven-cilt-2\/","title":{"rendered":"G\u00fcven Cilt 2"},"content":{"rendered":"<p>Polisin fellek fellek arad\u0131\u011f\u0131 Hasan Basri Alp kay\u0131pt\u0131, nerde oldu\u011funu bilen yoktu. Ele ge\u00e7ece\u011fi pek d\u00fc\u015f\u00fcn\u00fclmedi\u011finden olacak, soru\u015fturmada s\u0131k\u0131\u015f\u0131ld\u0131 m\u0131, kimi i\u015fleri onun \u00fcst\u00fcne y\u0131kma e\u011filimi, polisin Basri\u2019yi arama k\u0131zg\u0131nl\u0131\u011f\u0131n\u0131 daha da k\u0131\u015fk\u0131rt\u0131yordu. \u0130stanbul da \u0130stanbullulu\u011funu ya\u015f\u0131yordu gene. Kuzeyden, Hali\u00e7 \u00fcstlerinden \u00e7\u0131k\u0131veren k\u0131\u015f azg\u0131n\u0131 kara bulutlar\u0131, maviliklere m\u0131zrak gibi \u00e7ak\u0131lm\u0131\u015f minarelerin onuruyla kabaran, kur\u015funlu, a\u011f\u0131rba\u015fl\u0131 kubbeleri, k\u00f6r olas\u0131 a\u00e7l\u0131\u011f\u0131n kavgas\u0131nda tedirgin dolanan delifi\u015fek mart\u0131lar\u0131, gelin gibi gezinen tekneleri, Bo\u011faz\u2019da ya\u015fayan l\u00fcferleri, istavritleri, uskumrular\u0131, kuyru\u011fu sokaklar\u0131 s\u00fcp\u00fcrerek g\u00f6t\u00fcr\u00fclen derya kuzusu torikleri, bal\u0131k\u00e7\u0131 tablalar\u0131na manda gibi serilmi\u015f (&#8230;) Yaban\u0131l sokak kedileriyle sekiz y\u00fcz binlik \u0130stanbul kenti; k\u0131ran k\u0131rana sava\u015ftaki bir d\u00fcnyan\u0131n ortas\u0131nda, boynunu b\u00fckm\u00fc\u015f, karanl\u0131k bir beklenti i\u00e7indeydi. Yaln\u0131z \u0130stanbul mu, t\u00fcm T\u00fcrkiye bekliyordu bu ac\u0131l\u0131 karanl\u0131k i\u00e7inde. <\/p>\n","protected":false},"excerpt":{"rendered":"<p>Polisin fellek fellek arad\u0131\u011f\u0131 Hasan Basri Alp kay\u0131pt\u0131, nerde oldu\u011funu bilen yoktu. Ele ge\u00e7ece\u011fi pek d\u00fc\u015f\u00fcn\u00fclmedi\u011finden olacak, soru\u015fturmada s\u0131k\u0131\u015f\u0131ld\u0131 m\u0131, kimi i\u015fleri onun \u00fcst\u00fcne y\u0131kma e\u011filimi,<span class=\"excerpt-hellip\"> [\u2026]<\/span><\/p>\n","protected":false},"featured_media":0,"template":"","meta":{"_monsterinsights_skip_tracking":false,"_monsterinsights_sitenote_active":false,"_monsterinsights_sitenote_note":"","_monsterinsights_sitenote_category":0},"product_brand":[],"product_cat":[12291,12711],"product_tag":[],"class_list":{"0":"post-704250","1":"product","2":"type-product","3":"status-publish","5":"product_cat-edebiyat","6":"product_cat-roman-oyku","7":"pa_cilt-ciltsiz","8":"pa_tur-kitap","9":"pa_yayinevi-ayrinti-yayinlari","10":"pa_yazar-vedat-turkali","12":"first","13":"instock","14":"sale","15":"shipping-taxable","16":"purchasable","17":"product-type-simple"},"_links":{"self":[{"href":"https:\/\/roveyayinevi.com.tr\/index.php\/wp-json\/wp\/v2\/product\/704250","targetHints":{"allow":["GET"]}}],"collection":[{"href":"https:\/\/roveyayinevi.com.tr\/index.php\/wp-json\/wp\/v2\/product"}],"about":[{"href":"https:\/\/roveyayinevi.com.tr\/index.php\/wp-json\/wp\/v2\/types\/product"}],"wp:attachment":[{"href":"https:\/\/roveyayinevi.com.tr\/index.php\/wp-json\/wp\/v2\/media?parent=704250"}],"wp:term":[{"taxonomy":"product_brand","embeddable":true,"href":"https:\/\/roveyayinevi.com.tr\/index.php\/wp-json\/wp\/v2\/product_brand?post=704250"},{"taxonomy":"product_cat","embeddable":true,"href":"https:\/\/roveyayinevi.com.tr\/index.php\/wp-json\/wp\/v2\/product_cat?post=704250"},{"taxonomy":"product_tag","embeddable":true,"href":"https:\/\/roveyayinevi.com.tr\/index.php\/wp-json\/wp\/v2\/product_tag?post=704250"}],"curies":[{"name":"wp","href":"https:\/\/api.w.org\/{rel}","templated":true}]}}