{"id":704247,"date":"2025-08-27T15:33:45","date_gmt":"2025-08-27T12:33:45","guid":{"rendered":"https:\/\/roveyayinevi.com.tr\/index.php\/urun\/sinanca\/"},"modified":"2026-04-16T02:13:22","modified_gmt":"2026-04-15T23:13:22","slug":"sinanca","status":"publish","type":"product","link":"https:\/\/roveyayinevi.com.tr\/index.php\/urun\/sinanca\/","title":{"rendered":"Sinan\u00e7a"},"content":{"rendered":"<p>Sinan\u00e7a i\u00e7in sosyalist bir kad\u0131n\u0131n, \u015eirin Cemgil\u2019in hikayesi denebilir. Bir anlamda, 1970\u2019lerden bu yana T\u00fcrkiye\u2019de ya\u015fanan m\u00fccadele s\u00fcre\u00e7leri d\u00fc\u015f\u00fcn\u00fcld\u00fc\u011f\u00fcnde, say\u0131s\u0131z devrimci-sosyalist kad\u0131n\u0131n duygular\u0131n\u0131n, diren\u00e7lerinin ifade bulmu\u015f hali. <\/p>\n","protected":false},"excerpt":{"rendered":"<p>Sinan\u00e7a i\u00e7in sosyalist bir kad\u0131n\u0131n, \u015eirin Cemgil\u2019in hikayesi denebilir. Bir anlamda, 1970\u2019lerden bu yana T\u00fcrkiye\u2019de ya\u015fanan m\u00fccadele s\u00fcre\u00e7leri d\u00fc\u015f\u00fcn\u00fcld\u00fc\u011f\u00fcnde, say\u0131s\u0131z devrimci-sosyalist kad\u0131n\u0131n duygular\u0131n\u0131n, diren\u00e7lerinin ifade bulmu\u015f<span class=\"excerpt-hellip\"> [\u2026]<\/span><\/p>\n","protected":false},"featured_media":0,"template":"","meta":{"_monsterinsights_skip_tracking":false,"_monsterinsights_sitenote_active":false,"_monsterinsights_sitenote_note":"","_monsterinsights_sitenote_category":0},"product_brand":[],"product_cat":[18545,12291],"product_tag":[],"class_list":{"0":"post-704247","1":"product","2":"type-product","3":"status-publish","5":"product_cat-anlati","6":"product_cat-edebiyat","7":"pa_cilt-ciltsiz","8":"pa_tur-kitap","9":"pa_yayinevi-ayrinti-yayinlari","10":"pa_yazar-sirin-cemgil","12":"first","13":"instock","14":"sale","15":"shipping-taxable","16":"purchasable","17":"product-type-simple"},"_links":{"self":[{"href":"https:\/\/roveyayinevi.com.tr\/index.php\/wp-json\/wp\/v2\/product\/704247","targetHints":{"allow":["GET"]}}],"collection":[{"href":"https:\/\/roveyayinevi.com.tr\/index.php\/wp-json\/wp\/v2\/product"}],"about":[{"href":"https:\/\/roveyayinevi.com.tr\/index.php\/wp-json\/wp\/v2\/types\/product"}],"wp:attachment":[{"href":"https:\/\/roveyayinevi.com.tr\/index.php\/wp-json\/wp\/v2\/media?parent=704247"}],"wp:term":[{"taxonomy":"product_brand","embeddable":true,"href":"https:\/\/roveyayinevi.com.tr\/index.php\/wp-json\/wp\/v2\/product_brand?post=704247"},{"taxonomy":"product_cat","embeddable":true,"href":"https:\/\/roveyayinevi.com.tr\/index.php\/wp-json\/wp\/v2\/product_cat?post=704247"},{"taxonomy":"product_tag","embeddable":true,"href":"https:\/\/roveyayinevi.com.tr\/index.php\/wp-json\/wp\/v2\/product_tag?post=704247"}],"curies":[{"name":"wp","href":"https:\/\/api.w.org\/{rel}","templated":true}]}}