{"id":704245,"date":"2025-08-27T15:33:44","date_gmt":"2025-08-27T12:33:44","guid":{"rendered":"https:\/\/roveyayinevi.com.tr\/index.php\/urun\/osman-gaziyle-bir-gun\/"},"modified":"2026-04-16T02:13:22","modified_gmt":"2026-04-15T23:13:22","slug":"osman-gaziyle-bir-gun","status":"publish","type":"product","link":"https:\/\/roveyayinevi.com.tr\/index.php\/urun\/osman-gaziyle-bir-gun\/","title":{"rendered":"Osman Gazi\u2019yle Bir G\u00fcn"},"content":{"rendered":"<p>Sevgili ebeveynler, \u00e7ocuklar\u0131n\u0131z\u0131n hem tarihini \u00f6\u011frenip, hem de bunu \u00f6\u011frenirken ho\u015f\u00e7a vakit ge\u00e7irmesini mi istiyorsunuz? \u00c7ocu\u011funuz \u201c\u00dcnl\u00fclerle Bir G\u00fcn\u201d dizisinin \u201cOsman Gazi\u2019yle Bir G\u00fcn\u201d isimli bu kitab\u0131yla, Osmanl\u0131\u2019n\u0131n kurucusu Osman Gazi\u2019yi daha yak\u0131ndan tan\u0131rken, geleneklerimizi \u00f6\u011frenme ve ya\u015fatma konusunda istek duyar, ge\u00e7mi\u015ften g\u00fcn\u00fcm\u00fcze insanlar\u0131n k\u0131yafetlerindeki de\u011fi\u015fimi fark eder, b\u00fcy\u00fcklere sayg\u0131 g\u00f6stermenin \u00f6nemini anlar ve \u00fclke tarihini ara\u015ft\u0131rmaya, \u00f6\u011frenmeye istek duyar.<\/p>\n","protected":false},"excerpt":{"rendered":"<p>Sevgili ebeveynler, \u00e7ocuklar\u0131n\u0131z\u0131n hem tarihini \u00f6\u011frenip, hem de bunu \u00f6\u011frenirken ho\u015f\u00e7a vakit ge\u00e7irmesini mi istiyorsunuz? \u00c7ocu\u011funuz \u201c\u00dcnl\u00fclerle Bir G\u00fcn\u201d dizisinin \u201cOsman Gazi\u2019yle Bir G\u00fcn\u201d isimli bu<span class=\"excerpt-hellip\"> [\u2026]<\/span><\/p>\n","protected":false},"featured_media":0,"template":"","meta":{"_monsterinsights_skip_tracking":false,"_monsterinsights_sitenote_active":false,"_monsterinsights_sitenote_note":"","_monsterinsights_sitenote_category":0},"product_brand":[],"product_cat":[12913,12274],"product_tag":[],"class_list":{"0":"post-704245","1":"product","2":"type-product","3":"status-publish","5":"product_cat-3-6-yas-kitaplari","6":"product_cat-cocuk-ve-genclik-kitaplari","7":"pa_cilt-ciltsiz","8":"pa_tur-kitap","9":"pa_yayinevi-timas-cocuk","10":"pa_yazar-mustafa-orakci","12":"first","13":"instock","14":"sale","15":"shipping-taxable","16":"purchasable","17":"product-type-simple"},"_links":{"self":[{"href":"https:\/\/roveyayinevi.com.tr\/index.php\/wp-json\/wp\/v2\/product\/704245","targetHints":{"allow":["GET"]}}],"collection":[{"href":"https:\/\/roveyayinevi.com.tr\/index.php\/wp-json\/wp\/v2\/product"}],"about":[{"href":"https:\/\/roveyayinevi.com.tr\/index.php\/wp-json\/wp\/v2\/types\/product"}],"wp:attachment":[{"href":"https:\/\/roveyayinevi.com.tr\/index.php\/wp-json\/wp\/v2\/media?parent=704245"}],"wp:term":[{"taxonomy":"product_brand","embeddable":true,"href":"https:\/\/roveyayinevi.com.tr\/index.php\/wp-json\/wp\/v2\/product_brand?post=704245"},{"taxonomy":"product_cat","embeddable":true,"href":"https:\/\/roveyayinevi.com.tr\/index.php\/wp-json\/wp\/v2\/product_cat?post=704245"},{"taxonomy":"product_tag","embeddable":true,"href":"https:\/\/roveyayinevi.com.tr\/index.php\/wp-json\/wp\/v2\/product_tag?post=704245"}],"curies":[{"name":"wp","href":"https:\/\/api.w.org\/{rel}","templated":true}]}}