{"id":704243,"date":"2025-08-27T15:33:42","date_gmt":"2025-08-27T12:33:42","guid":{"rendered":"https:\/\/roveyayinevi.com.tr\/index.php\/urun\/biraz-geometri-biraz-olculer\/"},"modified":"2026-04-16T02:13:22","modified_gmt":"2026-04-15T23:13:22","slug":"biraz-geometri-biraz-olculer","status":"publish","type":"product","link":"https:\/\/roveyayinevi.com.tr\/index.php\/urun\/biraz-geometri-biraz-olculer\/","title":{"rendered":"Biraz Geometri Biraz \u00d6l\u00e7\u00fcler"},"content":{"rendered":"<p>Duydu\u011fumuza g\u00f6re baz\u0131 \u00f6\u011frenciler, \u00e7evrelerindeki nesneleri \u015fekillerine bakarak ay\u0131rt ederken asl\u0131nda geometriyi kulland\u0131klar\u0131n\u0131n fark\u0131nda de\u011fillermi\u015f. E\u011fer sen de bu \u00f6\u011frencilerden biriysen, bu kitap senin daha fazla \u015feyin fark\u0131na varman\u0131 sa\u011flayacak! <\/p>\n","protected":false},"excerpt":{"rendered":"<p>Duydu\u011fumuza g\u00f6re baz\u0131 \u00f6\u011frenciler, \u00e7evrelerindeki nesneleri \u015fekillerine bakarak ay\u0131rt ederken asl\u0131nda geometriyi kulland\u0131klar\u0131n\u0131n fark\u0131nda de\u011fillermi\u015f. E\u011fer sen de bu \u00f6\u011frencilerden biriysen, bu kitap senin daha fazla<span class=\"excerpt-hellip\"> [\u2026]<\/span><\/p>\n","protected":false},"featured_media":0,"template":"","meta":{"_monsterinsights_skip_tracking":false,"_monsterinsights_sitenote_active":false,"_monsterinsights_sitenote_note":"","_monsterinsights_sitenote_category":0},"product_brand":[],"product_cat":[13829,12274],"product_tag":[],"class_list":{"0":"post-704243","1":"product","2":"type-product","3":"status-publish","5":"product_cat-bilimsel-kitaplar","6":"product_cat-cocuk-ve-genclik-kitaplari","7":"pa_tur-kitap","8":"pa_yayinevi-timas-cocuk","9":"pa_yazar-sibel-celik","11":"first","12":"instock","13":"sale","14":"shipping-taxable","15":"purchasable","16":"product-type-simple"},"_links":{"self":[{"href":"https:\/\/roveyayinevi.com.tr\/index.php\/wp-json\/wp\/v2\/product\/704243","targetHints":{"allow":["GET"]}}],"collection":[{"href":"https:\/\/roveyayinevi.com.tr\/index.php\/wp-json\/wp\/v2\/product"}],"about":[{"href":"https:\/\/roveyayinevi.com.tr\/index.php\/wp-json\/wp\/v2\/types\/product"}],"wp:attachment":[{"href":"https:\/\/roveyayinevi.com.tr\/index.php\/wp-json\/wp\/v2\/media?parent=704243"}],"wp:term":[{"taxonomy":"product_brand","embeddable":true,"href":"https:\/\/roveyayinevi.com.tr\/index.php\/wp-json\/wp\/v2\/product_brand?post=704243"},{"taxonomy":"product_cat","embeddable":true,"href":"https:\/\/roveyayinevi.com.tr\/index.php\/wp-json\/wp\/v2\/product_cat?post=704243"},{"taxonomy":"product_tag","embeddable":true,"href":"https:\/\/roveyayinevi.com.tr\/index.php\/wp-json\/wp\/v2\/product_tag?post=704243"}],"curies":[{"name":"wp","href":"https:\/\/api.w.org\/{rel}","templated":true}]}}