{"id":704240,"date":"2025-08-27T15:33:40","date_gmt":"2025-08-27T12:33:40","guid":{"rendered":"https:\/\/roveyayinevi.com.tr\/index.php\/urun\/yakici-sir\/"},"modified":"2026-04-16T02:13:22","modified_gmt":"2026-04-15T23:13:22","slug":"yakici-sir","status":"publish","type":"product","link":"https:\/\/roveyayinevi.com.tr\/index.php\/urun\/yakici-sir\/","title":{"rendered":"Yak\u0131c\u0131 S\u0131r"},"content":{"rendered":"<p>K\u0131sa bir tatil i\u00e7in Avusturya Alplerine giden bir baron, zaman\u0131n\u0131 zarars\u0131z bir fl\u00f6rtle renklendirmenin yollar\u0131n\u0131 aramaktad\u0131r. Kendine fazlas\u0131yla g\u00fcvenen ve g\u00f6n\u00fcl maceralar\u0131na her zaman a\u00e7\u0131k olan bu m\u00fczmin kad\u0131n avc\u0131s\u0131, k\u0131sa s\u00fcrede kendisine bir av bulmakta hi\u00e7 zorlanmayacakt\u0131r. Tan\u0131\u015f\u0131p yak\u0131nla\u015fmak istedi\u011fi kad\u0131n\u0131n on iki ya\u015f\u0131ndaki o\u011fluyla ahbapl\u0131k kurarak i\u015fe koyulur. Yak\u0131c\u0131 S\u0131r annesini elde etmek isteyen bu narsist \u00e7apk\u0131n taraf\u0131ndan kullan\u0131lan bir \u00e7ocu\u011fun hikayesidir asl\u0131nda. Ne var ki, yeti\u015fkin d\u00fcnyas\u0131 bazen masum \u00e7ocuklara b\u00fcy\u00fcklere g\u00f6r\u00fcnd\u00fc\u011f\u00fcnden \u00e7ok daha berrak g\u00f6r\u00fcnmektedir\u2026 <\/p>\n","protected":false},"excerpt":{"rendered":"<p>K\u0131sa bir tatil i\u00e7in Avusturya Alplerine giden bir baron, zaman\u0131n\u0131 zarars\u0131z bir fl\u00f6rtle renklendirmenin yollar\u0131n\u0131 aramaktad\u0131r. Kendine fazlas\u0131yla g\u00fcvenen ve g\u00f6n\u00fcl maceralar\u0131na her zaman a\u00e7\u0131k olan<span class=\"excerpt-hellip\"> [\u2026]<\/span><\/p>\n","protected":false},"featured_media":0,"template":"","meta":{"_monsterinsights_skip_tracking":false,"_monsterinsights_sitenote_active":false,"_monsterinsights_sitenote_note":"","_monsterinsights_sitenote_category":0},"product_brand":[],"product_cat":[13835],"product_tag":[],"class_list":{"0":"post-704240","1":"product","2":"type-product","3":"status-publish","5":"product_cat-cok-satanlar","6":"pa_cilt-ciltsiz","7":"pa_tur-kitap","8":"pa_yayinevi-is-bankasi-kultur-yayinlari","9":"pa_yazar-stefan-zweig","11":"first","12":"instock","13":"sale","14":"shipping-taxable","15":"purchasable","16":"product-type-simple"},"_links":{"self":[{"href":"https:\/\/roveyayinevi.com.tr\/index.php\/wp-json\/wp\/v2\/product\/704240","targetHints":{"allow":["GET"]}}],"collection":[{"href":"https:\/\/roveyayinevi.com.tr\/index.php\/wp-json\/wp\/v2\/product"}],"about":[{"href":"https:\/\/roveyayinevi.com.tr\/index.php\/wp-json\/wp\/v2\/types\/product"}],"wp:attachment":[{"href":"https:\/\/roveyayinevi.com.tr\/index.php\/wp-json\/wp\/v2\/media?parent=704240"}],"wp:term":[{"taxonomy":"product_brand","embeddable":true,"href":"https:\/\/roveyayinevi.com.tr\/index.php\/wp-json\/wp\/v2\/product_brand?post=704240"},{"taxonomy":"product_cat","embeddable":true,"href":"https:\/\/roveyayinevi.com.tr\/index.php\/wp-json\/wp\/v2\/product_cat?post=704240"},{"taxonomy":"product_tag","embeddable":true,"href":"https:\/\/roveyayinevi.com.tr\/index.php\/wp-json\/wp\/v2\/product_tag?post=704240"}],"curies":[{"name":"wp","href":"https:\/\/api.w.org\/{rel}","templated":true}]}}