{"id":704239,"date":"2025-08-27T15:33:40","date_gmt":"2025-08-27T12:33:40","guid":{"rendered":"https:\/\/roveyayinevi.com.tr\/index.php\/urun\/anabasis-on-binlerin-donusu\/"},"modified":"2026-04-16T02:13:22","modified_gmt":"2026-04-15T23:13:22","slug":"anabasis-on-binlerin-donusu","status":"publish","type":"product","link":"https:\/\/roveyayinevi.com.tr\/index.php\/urun\/anabasis-on-binlerin-donusu\/","title":{"rendered":"Anabasis &#8211; On Binler&#8217;in D\u00f6n\u00fc\u015f\u00fc"},"content":{"rendered":"<p>Ksenophon (M\u00d6 yakla\u015f\u0131k 432 &#8211; M\u00d6 355): Atinal\u0131 yazar, tarih\u00e7i, komutan. Peloponnesos Sava\u015f\u0131\u2019nda kentinin yenilgisini demokrasiden kaynaklanan disiplin eksikli\u011fine ba\u011flayarak demokratik y\u00f6netime kar\u015f\u0131 tav\u0131r ald\u0131. M\u00d6 394\u2019teki Koroneia Sava\u015f\u0131\u2019nda Sparta saflar\u0131nda Atinal\u0131lara kar\u015f\u0131 sava\u015ft\u0131. Bunun u\u0308zerine ihanetle su\u00e7lanarak su\u0308rgu\u0308n edildi ve bu\u0308tu\u0308n mal varl\u0131\u011f\u0131na el kondu. Sokrates\u2019in \u00f6\u011frencisi olan Ksenophon ilk eserini haks\u0131z \u00f6lu\u0308mu\u0308 u\u0308zerine hocas\u0131n\u0131 savunmak i\u00e7in yazm\u0131\u015ft\u0131r. Devlet adaml\u0131\u011f\u0131 konusundaki Kyros\u2019un E\u011fitimi ve Tiranl\u0131k Hakk\u0131nda, Spartal\u0131lara ili\u015fkin Hellenika ve Lakedaimonlar\u0131n Devleti, ev idaresine dair \u0130ktisat \u00dczerine yazar\u0131n ba\u015fl\u0131ca kitaplar\u0131 aras\u0131nda yer al\u0131r. En tan\u0131nm\u0131\u015f eseri Anabasis &#8211; On Binler\u2019in D\u00f6nu\u0308\u015fu\u0308, Pers prensi Kyros\u2019un iktidar\u0131 ele ge\u00e7irmek i\u00e7in a\u011fabeyi 2. Artakserkes\u2019e kar\u015f\u0131 a\u00e7t\u0131\u011f\u0131 sefere kat\u0131lan Yunanl\u0131 askerlerin sava\u015f ve yurda d\u00f6nu\u0308\u015f maceras\u0131n\u0131 anlat\u0131r. Ksenophon\u2019un an\u0131 ve deneyimlerini aktard\u0131\u011f\u0131 Anabasis, \u00e7o\u011fu Anadolu\u2019da ge\u00e7en bu\u0308yu\u0308k bir askeri seferin gu\u0308ncesidir. <\/p>\n","protected":false},"excerpt":{"rendered":"<p>Ksenophon (M\u00d6 yakla\u015f\u0131k 432 &#8211; M\u00d6 355): Atinal\u0131 yazar, tarih\u00e7i, komutan. Peloponnesos Sava\u015f\u0131\u2019nda kentinin yenilgisini demokrasiden kaynaklanan disiplin eksikli\u011fine ba\u011flayarak demokratik y\u00f6netime kar\u015f\u0131 tav\u0131r ald\u0131. M\u00d6<span class=\"excerpt-hellip\"> [\u2026]<\/span><\/p>\n","protected":false},"featured_media":0,"template":"","meta":{"_monsterinsights_skip_tracking":false,"_monsterinsights_sitenote_active":false,"_monsterinsights_sitenote_note":"","_monsterinsights_sitenote_category":0},"product_brand":[],"product_cat":[12291,12745],"product_tag":[],"class_list":{"0":"post-704239","1":"product","2":"type-product","3":"status-publish","5":"product_cat-edebiyat","6":"product_cat-tarihi-roman","7":"pa_cilt-ciltsiz","8":"pa_tur-kitap","9":"pa_yayinevi-is-bankasi-kultur-yayinlari","10":"pa_yazar-ksenophon","12":"first","13":"instock","14":"sale","15":"shipping-taxable","16":"purchasable","17":"product-type-simple"},"_links":{"self":[{"href":"https:\/\/roveyayinevi.com.tr\/index.php\/wp-json\/wp\/v2\/product\/704239","targetHints":{"allow":["GET"]}}],"collection":[{"href":"https:\/\/roveyayinevi.com.tr\/index.php\/wp-json\/wp\/v2\/product"}],"about":[{"href":"https:\/\/roveyayinevi.com.tr\/index.php\/wp-json\/wp\/v2\/types\/product"}],"wp:attachment":[{"href":"https:\/\/roveyayinevi.com.tr\/index.php\/wp-json\/wp\/v2\/media?parent=704239"}],"wp:term":[{"taxonomy":"product_brand","embeddable":true,"href":"https:\/\/roveyayinevi.com.tr\/index.php\/wp-json\/wp\/v2\/product_brand?post=704239"},{"taxonomy":"product_cat","embeddable":true,"href":"https:\/\/roveyayinevi.com.tr\/index.php\/wp-json\/wp\/v2\/product_cat?post=704239"},{"taxonomy":"product_tag","embeddable":true,"href":"https:\/\/roveyayinevi.com.tr\/index.php\/wp-json\/wp\/v2\/product_tag?post=704239"}],"curies":[{"name":"wp","href":"https:\/\/api.w.org\/{rel}","templated":true}]}}