{"id":704238,"date":"2025-08-27T15:33:39","date_gmt":"2025-08-27T12:33:39","guid":{"rendered":"https:\/\/roveyayinevi.com.tr\/index.php\/urun\/hareketli-yilbasi\/"},"modified":"2026-04-16T02:13:22","modified_gmt":"2026-04-15T23:13:22","slug":"hareketli-yilbasi","status":"publish","type":"product","link":"https:\/\/roveyayinevi.com.tr\/index.php\/urun\/hareketli-yilbasi\/","title":{"rendered":"Hareketli Y\u0131lba\u015f\u0131"},"content":{"rendered":"<p>Y\u0131lba\u015f\u0131 gecesi yakla\u015f\u0131yor.Noel Baba ile yard\u0131mc\u0131lar\u0131n\u0131n \u00e7ok \u00e7al\u0131\u015fmas\u0131 gerekiyor. \u00c7ocu\u011funuz parmaklar\u0131yla karakterleri hareket ettirip, \u00f6yk\u00fcye kat\u0131labilir. Hareketli Kitaplar \u00e7ocuklar\u0131n boyut alg\u0131lar\u0131n\u0131, el g\u00f6z koordinasyonlar\u0131n\u0131 ve \u00e7evreyle ba\u011flant\u0131 kurma yeteneklerini geli\u015ftirmek amac\u0131yla haz\u0131rlanm\u0131\u015ft\u0131r. \u00c7ocu\u011funuzun elinden d\u00fc\u015f\u00fcrmeyece\u011fi Hareketli Kitaplar hem \u00e7ok e\u011flenceli, hem de \u00e7ok dayan\u0131kl\u0131! <\/p>\n","protected":false},"excerpt":{"rendered":"<p>Y\u0131lba\u015f\u0131 gecesi yakla\u015f\u0131yor.Noel Baba ile yard\u0131mc\u0131lar\u0131n\u0131n \u00e7ok \u00e7al\u0131\u015fmas\u0131 gerekiyor. \u00c7ocu\u011funuz parmaklar\u0131yla karakterleri hareket ettirip, \u00f6yk\u00fcye kat\u0131labilir. Hareketli Kitaplar \u00e7ocuklar\u0131n boyut alg\u0131lar\u0131n\u0131, el g\u00f6z koordinasyonlar\u0131n\u0131 ve \u00e7evreyle<span class=\"excerpt-hellip\"> [\u2026]<\/span><\/p>\n","protected":false},"featured_media":0,"template":"","meta":{"_monsterinsights_skip_tracking":false,"_monsterinsights_sitenote_active":false,"_monsterinsights_sitenote_note":"","_monsterinsights_sitenote_category":0},"product_brand":[],"product_cat":[15192,12274],"product_tag":[],"class_list":{"0":"post-704238","1":"product","2":"type-product","3":"status-publish","5":"product_cat-1-3-yas-kitaplari","6":"product_cat-cocuk-ve-genclik-kitaplari","7":"pa_cilt-ciltli","8":"pa_tur-kitap","9":"pa_yayinevi-is-bankasi-kultur-yayinlari","10":"pa_yazar-kolektif","12":"first","13":"instock","14":"sale","15":"shipping-taxable","16":"purchasable","17":"product-type-simple"},"_links":{"self":[{"href":"https:\/\/roveyayinevi.com.tr\/index.php\/wp-json\/wp\/v2\/product\/704238","targetHints":{"allow":["GET"]}}],"collection":[{"href":"https:\/\/roveyayinevi.com.tr\/index.php\/wp-json\/wp\/v2\/product"}],"about":[{"href":"https:\/\/roveyayinevi.com.tr\/index.php\/wp-json\/wp\/v2\/types\/product"}],"wp:attachment":[{"href":"https:\/\/roveyayinevi.com.tr\/index.php\/wp-json\/wp\/v2\/media?parent=704238"}],"wp:term":[{"taxonomy":"product_brand","embeddable":true,"href":"https:\/\/roveyayinevi.com.tr\/index.php\/wp-json\/wp\/v2\/product_brand?post=704238"},{"taxonomy":"product_cat","embeddable":true,"href":"https:\/\/roveyayinevi.com.tr\/index.php\/wp-json\/wp\/v2\/product_cat?post=704238"},{"taxonomy":"product_tag","embeddable":true,"href":"https:\/\/roveyayinevi.com.tr\/index.php\/wp-json\/wp\/v2\/product_tag?post=704238"}],"curies":[{"name":"wp","href":"https:\/\/api.w.org\/{rel}","templated":true}]}}