{"id":704237,"date":"2025-08-27T15:33:38","date_gmt":"2025-08-27T12:33:38","guid":{"rendered":"https:\/\/roveyayinevi.com.tr\/index.php\/urun\/gezgin-3\/"},"modified":"2026-04-16T02:13:22","modified_gmt":"2026-04-15T23:13:22","slug":"gezgin-3","status":"publish","type":"product","link":"https:\/\/roveyayinevi.com.tr\/index.php\/urun\/gezgin-3\/","title":{"rendered":"Gezgin"},"content":{"rendered":"<p>Cibran \u00f6l\u00fcm\u00fcnden sonra yay\u0131mlanan Gezgin\u2019de insana \u00f6zg\u00fc duygular\u0131, yan\u0131lg\u0131lar\u0131 ve duraksamalar\u0131 \u00e7\u00f6z\u00fcmlerken, t\u0131pk\u0131 bir yol kav\u015fa\u011f\u0131ndaki tesad\u00fcfi kar\u015f\u0131la\u015fmalar gibi, her g\u00fcn ya\u015fad\u0131\u011f\u0131m\u0131z s\u0131radan olaylardan yola \u00e7\u0131kar. Hayat\u0131n d\u00fcnyevi yanlar\u0131ndan y\u00fczy\u0131llar\u0131n bilgeli\u011fini dam\u0131t\u0131r. Sevgi, dostluk, ahlak, mutluluk, h\u00fcz\u00fcn, g\u00fczellik, haz, emek, din, \u00f6l\u00fcm ve di\u011fer temel meseleler \u00fczerine kafa yoran b\u00fct\u00fcn insanlar\u0131n ortak zenginli\u011fi olan ezeli ve ebedi bir bilgeliktir bu. Ancak Cibran\u2019\u0131n mutlu, do\u011fru ve tatminli bir ya\u015fam s\u00fcrmek i\u00e7in herhangi bir re\u00e7etesi ya da form\u00fcl\u00fc yoktur. Ona g\u00f6re bunun yolu insan\u0131n kendini aray\u0131\u015f\u0131ndan ge\u00e7er.<\/p>\n","protected":false},"excerpt":{"rendered":"<p>Cibran \u00f6l\u00fcm\u00fcnden sonra yay\u0131mlanan Gezgin\u2019de insana \u00f6zg\u00fc duygular\u0131, yan\u0131lg\u0131lar\u0131 ve duraksamalar\u0131 \u00e7\u00f6z\u00fcmlerken, t\u0131pk\u0131 bir yol kav\u015fa\u011f\u0131ndaki tesad\u00fcfi kar\u015f\u0131la\u015fmalar gibi, her g\u00fcn ya\u015fad\u0131\u011f\u0131m\u0131z s\u0131radan olaylardan yola \u00e7\u0131kar.<span class=\"excerpt-hellip\"> [\u2026]<\/span><\/p>\n","protected":false},"featured_media":0,"template":"","meta":{"_monsterinsights_skip_tracking":false,"_monsterinsights_sitenote_active":false,"_monsterinsights_sitenote_note":"","_monsterinsights_sitenote_category":0},"product_brand":[],"product_cat":[12312,12304],"product_tag":[],"class_list":{"0":"post-704237","1":"product","2":"type-product","3":"status-publish","5":"product_cat-diger","6":"product_cat-tarih","7":"pa_cilt-ciltsiz","8":"pa_tur-kitap","9":"pa_yayinevi-is-bankasi-kultur-yayinlari","10":"pa_yazar-halil-cibran","12":"first","13":"instock","14":"sale","15":"shipping-taxable","16":"purchasable","17":"product-type-simple"},"_links":{"self":[{"href":"https:\/\/roveyayinevi.com.tr\/index.php\/wp-json\/wp\/v2\/product\/704237","targetHints":{"allow":["GET"]}}],"collection":[{"href":"https:\/\/roveyayinevi.com.tr\/index.php\/wp-json\/wp\/v2\/product"}],"about":[{"href":"https:\/\/roveyayinevi.com.tr\/index.php\/wp-json\/wp\/v2\/types\/product"}],"wp:attachment":[{"href":"https:\/\/roveyayinevi.com.tr\/index.php\/wp-json\/wp\/v2\/media?parent=704237"}],"wp:term":[{"taxonomy":"product_brand","embeddable":true,"href":"https:\/\/roveyayinevi.com.tr\/index.php\/wp-json\/wp\/v2\/product_brand?post=704237"},{"taxonomy":"product_cat","embeddable":true,"href":"https:\/\/roveyayinevi.com.tr\/index.php\/wp-json\/wp\/v2\/product_cat?post=704237"},{"taxonomy":"product_tag","embeddable":true,"href":"https:\/\/roveyayinevi.com.tr\/index.php\/wp-json\/wp\/v2\/product_tag?post=704237"}],"curies":[{"name":"wp","href":"https:\/\/api.w.org\/{rel}","templated":true}]}}