{"id":704236,"date":"2025-08-27T15:33:30","date_gmt":"2025-08-27T12:33:30","guid":{"rendered":"https:\/\/roveyayinevi.com.tr\/index.php\/urun\/kendime-iyi-geceler\/"},"modified":"2026-04-16T02:13:22","modified_gmt":"2026-04-15T23:13:22","slug":"kendime-iyi-geceler","status":"publish","type":"product","link":"https:\/\/roveyayinevi.com.tr\/index.php\/urun\/kendime-iyi-geceler\/","title":{"rendered":"Kendime \u0130yi Geceler"},"content":{"rendered":"<p>Yoklu\u011fun varl\u0131k halleri, varl\u0131\u011f\u0131n hi\u00e7 olmayacak y\u00fczleri. Bir \u00f6l\u00fcm nas\u0131l kurtar\u0131l\u0131r, yaz\u0131lanlar biraz da onun hikayesi. Bir insan hayat\u0131na son verirken, b\u0131\u00e7a\u011f\u0131 tutan el kimindir? Yaln\u0131zl\u0131k \u00f6tekilerin yoklu\u011fuyla m\u0131 ilgilidir yoksa varl\u0131\u011f\u0131yla m\u0131? S\u00f6zgelimi, insan bir bardak su i\u00e7erken yaln\u0131z m\u0131d\u0131r? Sen uyurken d\u00fcnya neresidir, evin kap\u0131s\u0131 hangi y\u00f6ndedir, kitaplar yerli yerinde midir, duvardaki resim hangi renktedir, \u0131\u015f\u0131klar var m\u0131d\u0131r yok mudur, kelimeleri kim s\u00f6yler, masalara kim masa der, bilemezsin, kim bilir&#8230; \ufffcTan\u0131t\u0131m Metni<\/p>\n","protected":false},"excerpt":{"rendered":"<p>Yoklu\u011fun varl\u0131k halleri, varl\u0131\u011f\u0131n hi\u00e7 olmayacak y\u00fczleri. Bir \u00f6l\u00fcm nas\u0131l kurtar\u0131l\u0131r, yaz\u0131lanlar biraz da onun hikayesi. Bir insan hayat\u0131na son verirken, b\u0131\u00e7a\u011f\u0131 tutan el kimindir? Yaln\u0131zl\u0131k<span class=\"excerpt-hellip\"> [\u2026]<\/span><\/p>\n","protected":false},"featured_media":0,"template":"","meta":{"_monsterinsights_skip_tracking":false,"_monsterinsights_sitenote_active":false,"_monsterinsights_sitenote_note":"","_monsterinsights_sitenote_category":0},"product_brand":[],"product_cat":[12291,12711],"product_tag":[],"class_list":{"0":"post-704236","1":"product","2":"type-product","3":"status-publish","5":"product_cat-edebiyat","6":"product_cat-roman-oyku","7":"pa_cilt-ciltsiz","8":"pa_tur-kitap","9":"pa_yayinevi-dogu-bati-yayinlari","10":"pa_yazar-ozcan-dogan","12":"first","13":"instock","14":"sale","15":"shipping-taxable","16":"purchasable","17":"product-type-simple"},"_links":{"self":[{"href":"https:\/\/roveyayinevi.com.tr\/index.php\/wp-json\/wp\/v2\/product\/704236","targetHints":{"allow":["GET"]}}],"collection":[{"href":"https:\/\/roveyayinevi.com.tr\/index.php\/wp-json\/wp\/v2\/product"}],"about":[{"href":"https:\/\/roveyayinevi.com.tr\/index.php\/wp-json\/wp\/v2\/types\/product"}],"wp:attachment":[{"href":"https:\/\/roveyayinevi.com.tr\/index.php\/wp-json\/wp\/v2\/media?parent=704236"}],"wp:term":[{"taxonomy":"product_brand","embeddable":true,"href":"https:\/\/roveyayinevi.com.tr\/index.php\/wp-json\/wp\/v2\/product_brand?post=704236"},{"taxonomy":"product_cat","embeddable":true,"href":"https:\/\/roveyayinevi.com.tr\/index.php\/wp-json\/wp\/v2\/product_cat?post=704236"},{"taxonomy":"product_tag","embeddable":true,"href":"https:\/\/roveyayinevi.com.tr\/index.php\/wp-json\/wp\/v2\/product_tag?post=704236"}],"curies":[{"name":"wp","href":"https:\/\/api.w.org\/{rel}","templated":true}]}}