{"id":704233,"date":"2025-08-27T15:33:28","date_gmt":"2025-08-27T12:33:28","guid":{"rendered":"https:\/\/roveyayinevi.com.tr\/index.php\/urun\/koca-yusufla-bir-gun\/"},"modified":"2026-04-16T02:13:22","modified_gmt":"2026-04-15T23:13:22","slug":"koca-yusufla-bir-gun","status":"publish","type":"product","link":"https:\/\/roveyayinevi.com.tr\/index.php\/urun\/koca-yusufla-bir-gun\/","title":{"rendered":"Koca Yusuf\u2019la Bir G\u00fcn"},"content":{"rendered":"<p>Sevgili ebeveynler, \u00e7ocuklar\u0131n\u0131z\u0131n hem tarihini \u00f6\u011frenip, hem de bunu \u00f6\u011frenirken ho\u015f\u00e7a vakit ge\u00e7irmesini mi istiyorsunuz? \u00c7ocu\u011funuz \u201c\u00dcnl\u00fclerle Bir G\u00fcn\u201d dizisinin \u201cKoca Yusuf\u2019la Bir G\u00fcn\u201d isimli bu kitab\u0131yla, d\u00fcnyaya nam salm\u0131\u015f milli g\u00fcre\u015f\u00e7imiz Koca Yusuf\u2019un hayat\u0131n\u0131 okurken, hedeflerine ula\u015fmada sab\u0131r ve kararl\u0131l\u0131\u011f\u0131n \u00f6nemini anlar, ama\u00e7lar\u0131na ula\u015fabilmek i\u00e7in ki\u015fisel olarak \u00e7aba harcamas\u0131 gerekti\u011fini kabul eder, bir i\u015f yaparken s\u0131k\u0131nt\u0131 ve zorluklara g\u00f6\u011f\u00fcs germek gerekti\u011fini kavrar ve farkl\u0131 spor dallar\u0131na kar\u015f\u0131 da ilgi duyar. \ufffc<\/p>\n","protected":false},"excerpt":{"rendered":"<p>Sevgili ebeveynler, \u00e7ocuklar\u0131n\u0131z\u0131n hem tarihini \u00f6\u011frenip, hem de bunu \u00f6\u011frenirken ho\u015f\u00e7a vakit ge\u00e7irmesini mi istiyorsunuz? \u00c7ocu\u011funuz \u201c\u00dcnl\u00fclerle Bir G\u00fcn\u201d dizisinin \u201cKoca Yusuf\u2019la Bir G\u00fcn\u201d isimli bu<span class=\"excerpt-hellip\"> [\u2026]<\/span><\/p>\n","protected":false},"featured_media":0,"template":"","meta":{"_monsterinsights_skip_tracking":false,"_monsterinsights_sitenote_active":false,"_monsterinsights_sitenote_note":"","_monsterinsights_sitenote_category":0},"product_brand":[],"product_cat":[12913,12274],"product_tag":[],"class_list":{"0":"post-704233","1":"product","2":"type-product","3":"status-publish","5":"product_cat-3-6-yas-kitaplari","6":"product_cat-cocuk-ve-genclik-kitaplari","7":"pa_cilt-ciltsiz","8":"pa_tur-kitap","9":"pa_yayinevi-timas-cocuk","10":"pa_yazar-mustafa-orakci","12":"first","13":"instock","14":"sale","15":"shipping-taxable","16":"purchasable","17":"product-type-simple"},"_links":{"self":[{"href":"https:\/\/roveyayinevi.com.tr\/index.php\/wp-json\/wp\/v2\/product\/704233","targetHints":{"allow":["GET"]}}],"collection":[{"href":"https:\/\/roveyayinevi.com.tr\/index.php\/wp-json\/wp\/v2\/product"}],"about":[{"href":"https:\/\/roveyayinevi.com.tr\/index.php\/wp-json\/wp\/v2\/types\/product"}],"wp:attachment":[{"href":"https:\/\/roveyayinevi.com.tr\/index.php\/wp-json\/wp\/v2\/media?parent=704233"}],"wp:term":[{"taxonomy":"product_brand","embeddable":true,"href":"https:\/\/roveyayinevi.com.tr\/index.php\/wp-json\/wp\/v2\/product_brand?post=704233"},{"taxonomy":"product_cat","embeddable":true,"href":"https:\/\/roveyayinevi.com.tr\/index.php\/wp-json\/wp\/v2\/product_cat?post=704233"},{"taxonomy":"product_tag","embeddable":true,"href":"https:\/\/roveyayinevi.com.tr\/index.php\/wp-json\/wp\/v2\/product_tag?post=704233"}],"curies":[{"name":"wp","href":"https:\/\/api.w.org\/{rel}","templated":true}]}}